{"id":17882,"date":"2024-10-06T18:30:04","date_gmt":"2024-10-06T16:30:04","guid":{"rendered":"https:\/\/9play.de\/shop\/produkt\/disney-minnie-mouse-trinkflasche-mit-tragegurt\/"},"modified":"2024-10-06T18:30:15","modified_gmt":"2024-10-06T16:30:15","slug":"disney-minnie-mouse-trinkflasche-mit-tragegurt","status":"publish","type":"product","link":"https:\/\/9play.de\/shop\/produkt\/disney-minnie-mouse-trinkflasche-mit-tragegurt\/","title":{"rendered":"Disney Minnie Mouse Trinkflasche mit Tragegurt"},"content":{"rendered":"<p>Die Kinder Trinkflasche mit einem Tragegurt und einem Fassungsverm\u00f6gen von 500ml ist perfekt f\u00fcr unterwegs und sorgt daf\u00fcr, dass Kinder immer genug zu trinken haben.<br \/>Mit dem niedlichen Minnie Mouse Motiv ist die Flasche auch optisch ein Highlight.<br \/>Der Tragegurt erm\u00f6glicht es Kindern, die Flasche einfach und bequem mit sich zu tragen.<br \/>Die Trinkflasche ist aus hochwertigem, bruchsicherem Material gefertigt und hat einen auslaufsicheren Verschluss, der verhindert, dass Fl\u00fcssigkeiten auslaufen und Kleidung oder Taschen nass werden.<br \/>Diese Kinder Trinkflasche ist die perfekte Wahl f\u00fcr Schule, Ausfl\u00fcge oder Sportaktivit\u00e4ten.<\/p>\n<p>Inhalt: 1x Flasche<br \/>Altersempfehlung: ab 3 Jahre<br \/>Gr\u00f6\u00dfe: ca. 500ml<br \/>Material: Kunststoff<\/p>\n<p>Achtung: Nicht f\u00fcr Kinder unter 36 Monaten geeignet wegen verschluckbarer Kleinteile, Erstickungsgefahr.<br \/>Achtung: Strangulationsgefahr durch lange Seile.<\/p>\n","protected":false},"excerpt":{"rendered":"<p>Diese Kinder Trinkflasche ist die perfekte Wahl f\u00fcr Schule, Ausfl\u00fcge oder Sportaktivit\u00e4ten.<\/p>\n","protected":false},"featured_media":17883,"comment_status":"closed","ping_status":"open","template":"","meta":[],"product_brand":[],"product_cat":[507],"product_tag":[],"class_list":{"0":"post-17882","1":"product","2":"type-product","3":"status-publish","4":"has-post-thumbnail","6":"product_cat-trinkflaschen","8":"first","9":"instock","10":"shipping-taxable","11":"purchasable","12":"product-type-simple"},"_links":{"self":[{"href":"https:\/\/9play.de\/shop\/wp-json\/wp\/v2\/product\/17882","targetHints":{"allow":["GET"]}}],"collection":[{"href":"https:\/\/9play.de\/shop\/wp-json\/wp\/v2\/product"}],"about":[{"href":"https:\/\/9play.de\/shop\/wp-json\/wp\/v2\/types\/product"}],"replies":[{"embeddable":true,"href":"https:\/\/9play.de\/shop\/wp-json\/wp\/v2\/comments?post=17882"}],"wp:featuredmedia":[{"embeddable":true,"href":"https:\/\/9play.de\/shop\/wp-json\/wp\/v2\/media\/17883"}],"wp:attachment":[{"href":"https:\/\/9play.de\/shop\/wp-json\/wp\/v2\/media?parent=17882"}],"wp:term":[{"taxonomy":"product_brand","embeddable":true,"href":"https:\/\/9play.de\/shop\/wp-json\/wp\/v2\/product_brand?post=17882"},{"taxonomy":"product_cat","embeddable":true,"href":"https:\/\/9play.de\/shop\/wp-json\/wp\/v2\/product_cat?post=17882"},{"taxonomy":"product_tag","embeddable":true,"href":"https:\/\/9play.de\/shop\/wp-json\/wp\/v2\/product_tag?post=17882"}],"curies":[{"name":"wp","href":"https:\/\/api.w.org\/{rel}","templated":true}]}}