{"id":17888,"date":"2024-10-06T18:30:04","date_gmt":"2024-10-06T16:30:04","guid":{"rendered":"https:\/\/9play.de\/shop\/produkt\/frozen-brotdose-mit-vier-faechern-anna-und-elsa\/"},"modified":"2024-10-06T18:30:18","modified_gmt":"2024-10-06T16:30:18","slug":"frozen-brotdose-mit-vier-faechern-anna-und-elsa","status":"publish","type":"product","link":"https:\/\/9play.de\/shop\/produkt\/frozen-brotdose-mit-vier-faechern-anna-und-elsa\/","title":{"rendered":"Frozen Brotdose mit vier F\u00e4chern Anna und Elsa"},"content":{"rendered":"<p>Die Kinder Brotdose mit Frozen-Motiv ist ein perfektes Accessoire f\u00fcr junge Fans des beliebten Films.<br \/>Die Brotdose verf\u00fcgt \u00fcber vier separate F\u00e4cher, die es erm\u00f6glichen, verschiedene Lebensmittel getrennt aufzubewahren und so ein gemischtes Mittagessen zu kreieren.<br \/>Auf dem Deckel der Brotdose ist ein buntes Bild von Elsa und Anna zu sehen, die von Blumen umgeben sind.<br \/>Diese Brotdose ist nicht nur praktisch, sondern auch sch\u00f6n anzusehen und wird jedes Kind begeistern, das gerne gesunde Snacks und Mittagessen mit zur Schule bringt.<\/p>\n<p>Inhalt: 1x Brotdose<br \/>Altersempfehlung: ab 3 Jahre<br \/>Gr\u00f6\u00dfe: ca. 14 x 14 x 8 cm<br \/>Material: Kunststoff<\/p>\n<p>Achtung: Nicht f\u00fcr Kinder unter 36 Monaten geeignet wegen verschluckbarer Kleinteile, Erstickungsgefahr.<\/p>\n","protected":false},"excerpt":{"rendered":"<p>Diese Brotdose ist nicht nur praktisch, sondern auch sch\u00f6n anzusehen und wird jedes Kind begeistern, das gerne gesunde Snacks und Mittagessen mit zur Schule bringt.<\/p>\n","protected":false},"featured_media":17889,"comment_status":"closed","ping_status":"open","template":"","meta":[],"product_brand":[],"product_cat":[463],"product_tag":[],"class_list":{"0":"post-17888","1":"product","2":"type-product","3":"status-publish","4":"has-post-thumbnail","6":"product_cat-brotdosen","8":"first","9":"instock","10":"shipping-taxable","11":"purchasable","12":"product-type-simple"},"_links":{"self":[{"href":"https:\/\/9play.de\/shop\/wp-json\/wp\/v2\/product\/17888","targetHints":{"allow":["GET"]}}],"collection":[{"href":"https:\/\/9play.de\/shop\/wp-json\/wp\/v2\/product"}],"about":[{"href":"https:\/\/9play.de\/shop\/wp-json\/wp\/v2\/types\/product"}],"replies":[{"embeddable":true,"href":"https:\/\/9play.de\/shop\/wp-json\/wp\/v2\/comments?post=17888"}],"wp:featuredmedia":[{"embeddable":true,"href":"https:\/\/9play.de\/shop\/wp-json\/wp\/v2\/media\/17889"}],"wp:attachment":[{"href":"https:\/\/9play.de\/shop\/wp-json\/wp\/v2\/media?parent=17888"}],"wp:term":[{"taxonomy":"product_brand","embeddable":true,"href":"https:\/\/9play.de\/shop\/wp-json\/wp\/v2\/product_brand?post=17888"},{"taxonomy":"product_cat","embeddable":true,"href":"https:\/\/9play.de\/shop\/wp-json\/wp\/v2\/product_cat?post=17888"},{"taxonomy":"product_tag","embeddable":true,"href":"https:\/\/9play.de\/shop\/wp-json\/wp\/v2\/product_tag?post=17888"}],"curies":[{"name":"wp","href":"https:\/\/api.w.org\/{rel}","templated":true}]}}