{"id":17914,"date":"2024-10-06T18:30:04","date_gmt":"2024-10-06T16:30:04","guid":{"rendered":"https:\/\/9play.de\/shop\/produkt\/spiderman-sonnenbrille\/"},"modified":"2024-10-06T18:30:32","modified_gmt":"2024-10-06T16:30:32","slug":"spiderman-sonnenbrille","status":"publish","type":"product","link":"https:\/\/9play.de\/shop\/produkt\/spiderman-sonnenbrille\/","title":{"rendered":"Spiderman Sonnenbrille"},"content":{"rendered":"<p>Die Kinder Spiderman Sonnenbrille ist ein tolles Accessoire f\u00fcr kleine Fans des ber\u00fchmten Superhelden. Die Brille verf\u00fcgt \u00fcber eine robuste, Kunststoff Fassung.<br \/>Das coole Spiderman-Design auf den B\u00fcgeln der Brille macht sie zu einem Hingucker und wird jedes Kind begeistern.<br \/>Die Sonnenbrille ist in verschiedenen Farben erh\u00e4ltlich, die per Zufall ausgew\u00e4hlt werden oder auf Wunsch des Kunden in den Bestellkommentaren angegeben werden k\u00f6nnen.<br \/>Mit der Kinder Spiderman Sonnenbrille sind die Kleinen bestens gegen die Sonne gesch\u00fctzt und k\u00f6nnen gleichzeitig ihren Lieblingshelden auf stylische Weise pr\u00e4sentieren.Lieblings-Comic-Held f\u00fchlt!<\/p>\n<p>Inhalt: 1x Sonnenbrille<br \/>Altersempfehlung: ab 3 Jahre<br \/>Gr\u00f6\u00dfe: ca. 18 X 8 X 3 cm<br \/>Material: Kunststoff<\/p>\n<p>Info: Artikel ist sortiert, die Auswahl erfolgt per Zufall. Oder Wunschfarbe bei der Bestellung im Kommentar erw\u00e4hnen.<\/p>\n<p>Achtung: Nicht f\u00fcr Kinder unter 36 Monaten geeignet wegen verschluckbarer Kleinteile, Erstickungsgefahr.<\/p>\n","protected":false},"excerpt":{"rendered":"<p>Das coole Spiderman-Design auf den B\u00fcgeln der Brille macht sie zu einem Hingucker und wird jedes Kind begeistern.<\/p>\n","protected":false},"featured_media":17915,"comment_status":"closed","ping_status":"open","template":"","meta":[],"product_brand":[],"product_cat":[511],"product_tag":[],"class_list":{"0":"post-17914","1":"product","2":"type-product","3":"status-publish","4":"has-post-thumbnail","6":"product_cat-brillen","8":"first","9":"instock","10":"shipping-taxable","11":"purchasable","12":"product-type-simple"},"_links":{"self":[{"href":"https:\/\/9play.de\/shop\/wp-json\/wp\/v2\/product\/17914","targetHints":{"allow":["GET"]}}],"collection":[{"href":"https:\/\/9play.de\/shop\/wp-json\/wp\/v2\/product"}],"about":[{"href":"https:\/\/9play.de\/shop\/wp-json\/wp\/v2\/types\/product"}],"replies":[{"embeddable":true,"href":"https:\/\/9play.de\/shop\/wp-json\/wp\/v2\/comments?post=17914"}],"wp:featuredmedia":[{"embeddable":true,"href":"https:\/\/9play.de\/shop\/wp-json\/wp\/v2\/media\/17915"}],"wp:attachment":[{"href":"https:\/\/9play.de\/shop\/wp-json\/wp\/v2\/media?parent=17914"}],"wp:term":[{"taxonomy":"product_brand","embeddable":true,"href":"https:\/\/9play.de\/shop\/wp-json\/wp\/v2\/product_brand?post=17914"},{"taxonomy":"product_cat","embeddable":true,"href":"https:\/\/9play.de\/shop\/wp-json\/wp\/v2\/product_cat?post=17914"},{"taxonomy":"product_tag","embeddable":true,"href":"https:\/\/9play.de\/shop\/wp-json\/wp\/v2\/product_tag?post=17914"}],"curies":[{"name":"wp","href":"https:\/\/api.w.org\/{rel}","templated":true}]}}