{"id":17917,"date":"2024-10-06T18:30:04","date_gmt":"2024-10-06T16:30:04","guid":{"rendered":"https:\/\/9play.de\/shop\/produkt\/spiderman-wasserfeste-tasche-rucksack\/"},"modified":"2024-10-06T18:30:34","modified_gmt":"2024-10-06T16:30:34","slug":"spiderman-wasserfeste-tasche-rucksack","status":"publish","type":"product","link":"https:\/\/9play.de\/shop\/produkt\/spiderman-wasserfeste-tasche-rucksack\/","title":{"rendered":"Spiderman Wasserfeste Tasche Rucksack"},"content":{"rendered":"<p>Diese Kinder Spiderman wasserfeste Tasche\/Rucksack ist perfekt f\u00fcr kleine Superhelden, die ihre Sachen sicher und trocken aufbewahren m\u00f6chten.<br \/>Die Tasche besteht aus hochwertigem, wasserabweisendem Material und hat eine robuste Konstruktion, die den Strapazen des t\u00e4glichen Gebrauchs standh\u00e4lt.<br \/>Dieser Rucksack bietet genug Platz f\u00fcr alle wichtigen Dinge, die Kinder auf ihren Abenteuern ben\u00f6tigen.<br \/>Der Spiderman-Druck auf der Vorderseite des Rucksacks verleiht ihm eine coole Optik und wird Kinder begeistern.<br \/>Ein verstellbarer Schultergurt und ein Tragegriff machen diesen Rucksack leicht zu transportieren und bequem zu tragen.<br \/>Dieser Rucksack ist ideal f\u00fcr den Einsatz im Freien, beim Wandern, auf Reisen oder einfach nur f\u00fcr den t\u00e4glichen Gebrauch in der Schule oder beim Sport.&nbsp;<\/p>\n<p>Inhalt: 1x Tasche<br \/>Altersempfehlung: ab 3 Jahre<br \/>Gr\u00f6\u00dfe: ca. 35 x 18 x 18 cm<br \/>Material: Polyester<\/p>\n<p>Achtung: Nicht f\u00fcr Kinder unter 36 Monaten geeignet wegen verschluckbarer Kleinteile, Erstickungsgefahr.<br \/>Achtung: Strangulationsgefahr durch lange Seile.<\/p>\n","protected":false},"excerpt":{"rendered":"<p>Dieser Rucksack ist ideal f\u00fcr den Einsatz im Freien, beim Wandern, auf Reisen oder einfach nur f\u00fcr den t\u00e4glichen Gebrauch in der Schule oder beim Sport.<\/p>\n","protected":false},"featured_media":17918,"comment_status":"closed","ping_status":"open","template":"","meta":[],"product_brand":[],"product_cat":[465],"product_tag":[],"class_list":{"0":"post-17917","1":"product","2":"type-product","3":"status-publish","4":"has-post-thumbnail","6":"product_cat-rucksaecke-taschen","8":"first","9":"instock","10":"shipping-taxable","11":"purchasable","12":"product-type-simple"},"_links":{"self":[{"href":"https:\/\/9play.de\/shop\/wp-json\/wp\/v2\/product\/17917","targetHints":{"allow":["GET"]}}],"collection":[{"href":"https:\/\/9play.de\/shop\/wp-json\/wp\/v2\/product"}],"about":[{"href":"https:\/\/9play.de\/shop\/wp-json\/wp\/v2\/types\/product"}],"replies":[{"embeddable":true,"href":"https:\/\/9play.de\/shop\/wp-json\/wp\/v2\/comments?post=17917"}],"wp:featuredmedia":[{"embeddable":true,"href":"https:\/\/9play.de\/shop\/wp-json\/wp\/v2\/media\/17918"}],"wp:attachment":[{"href":"https:\/\/9play.de\/shop\/wp-json\/wp\/v2\/media?parent=17917"}],"wp:term":[{"taxonomy":"product_brand","embeddable":true,"href":"https:\/\/9play.de\/shop\/wp-json\/wp\/v2\/product_brand?post=17917"},{"taxonomy":"product_cat","embeddable":true,"href":"https:\/\/9play.de\/shop\/wp-json\/wp\/v2\/product_cat?post=17917"},{"taxonomy":"product_tag","embeddable":true,"href":"https:\/\/9play.de\/shop\/wp-json\/wp\/v2\/product_tag?post=17917"}],"curies":[{"name":"wp","href":"https:\/\/api.w.org\/{rel}","templated":true}]}}