{"id":17919,"date":"2024-10-06T18:30:04","date_gmt":"2024-10-06T16:30:04","guid":{"rendered":"https:\/\/9play.de\/shop\/produkt\/einhorn-regenschirm-durchmesser-90cm\/"},"modified":"2024-10-06T18:30:35","modified_gmt":"2024-10-06T16:30:35","slug":"einhorn-regenschirm-durchmesser-90cm","status":"publish","type":"product","link":"https:\/\/9play.de\/shop\/produkt\/einhorn-regenschirm-durchmesser-90cm\/","title":{"rendered":"Einhorn Regenschirm Durchmesser 90cm"},"content":{"rendered":"<p>Der Kinder Regenschirm mit Einh\u00f6rnern hat eine Gr\u00f6\u00dfe von 90&nbsp;cm und ist ideal f\u00fcr kleine Kinderh\u00e4nde geeignet.<br \/>Das Design des Schirms ist sehr ansprechend mit einem bunten Einhorn-Print, der Kinderherzen h\u00f6her schlagen l\u00e4sst.<br \/>Der Schirm ist leicht und robust, so dass er den rauen Bedingungen des Wetters standh\u00e4lt.<br \/>Mit diesem Regenschirm k\u00f6nnen Kinder ihre Abenteuer auch bei Regen genie\u00dfen und dabei trocken bleiben.&nbsp;<\/p>\n<p>Inhalt: 1x Schirm&nbsp;(automatischen \u00d6ffnung)<br \/>Altersempfehlung: ab 3 Jahre<br \/>Gr\u00f6\u00dfe: ca. L. 72 cm; \u00d8 90 cm<br \/>Material: Polyester<\/p>\n<p>Achtung: Nicht f\u00fcr Kinder unter 36 Monaten geeignet wegen verschluckbarer Kleinteile, Erstickungsgefahr.<\/p>\n","protected":false},"excerpt":{"rendered":"<p>Mit diesem Regenschirm k\u00f6nnen Kinder ihre Abenteuer auch bei Regen genie\u00dfen und dabei trocken bleiben.<\/p>\n","protected":false},"featured_media":17920,"comment_status":"closed","ping_status":"open","template":"","meta":[],"product_brand":[],"product_cat":[464],"product_tag":[],"class_list":{"0":"post-17919","1":"product","2":"type-product","3":"status-publish","4":"has-post-thumbnail","6":"product_cat-regenschirme","8":"first","9":"instock","10":"shipping-taxable","11":"purchasable","12":"product-type-simple"},"_links":{"self":[{"href":"https:\/\/9play.de\/shop\/wp-json\/wp\/v2\/product\/17919","targetHints":{"allow":["GET"]}}],"collection":[{"href":"https:\/\/9play.de\/shop\/wp-json\/wp\/v2\/product"}],"about":[{"href":"https:\/\/9play.de\/shop\/wp-json\/wp\/v2\/types\/product"}],"replies":[{"embeddable":true,"href":"https:\/\/9play.de\/shop\/wp-json\/wp\/v2\/comments?post=17919"}],"wp:featuredmedia":[{"embeddable":true,"href":"https:\/\/9play.de\/shop\/wp-json\/wp\/v2\/media\/17920"}],"wp:attachment":[{"href":"https:\/\/9play.de\/shop\/wp-json\/wp\/v2\/media?parent=17919"}],"wp:term":[{"taxonomy":"product_brand","embeddable":true,"href":"https:\/\/9play.de\/shop\/wp-json\/wp\/v2\/product_brand?post=17919"},{"taxonomy":"product_cat","embeddable":true,"href":"https:\/\/9play.de\/shop\/wp-json\/wp\/v2\/product_cat?post=17919"},{"taxonomy":"product_tag","embeddable":true,"href":"https:\/\/9play.de\/shop\/wp-json\/wp\/v2\/product_tag?post=17919"}],"curies":[{"name":"wp","href":"https:\/\/api.w.org\/{rel}","templated":true}]}}