{"id":17928,"date":"2024-10-06T18:30:39","date_gmt":"2024-10-06T16:30:39","guid":{"rendered":"https:\/\/9play.de\/shop\/produkt\/einhorn-bluetooth-lautsprecher-einhornkopf\/"},"modified":"2024-10-06T18:30:40","modified_gmt":"2024-10-06T16:30:40","slug":"einhorn-bluetooth-lautsprecher-einhornkopf","status":"publish","type":"product","link":"https:\/\/9play.de\/shop\/produkt\/einhorn-bluetooth-lautsprecher-einhornkopf\/","title":{"rendered":"Einhorn Bluetooth Lautsprecher Einhornkopf"},"content":{"rendered":"<p>Der Kinder Bluetooth Lautsprecher in Form eines Einhorn Kopfes ist ein s\u00fc\u00dfes und farbenfrohes Ger\u00e4t, das speziell f\u00fcr Kinder entwickelt wurde.<br \/>Er verf\u00fcgt \u00fcber eine drahtlose Bluetooth-Verbindung, mit der Kinder ihre Lieblingsmusik von ihrem Smartphone oder Tablet streamen k\u00f6nnen.<br \/>Der eingebaute Akku erm\u00f6glicht eine lange Spielzeit, ohne dass der Lautsprecher an eine Steckdose angeschlossen werden muss.<br \/>Das Design des Lautsprechers ist besonders ansprechend f\u00fcr Kinder. Es ist in Form eines Einhorn Kopfes gestaltet.<br \/>Der Lautsprecher ist robust und langlebig und kann leicht transportiert werden, so dass Kinder ihn \u00fcberallhin mitnehmen k\u00f6nnen.<br \/>Insgesamt ist der Kinder Bluetooth Lautsprecher in Form eines Einhorn Kopfes eine gro\u00dfartige Wahl f\u00fcr Kinder, die Musik lieben und eine unterhaltsame M\u00f6glichkeit suchen, ihre Lieblingslieder zu h\u00f6ren.<\/p>\n<p>Inhalt: 1x Lautsprecher<br \/>Altersempfehlung: ab 3 Jahre<br \/>Verpackung: ca. 9,5 13 x 4,5 cm<br \/>Stromversorgung: Akku im Lieferumfang enthalten<br \/>Material: Kunststoff<\/p>\n<p>Achtung: Nicht f\u00fcr Kinder unter 36 Monaten geeignet wegen verschluckbarer Kleinteile, Erstickungsgefahr.<\/p>\n","protected":false},"excerpt":{"rendered":"<p>as Design des Lautsprechers ist besonders ansprechend f\u00fcr Kinder. Es ist in Form eines Einhorn Kopfes gestaltet.<\/p>\n","protected":false},"featured_media":17929,"comment_status":"closed","ping_status":"open","template":"","meta":[],"product_brand":[],"product_cat":[494],"product_tag":[],"class_list":{"0":"post-17928","1":"product","2":"type-product","3":"status-publish","4":"has-post-thumbnail","6":"product_cat-lautsprecher-kopfhoerer","8":"first","9":"instock","10":"shipping-taxable","11":"purchasable","12":"product-type-simple"},"_links":{"self":[{"href":"https:\/\/9play.de\/shop\/wp-json\/wp\/v2\/product\/17928","targetHints":{"allow":["GET"]}}],"collection":[{"href":"https:\/\/9play.de\/shop\/wp-json\/wp\/v2\/product"}],"about":[{"href":"https:\/\/9play.de\/shop\/wp-json\/wp\/v2\/types\/product"}],"replies":[{"embeddable":true,"href":"https:\/\/9play.de\/shop\/wp-json\/wp\/v2\/comments?post=17928"}],"wp:featuredmedia":[{"embeddable":true,"href":"https:\/\/9play.de\/shop\/wp-json\/wp\/v2\/media\/17929"}],"wp:attachment":[{"href":"https:\/\/9play.de\/shop\/wp-json\/wp\/v2\/media?parent=17928"}],"wp:term":[{"taxonomy":"product_brand","embeddable":true,"href":"https:\/\/9play.de\/shop\/wp-json\/wp\/v2\/product_brand?post=17928"},{"taxonomy":"product_cat","embeddable":true,"href":"https:\/\/9play.de\/shop\/wp-json\/wp\/v2\/product_cat?post=17928"},{"taxonomy":"product_tag","embeddable":true,"href":"https:\/\/9play.de\/shop\/wp-json\/wp\/v2\/product_tag?post=17928"}],"curies":[{"name":"wp","href":"https:\/\/api.w.org\/{rel}","templated":true}]}}