{"id":17939,"date":"2024-10-06T18:30:39","date_gmt":"2024-10-06T16:30:39","guid":{"rendered":"https:\/\/9play.de\/shop\/produkt\/wow-generation-trinkflasche-mit-blitz-motiv\/"},"modified":"2024-10-06T18:30:47","modified_gmt":"2024-10-06T16:30:47","slug":"wow-generation-trinkflasche-mit-blitz-motiv","status":"publish","type":"product","link":"https:\/\/9play.de\/shop\/produkt\/wow-generation-trinkflasche-mit-blitz-motiv\/","title":{"rendered":"WOW Generation Trinkflasche mit Blitz Motiv"},"content":{"rendered":"<p>Die Kinder Trinkflasche von WOW Generation ist ein praktisches und farbenfrohes Accessoire f\u00fcr unterwegs.<br \/>Sie besteht aus hochwertigem Kunststoff und ist robust genug, um den t\u00e4glichen Anforderungen eines aktiven Kindes standzuhalten.<br \/>Die Trinkflasche hat eine Kapazit\u00e4t von 500 ml und ist somit gro\u00df genug, um den Durst des Kindes zu stillen, ohne zu schwer zu sein.<br \/>Mit einem einfachen Schraubverschluss kann die Flasche leicht ge\u00f6ffnet und verschlossen werden.<br \/>Die Trinkflasche ist in verschiedenen lebendigen Farben erh\u00e4ltlich, die je nach Verf\u00fcgbarkeit per Zufall ausgew\u00e4hlt werden, aber auf Wunsch auch in einer bestimmten Farbe bestellt werden k\u00f6nnen.<br \/>Sie ist perfekt f\u00fcr den Kindergarten, die Schule oder den Spielplatz und bietet eine hygienische und umweltfreundliche M\u00f6glichkeit, Fl\u00fcssigkeiten mitzunehmen.<\/p>\n<p>Inhalt: 1x Flasche<br \/>Altersempfehlung: ab 3 Jahre<br \/>Gr\u00f6\u00dfe: ca. 500ml<br \/>Material: Kunststoff&nbsp;<\/p>\n<p>Info: Artikel ist sortiert, die Auswahl erfolgt per Zufall. Oder Wunschfarbe bei der Bestellung im Kommentar erw\u00e4hnen.<\/p>\n<p>Achtung: Nicht f\u00fcr Kinder unter 36 Monaten geeignet wegen verschluckbarer Kleinteile, Erstickungsgefahr.<\/p>\n","protected":false},"excerpt":{"rendered":"<p>Sie ist perfekt f\u00fcr den Kindergarten, die Schule oder den Spielplatz und bietet eine hygienische und umweltfreundliche M\u00f6glichkeit, Fl\u00fcssigkeiten mitzunehmen<\/p>\n","protected":false},"featured_media":17940,"comment_status":"closed","ping_status":"open","template":"","meta":[],"product_brand":[],"product_cat":[507],"product_tag":[],"class_list":{"0":"post-17939","1":"product","2":"type-product","3":"status-publish","4":"has-post-thumbnail","6":"product_cat-trinkflaschen","8":"first","9":"instock","10":"shipping-taxable","11":"purchasable","12":"product-type-simple"},"_links":{"self":[{"href":"https:\/\/9play.de\/shop\/wp-json\/wp\/v2\/product\/17939","targetHints":{"allow":["GET"]}}],"collection":[{"href":"https:\/\/9play.de\/shop\/wp-json\/wp\/v2\/product"}],"about":[{"href":"https:\/\/9play.de\/shop\/wp-json\/wp\/v2\/types\/product"}],"replies":[{"embeddable":true,"href":"https:\/\/9play.de\/shop\/wp-json\/wp\/v2\/comments?post=17939"}],"wp:featuredmedia":[{"embeddable":true,"href":"https:\/\/9play.de\/shop\/wp-json\/wp\/v2\/media\/17940"}],"wp:attachment":[{"href":"https:\/\/9play.de\/shop\/wp-json\/wp\/v2\/media?parent=17939"}],"wp:term":[{"taxonomy":"product_brand","embeddable":true,"href":"https:\/\/9play.de\/shop\/wp-json\/wp\/v2\/product_brand?post=17939"},{"taxonomy":"product_cat","embeddable":true,"href":"https:\/\/9play.de\/shop\/wp-json\/wp\/v2\/product_cat?post=17939"},{"taxonomy":"product_tag","embeddable":true,"href":"https:\/\/9play.de\/shop\/wp-json\/wp\/v2\/product_tag?post=17939"}],"curies":[{"name":"wp","href":"https:\/\/api.w.org\/{rel}","templated":true}]}}