{"id":17944,"date":"2024-10-06T18:30:39","date_gmt":"2024-10-06T16:30:39","guid":{"rendered":"https:\/\/9play.de\/shop\/produkt\/wow-generation-trinkflasche-mit-trinkmotivator\/"},"modified":"2024-10-06T18:30:50","modified_gmt":"2024-10-06T16:30:50","slug":"wow-generation-trinkflasche-mit-trinkmotivator","status":"publish","type":"product","link":"https:\/\/9play.de\/shop\/produkt\/wow-generation-trinkflasche-mit-trinkmotivator\/","title":{"rendered":"WOW Generation Trinkflasche mit Trinkmotivator"},"content":{"rendered":"<p>Die WOW Generation Kinder Trinkflasche ist die perfekte L\u00f6sung, um Ihre Kinder motiviert zu halten, hydratisiert zu bleiben.<br \/>Mit einem ansprechenden Motiv, das zum Trinken ermutigt, wird diese Flasche schnell zu einem Liebling Ihres Kindes.<br \/>Die Trinkflasche besteht aus hochwertigem&nbsp;Kunststoff, der langlebig und sicher f\u00fcr Kinder ist.<br \/>Sie hat eine auslaufsichere Kappe und eine praktische Trageschlaufe, so dass sie \u00fcberallhin mitgenommen werden kann.<br \/>Mit einem Fassungsverm\u00f6gen von 500 ml ist diese Trinkflasche gro\u00df genug f\u00fcr den t\u00e4glichen Bedarf an Fl\u00fcssigkeit und klein genug, um in eine Schultasche oder einen Rucksack zu passen.<br \/>Stellen Sie sicher, dass Ihre Kinder hydratisiert bleiben und genie\u00dfen Sie die Vorteile einer gesunden und aktiven Lebensweise mit der WOW Generation Kinder Trinkflasche.<\/p>\n<p>Inhalt: 1x Flasche<br \/>Altersempfehlung: ab 3 Jahre<br \/>Gr\u00f6\u00dfe: ca. 500ml<br \/>Material: Kunststoff&nbsp;<\/p>\n<p>Achtung: Nicht f\u00fcr Kinder unter 36 Monaten geeignet wegen verschluckbarer Kleinteile, Erstickungsgefahr.<\/p>\n","protected":false},"excerpt":{"rendered":"<p>Mit einem ansprechenden Motiv, das zum Trinken ermutigt, wird diese Flasche schnell zu einem Liebling Ihres Kindes.<\/p>\n","protected":false},"featured_media":17945,"comment_status":"closed","ping_status":"open","template":"","meta":[],"product_brand":[],"product_cat":[507],"product_tag":[],"class_list":{"0":"post-17944","1":"product","2":"type-product","3":"status-publish","4":"has-post-thumbnail","6":"product_cat-trinkflaschen","8":"first","9":"instock","10":"shipping-taxable","11":"purchasable","12":"product-type-simple"},"_links":{"self":[{"href":"https:\/\/9play.de\/shop\/wp-json\/wp\/v2\/product\/17944","targetHints":{"allow":["GET"]}}],"collection":[{"href":"https:\/\/9play.de\/shop\/wp-json\/wp\/v2\/product"}],"about":[{"href":"https:\/\/9play.de\/shop\/wp-json\/wp\/v2\/types\/product"}],"replies":[{"embeddable":true,"href":"https:\/\/9play.de\/shop\/wp-json\/wp\/v2\/comments?post=17944"}],"wp:featuredmedia":[{"embeddable":true,"href":"https:\/\/9play.de\/shop\/wp-json\/wp\/v2\/media\/17945"}],"wp:attachment":[{"href":"https:\/\/9play.de\/shop\/wp-json\/wp\/v2\/media?parent=17944"}],"wp:term":[{"taxonomy":"product_brand","embeddable":true,"href":"https:\/\/9play.de\/shop\/wp-json\/wp\/v2\/product_brand?post=17944"},{"taxonomy":"product_cat","embeddable":true,"href":"https:\/\/9play.de\/shop\/wp-json\/wp\/v2\/product_cat?post=17944"},{"taxonomy":"product_tag","embeddable":true,"href":"https:\/\/9play.de\/shop\/wp-json\/wp\/v2\/product_tag?post=17944"}],"curies":[{"name":"wp","href":"https:\/\/api.w.org\/{rel}","templated":true}]}}