{"id":17955,"date":"2024-10-06T18:30:39","date_gmt":"2024-10-06T16:30:39","guid":{"rendered":"https:\/\/9play.de\/shop\/produkt\/wow-generation-schmuckset-zum-selber-basteln\/"},"modified":"2024-10-06T18:30:58","modified_gmt":"2024-10-06T16:30:58","slug":"wow-generation-schmuckset-zum-selber-basteln","status":"publish","type":"product","link":"https:\/\/9play.de\/shop\/produkt\/wow-generation-schmuckset-zum-selber-basteln\/","title":{"rendered":"WOW Generation Schmuckset zum selber basteln"},"content":{"rendered":"<p>Das Kinder Schmuck Herstellung Set von WOW Generation ist ein kreatives Spielzeug, das Kindern die M\u00f6glichkeit gibt, ihren eigenen Schmuck zu kreieren.<br \/>Das Set enth\u00e4lt 4 WOW-Formformen, mit denen verschiedene Arten von Schmuck hergestellt werden k\u00f6nnen.<br \/>Es gibt auch 2 Gl\u00e4ser Kristallkleber sowie einen Messbecher und einen Mischstab, um die Klebermischung herzustellen.<br \/>Um den Schmuck zu dekorieren, gibt es Glitzerpulver und eine Sch\u00fcssel f\u00fcr Farbe.<br \/>Au\u00dferdem enth\u00e4lt das Set einen wasserdichten Untersetzer und wasserdichte Handschuhe. Schlie\u00dflich gibt es dekorative Elemente, die den Schmuck zum Leben erwecken.<br \/>Mit diesem Set k\u00f6nnen Kinder ihrer Kreativit\u00e4t freien Lauf lassen und ihre eigenen einzigartigen Schmuckst\u00fccke gestalten.&nbsp;<\/p>\n<p>Inhalt: 4 WOW-Formformen zur Herstellung des Schmucks, 2 Gl\u00e4ser Kristallkleber, Messbecher, Mischstab, Glitzerpulver, Sch\u00fcssel f\u00fcr Farbe, Wasserdichter Untersetzer, Wasserdichte Handschuhe, Dekorative Elemente<br \/>Altersempfehlung: ab 6 Jahre<br \/>Verpakung: ca. 22 x 26 x 6,5 cm<br \/>Material: Kunststoff<\/p>\n<p>Achtung: Nicht f\u00fcr Kinder unter 36 Monaten geeignet wegen verschluckbarer Kleinteile, Erstickungsgefahr.<\/p>\n","protected":false},"excerpt":{"rendered":"<p>Mit diesem Set k\u00f6nnen Kinder ihrer Kreativit\u00e4t freien Lauf lassen und ihre eigenen einzigartigen Schmuckst\u00fccke gestalten.<\/p>\n","protected":false},"featured_media":17956,"comment_status":"closed","ping_status":"open","template":"","meta":[],"product_brand":[],"product_cat":[471],"product_tag":[],"class_list":{"0":"post-17955","1":"product","2":"type-product","3":"status-publish","4":"has-post-thumbnail","6":"product_cat-hobby-kreativ","8":"first","9":"instock","10":"shipping-taxable","11":"purchasable","12":"product-type-simple"},"_links":{"self":[{"href":"https:\/\/9play.de\/shop\/wp-json\/wp\/v2\/product\/17955","targetHints":{"allow":["GET"]}}],"collection":[{"href":"https:\/\/9play.de\/shop\/wp-json\/wp\/v2\/product"}],"about":[{"href":"https:\/\/9play.de\/shop\/wp-json\/wp\/v2\/types\/product"}],"replies":[{"embeddable":true,"href":"https:\/\/9play.de\/shop\/wp-json\/wp\/v2\/comments?post=17955"}],"wp:featuredmedia":[{"embeddable":true,"href":"https:\/\/9play.de\/shop\/wp-json\/wp\/v2\/media\/17956"}],"wp:attachment":[{"href":"https:\/\/9play.de\/shop\/wp-json\/wp\/v2\/media?parent=17955"}],"wp:term":[{"taxonomy":"product_brand","embeddable":true,"href":"https:\/\/9play.de\/shop\/wp-json\/wp\/v2\/product_brand?post=17955"},{"taxonomy":"product_cat","embeddable":true,"href":"https:\/\/9play.de\/shop\/wp-json\/wp\/v2\/product_cat?post=17955"},{"taxonomy":"product_tag","embeddable":true,"href":"https:\/\/9play.de\/shop\/wp-json\/wp\/v2\/product_tag?post=17955"}],"curies":[{"name":"wp","href":"https:\/\/api.w.org\/{rel}","templated":true}]}}