{"id":17959,"date":"2024-10-06T18:30:39","date_gmt":"2024-10-06T16:30:39","guid":{"rendered":"https:\/\/9play.de\/shop\/produkt\/wow-generation-rucksack-mit-dj-alana\/"},"modified":"2024-10-06T18:31:00","modified_gmt":"2024-10-06T16:31:00","slug":"wow-generation-rucksack-mit-dj-alana","status":"publish","type":"product","link":"https:\/\/9play.de\/shop\/produkt\/wow-generation-rucksack-mit-dj-alana\/","title":{"rendered":"WOW Generation Rucksack mit DJ Alana"},"content":{"rendered":"<p>Der Kinder Rucksack von WOW Generation ist ein praktischer und farbenfroher Begleiter f\u00fcr kleine Abenteurer.<br \/>Der Rucksack hat eine kinderfreundliche Gr\u00f6\u00dfe und bietet genug Platz f\u00fcr alle wichtigen Dinge, die Ihr Kind auf seinen Entdeckungsreisen ben\u00f6tigt.<br \/>Robuste Material und die verst\u00e4rkten N\u00e4hte sorgen f\u00fcr eine lange Lebensdauer und machen den Rucksack strapazierf\u00e4hig und langlebig.<br \/>Mit verstellbaren Schultergurten ausgestattet, die f\u00fcr einen angenehmen Tragekomfort sorgen.<br \/>Seine&nbsp;coolen Muster&nbsp;und bunte&nbsp;Farben wird der Kinder Rucksack von WOW Generation garantiert zum Lieblingsaccessoire deines Kindes.&nbsp;<\/p>\n<p>Inhalt: 1x Rucksack<br \/>Altersempfehlung: ab 6 Jahre<br \/>Gr\u00f6\u00dfe: ca. 40 cm<br \/>Material: Polyester<\/p>\n<p>Achtung: Nicht f\u00fcr Kinder unter 36 Monaten geeignet wegen verschluckbarer Kleinteile, Erstickungsgefahr.<br \/>Achtung: Strangulationsgefahr durch lange Seile.<\/p>\n","protected":false},"excerpt":{"rendered":"<p>Mit seinen coolen Mustern und bunten Farben wird der Kinder Rucksack von WOW Generation garantiert zum Lieblingsaccessoire Ihres Kindes.<\/p>\n","protected":false},"featured_media":17960,"comment_status":"closed","ping_status":"open","template":"","meta":[],"product_brand":[],"product_cat":[465],"product_tag":[],"class_list":{"0":"post-17959","1":"product","2":"type-product","3":"status-publish","4":"has-post-thumbnail","6":"product_cat-rucksaecke-taschen","8":"first","9":"instock","10":"shipping-taxable","11":"purchasable","12":"product-type-simple"},"_links":{"self":[{"href":"https:\/\/9play.de\/shop\/wp-json\/wp\/v2\/product\/17959","targetHints":{"allow":["GET"]}}],"collection":[{"href":"https:\/\/9play.de\/shop\/wp-json\/wp\/v2\/product"}],"about":[{"href":"https:\/\/9play.de\/shop\/wp-json\/wp\/v2\/types\/product"}],"replies":[{"embeddable":true,"href":"https:\/\/9play.de\/shop\/wp-json\/wp\/v2\/comments?post=17959"}],"wp:featuredmedia":[{"embeddable":true,"href":"https:\/\/9play.de\/shop\/wp-json\/wp\/v2\/media\/17960"}],"wp:attachment":[{"href":"https:\/\/9play.de\/shop\/wp-json\/wp\/v2\/media?parent=17959"}],"wp:term":[{"taxonomy":"product_brand","embeddable":true,"href":"https:\/\/9play.de\/shop\/wp-json\/wp\/v2\/product_brand?post=17959"},{"taxonomy":"product_cat","embeddable":true,"href":"https:\/\/9play.de\/shop\/wp-json\/wp\/v2\/product_cat?post=17959"},{"taxonomy":"product_tag","embeddable":true,"href":"https:\/\/9play.de\/shop\/wp-json\/wp\/v2\/product_tag?post=17959"}],"curies":[{"name":"wp","href":"https:\/\/api.w.org\/{rel}","templated":true}]}}