{"id":17970,"date":"2024-10-06T18:30:39","date_gmt":"2024-10-06T16:30:39","guid":{"rendered":"https:\/\/9play.de\/shop\/produkt\/einhorn-malset-rucksack-mit-stiften-aufklebern-und-stempel\/"},"modified":"2024-10-06T18:31:08","modified_gmt":"2024-10-06T16:31:08","slug":"einhorn-malset-rucksack-mit-stiften-aufklebern-und-stempel","status":"publish","type":"product","link":"https:\/\/9play.de\/shop\/produkt\/einhorn-malset-rucksack-mit-stiften-aufklebern-und-stempel\/","title":{"rendered":"Einhorn Malset Rucksack mit Stiften Aufklebern und Stempel"},"content":{"rendered":"<p>Der Kinder Rucksack ist ein fantastisches Set f\u00fcr junge K\u00fcnstlerinnen und K\u00fcnstler.<br \/>Mit einem Einhorn-Motiv versehen, enth\u00e4lt der Rucksack alles, was Ihr Kind ben\u00f6tigt, um seine Kreativit\u00e4t auszudr\u00fccken.<br \/>Das Set enth\u00e4lt 1x Stempelkissen, 4x Stempel, 5x Zeichenbl\u00e4tter, 6x Aufkleber, 6x Wachsmalkreide und 6x Filzstifte.<br \/>Das Stempelkissen und die Stempel bieten eine lustige M\u00f6glichkeit, Muster und Formen zu erstellen, w\u00e4hrend die Zeichenbl\u00e4tter es Ihrem Kind erm\u00f6glichen, seine eigenen Bilder zu erstellen.<br \/>Die Wachsmalkreiden und Filzstifte bieten eine Vielzahl von Farben, mit denen Ihr Kind seine Kreationen ausmalen kann.<br \/>Der Rucksack sorgt daf\u00fcr, dass alle Kunstmaterialien sicher und organisiert aufbewahrt werden k\u00f6nnen, und kann \u00fcberallhin mitgenommen werden, um die Kreativit\u00e4t Ihres Kindes zu f\u00f6rdern.<\/p>\n<p>Inhalt: 1x Rucksack, 1x Stempelkissen, 4x Stempel, 5x Zeichenbl\u00e4tter, 6x Aufkleber, 6x Wachsmalkreide, 6x Filzstifte<br \/>Altersempfehlung: ab 3 Jahre<br \/>Verpakung: ca. 29 x 26 x 7 cm<br \/>Material: Kunststoff<\/p>\n<p>Achtung: Nicht f\u00fcr Kinder unter 36 Monaten geeignet wegen verschluckbarer Kleinteile, Erstickungsgefahr.<br \/>Achtung: Strangulationsgefahr durch lange Seile.<\/p>\n","protected":false},"excerpt":{"rendered":"<p>Der Rucksack sorgt daf\u00fcr, dass alle Kunstmaterialien sicher und organisiert aufbewahrt werden k\u00f6nnen, und kann \u00fcberallhin mitgenommen werden, um die Kreativit\u00e4t Ihres Kindes zu f\u00f6rdern.<\/p>\n","protected":false},"featured_media":17971,"comment_status":"closed","ping_status":"open","template":"","meta":[],"product_brand":[],"product_cat":[509],"product_tag":[],"class_list":{"0":"post-17970","1":"product","2":"type-product","3":"status-publish","4":"has-post-thumbnail","6":"product_cat-malen-zeichnen","8":"first","9":"instock","10":"shipping-taxable","11":"purchasable","12":"product-type-simple"},"_links":{"self":[{"href":"https:\/\/9play.de\/shop\/wp-json\/wp\/v2\/product\/17970","targetHints":{"allow":["GET"]}}],"collection":[{"href":"https:\/\/9play.de\/shop\/wp-json\/wp\/v2\/product"}],"about":[{"href":"https:\/\/9play.de\/shop\/wp-json\/wp\/v2\/types\/product"}],"replies":[{"embeddable":true,"href":"https:\/\/9play.de\/shop\/wp-json\/wp\/v2\/comments?post=17970"}],"wp:featuredmedia":[{"embeddable":true,"href":"https:\/\/9play.de\/shop\/wp-json\/wp\/v2\/media\/17971"}],"wp:attachment":[{"href":"https:\/\/9play.de\/shop\/wp-json\/wp\/v2\/media?parent=17970"}],"wp:term":[{"taxonomy":"product_brand","embeddable":true,"href":"https:\/\/9play.de\/shop\/wp-json\/wp\/v2\/product_brand?post=17970"},{"taxonomy":"product_cat","embeddable":true,"href":"https:\/\/9play.de\/shop\/wp-json\/wp\/v2\/product_cat?post=17970"},{"taxonomy":"product_tag","embeddable":true,"href":"https:\/\/9play.de\/shop\/wp-json\/wp\/v2\/product_tag?post=17970"}],"curies":[{"name":"wp","href":"https:\/\/api.w.org\/{rel}","templated":true}]}}