{"id":17972,"date":"2024-10-06T18:30:39","date_gmt":"2024-10-06T16:30:39","guid":{"rendered":"https:\/\/9play.de\/shop\/produkt\/einhorn-trinkflasche-mit-einem-tragegurt-regenbogen-wolken\/"},"modified":"2024-10-06T18:31:08","modified_gmt":"2024-10-06T16:31:08","slug":"einhorn-trinkflasche-mit-einem-tragegurt-regenbogen-wolken","status":"publish","type":"product","link":"https:\/\/9play.de\/shop\/produkt\/einhorn-trinkflasche-mit-einem-tragegurt-regenbogen-wolken\/","title":{"rendered":"Einhorn Trinkflasche mit einem Tragegurt Regenbogen Wolken"},"content":{"rendered":"<p>Die Kinder Trinkflasche mit Einhorn Motiv und Tragegurt ist ein perfekter Begleiter f\u00fcr kleine Einhorn-Liebhaber.<br \/>Die Flasche besteht aus langlebigem Kunststoff und ist daher sicher f\u00fcr Kinder.<br \/>Das Design zeigt zwei niedliche Einh\u00f6rner, die auf Regenbogen Wolken reiten, was Kindern viel Freude bereitet.<br \/>Mit einem Fassungsverm\u00f6gen von 500 ml ist diese Trinkflasche gro\u00df genug, um den Durst der Kleinen zu stillen und klein genug, um in jeder Tasche zu passen.<br \/>Der praktische Tragegurt erleichtert den Transport und kann einfach an Taschen oder Kinderwagen befestigt werden.<br \/>Die Kinder Trinkflasche ist leicht zu reinigen und sp\u00fclmaschinengeeignet.<br \/>Durch das robuste Material h\u00e4lt sie auch St\u00fcrzen und St\u00f6\u00dfen stand, was sie zur idealen Wahl f\u00fcr den Einsatz in Kindergarten, Schule oder beim Sport macht.<br \/>Mit dieser Einhorn Trinkflasche haben Kinder immer ihr Lieblingsgetr\u00e4nk dabei und k\u00f6nnen ihre Fantasie auf magische Weise anregen.<\/p>\n<p>Inhalt: 1x Trinkflasche<br \/>Altersempfehlung: ab 3 Jahre<br \/>Gr\u00f6\u00dfe: ca. 500ml<br \/>Material: Kunststoff<\/p>\n<p>Achtung: Nicht f\u00fcr Kinder unter 36 Monaten geeignet wegen verschluckbarer Kleinteile, Erstickungsgefahr.<br \/>Achtung: Strangulationsgefahr durch lange Seile.<\/p>\n","protected":false},"excerpt":{"rendered":"<p>Mit dieser Einhorn Trinkflasche haben Kinder immer ihr Lieblingsgetr\u00e4nk dabei und k\u00f6nnen ihre Fantasie auf magische Weise anregen.<\/p>\n","protected":false},"featured_media":17973,"comment_status":"closed","ping_status":"open","template":"","meta":[],"product_brand":[],"product_cat":[507],"product_tag":[],"class_list":{"0":"post-17972","1":"product","2":"type-product","3":"status-publish","4":"has-post-thumbnail","6":"product_cat-trinkflaschen","8":"first","9":"instock","10":"shipping-taxable","11":"purchasable","12":"product-type-simple"},"_links":{"self":[{"href":"https:\/\/9play.de\/shop\/wp-json\/wp\/v2\/product\/17972","targetHints":{"allow":["GET"]}}],"collection":[{"href":"https:\/\/9play.de\/shop\/wp-json\/wp\/v2\/product"}],"about":[{"href":"https:\/\/9play.de\/shop\/wp-json\/wp\/v2\/types\/product"}],"replies":[{"embeddable":true,"href":"https:\/\/9play.de\/shop\/wp-json\/wp\/v2\/comments?post=17972"}],"wp:featuredmedia":[{"embeddable":true,"href":"https:\/\/9play.de\/shop\/wp-json\/wp\/v2\/media\/17973"}],"wp:attachment":[{"href":"https:\/\/9play.de\/shop\/wp-json\/wp\/v2\/media?parent=17972"}],"wp:term":[{"taxonomy":"product_brand","embeddable":true,"href":"https:\/\/9play.de\/shop\/wp-json\/wp\/v2\/product_brand?post=17972"},{"taxonomy":"product_cat","embeddable":true,"href":"https:\/\/9play.de\/shop\/wp-json\/wp\/v2\/product_cat?post=17972"},{"taxonomy":"product_tag","embeddable":true,"href":"https:\/\/9play.de\/shop\/wp-json\/wp\/v2\/product_tag?post=17972"}],"curies":[{"name":"wp","href":"https:\/\/api.w.org\/{rel}","templated":true}]}}