{"id":17994,"date":"2024-10-06T18:30:39","date_gmt":"2024-10-06T16:30:39","guid":{"rendered":"https:\/\/9play.de\/shop\/produkt\/einhorn-geschirrset-teller-schuessel-becher\/"},"modified":"2024-10-06T18:31:20","modified_gmt":"2024-10-06T16:31:20","slug":"einhorn-geschirrset-teller-schuessel-becher","status":"publish","type":"product","link":"https:\/\/9play.de\/shop\/produkt\/einhorn-geschirrset-teller-schuessel-becher\/","title":{"rendered":"Einhorn Geschirrset Teller Sch\u00fcssel Becher"},"content":{"rendered":"<p>Das Kinder Einhorn Geschirrset besteht aus einem Teller, einer Sch\u00fcssel und einem Becher und ist mit einem wundersch\u00f6nen Einhorn-Motiv gestaltet, das die Fantasie Ihres Kindes anregt.<br \/>Der Teller ist ideal f\u00fcr kleine Portionen und Snacks, w\u00e4hrend die Sch\u00fcssel perfekt f\u00fcr Suppen, M\u00fcsli oder andere Mahlzeiten ist.<br \/>Der Becher ist einfach zu greifen und hat eine optimale Gr\u00f6\u00dfe f\u00fcr Kinderportionen.<br \/>Mit diesem Einhorn Geschirrset k\u00f6nnen Kinder ihr Essen auf eine lustige und fantasievolle Weise genie\u00dfen.<\/p>\n<p>Inhalt: 1x Geschirrset (1x Teller, 1x Becher, 1x Sch\u00fcssel)<br \/>Altersempfehlung: ab 3 Jahre<br \/>Gr\u00f6\u00dfe: ca. 29 x 11 x 7,5 cm<br \/>Material: Kunststoff<\/p>\n<p>Achtung: Nicht f\u00fcr Kinder unter 36 Monaten geeignet wegen verschluckbarer Kleinteile, Erstickungsgefahr.<\/p>\n","protected":false},"excerpt":{"rendered":"<p>Mit diesem Einhorn Geschirrset k\u00f6nnen Kinder ihr Essen auf eine lustige und fantasievolle Weise genie\u00dfen.<\/p>\n","protected":false},"featured_media":17995,"comment_status":"closed","ping_status":"open","template":"","meta":[],"product_brand":[],"product_cat":[461],"product_tag":[],"class_list":{"0":"post-17994","1":"product","2":"type-product","3":"status-publish","4":"has-post-thumbnail","6":"product_cat-geschirr-besteck","8":"first","9":"instock","10":"shipping-taxable","11":"purchasable","12":"product-type-simple"},"_links":{"self":[{"href":"https:\/\/9play.de\/shop\/wp-json\/wp\/v2\/product\/17994","targetHints":{"allow":["GET"]}}],"collection":[{"href":"https:\/\/9play.de\/shop\/wp-json\/wp\/v2\/product"}],"about":[{"href":"https:\/\/9play.de\/shop\/wp-json\/wp\/v2\/types\/product"}],"replies":[{"embeddable":true,"href":"https:\/\/9play.de\/shop\/wp-json\/wp\/v2\/comments?post=17994"}],"wp:featuredmedia":[{"embeddable":true,"href":"https:\/\/9play.de\/shop\/wp-json\/wp\/v2\/media\/17995"}],"wp:attachment":[{"href":"https:\/\/9play.de\/shop\/wp-json\/wp\/v2\/media?parent=17994"}],"wp:term":[{"taxonomy":"product_brand","embeddable":true,"href":"https:\/\/9play.de\/shop\/wp-json\/wp\/v2\/product_brand?post=17994"},{"taxonomy":"product_cat","embeddable":true,"href":"https:\/\/9play.de\/shop\/wp-json\/wp\/v2\/product_cat?post=17994"},{"taxonomy":"product_tag","embeddable":true,"href":"https:\/\/9play.de\/shop\/wp-json\/wp\/v2\/product_tag?post=17994"}],"curies":[{"name":"wp","href":"https:\/\/api.w.org\/{rel}","templated":true}]}}