{"id":18005,"date":"2024-10-06T18:31:25","date_gmt":"2024-10-06T16:31:25","guid":{"rendered":"https:\/\/9play.de\/shop\/produkt\/marvel-avengers-brotdose-mit-zwei-faecher-und-besteck\/"},"modified":"2024-10-06T18:31:28","modified_gmt":"2024-10-06T16:31:28","slug":"marvel-avengers-brotdose-mit-zwei-faecher-und-besteck","status":"publish","type":"product","link":"https:\/\/9play.de\/shop\/produkt\/marvel-avengers-brotdose-mit-zwei-faecher-und-besteck\/","title":{"rendered":"Marvel Avengers Brotdose mit zwei F\u00e4cher und Besteck"},"content":{"rendered":"<p>Die Kinder Marvel Avengers Brotdose ist ein tolles Accessoire f\u00fcr jeden kleinen Fan der Superhelden!<br \/>Die Brotdose verf\u00fcgt \u00fcber zwei F\u00e4cher, die ausreichend Platz bieten, um verschiedene Lebensmittel zu trennen und zu organisieren.<br \/>Mit dem mitgelieferten Besteck k\u00f6nnen Kinder ihre Mahlzeiten bequem und einfach genie\u00dfen.<br \/>Das Design der Brotdose ist mit beliebten Marvel Avengers Charakteren wie Iron Man, Captain America und Thor verziert und wird jedes Kind begeistern.<br \/>Die Brotdose ist aus robustem und leichtem Material gefertigt und somit ideal f\u00fcr den t\u00e4glichen Gebrauch in der Schule oder unterwegs.<\/p>\n<p>Inhalt: 1x Geschirrset (1x Teller, 1x Becher, 1x Sch\u00fcssel)<br \/>Altersempfehlung: ab 3 Jahre<br \/>Gr\u00f6\u00dfe: ca. 21.5 \u00d7 13.5 \u00d7 6 cm<br \/>Material: Kunststoff<\/p>\n<p>Achtung: Nicht f\u00fcr Kinder unter 36 Monaten geeignet wegen verschluckbarer Kleinteile, Erstickungsgefahr.<\/p>\n","protected":false},"excerpt":{"rendered":"<p>Das Design der Brotdose ist mit beliebten Marvel Avengers Charakteren wie Iron Man, Captain America und Thor verziert und wird jedes Kind begeistern.<\/p>\n","protected":false},"featured_media":18006,"comment_status":"closed","ping_status":"open","template":"","meta":[],"product_brand":[],"product_cat":[463],"product_tag":[],"class_list":{"0":"post-18005","1":"product","2":"type-product","3":"status-publish","4":"has-post-thumbnail","6":"product_cat-brotdosen","8":"first","9":"instock","10":"shipping-taxable","11":"purchasable","12":"product-type-simple"},"_links":{"self":[{"href":"https:\/\/9play.de\/shop\/wp-json\/wp\/v2\/product\/18005","targetHints":{"allow":["GET"]}}],"collection":[{"href":"https:\/\/9play.de\/shop\/wp-json\/wp\/v2\/product"}],"about":[{"href":"https:\/\/9play.de\/shop\/wp-json\/wp\/v2\/types\/product"}],"replies":[{"embeddable":true,"href":"https:\/\/9play.de\/shop\/wp-json\/wp\/v2\/comments?post=18005"}],"wp:featuredmedia":[{"embeddable":true,"href":"https:\/\/9play.de\/shop\/wp-json\/wp\/v2\/media\/18006"}],"wp:attachment":[{"href":"https:\/\/9play.de\/shop\/wp-json\/wp\/v2\/media?parent=18005"}],"wp:term":[{"taxonomy":"product_brand","embeddable":true,"href":"https:\/\/9play.de\/shop\/wp-json\/wp\/v2\/product_brand?post=18005"},{"taxonomy":"product_cat","embeddable":true,"href":"https:\/\/9play.de\/shop\/wp-json\/wp\/v2\/product_cat?post=18005"},{"taxonomy":"product_tag","embeddable":true,"href":"https:\/\/9play.de\/shop\/wp-json\/wp\/v2\/product_tag?post=18005"}],"curies":[{"name":"wp","href":"https:\/\/api.w.org\/{rel}","templated":true}]}}