{"id":18014,"date":"2024-10-06T18:31:25","date_gmt":"2024-10-06T16:31:25","guid":{"rendered":"https:\/\/9play.de\/shop\/produkt\/lastwagen-lkw-mit-anhaenger-und-rueckzug\/"},"modified":"2024-10-06T18:31:33","modified_gmt":"2024-10-06T16:31:33","slug":"lastwagen-lkw-mit-anhaenger-und-rueckzug","status":"publish","type":"product","link":"https:\/\/9play.de\/shop\/produkt\/lastwagen-lkw-mit-anhaenger-und-rueckzug\/","title":{"rendered":"Lastwagen LKW mit Anh\u00e4nger und R\u00fcckzug"},"content":{"rendered":"<p>METAL Lastwagen Euro Combi mit Anh\u00e4nger !<br \/>Ma\u00dfstab 1:43.<br \/>Der LKW f\u00e4hrt mit Hilfe des R\u00fcckzuges Vorw\u00e4rts.<br \/>Der Ultimative Spielspa\u00df f\u00fcr kleine Fernfahrer.<\/p>\n<p>Material: Kunststoff, Metal<br \/>Altersempfehlung: Ab 3 Jahre<br \/>Ma\u00dfe des Fahrzeugs: ca. 29 x 5 x 7 cm<\/p>\n<p><span style=\"font-size:12.0pt\"><span style=\"font-family:Times New Roman,serif\">Achtung! Nicht f\u00fcr Kinder unter 36 Monaten geeignet wegen verschluckbarer Kleinteile, Erstickungsgefahr.<\/span><\/span><\/p>\n","protected":false},"excerpt":{"rendered":"<p>Lastwagen EuroCombi mit Anh\u00e4nger R\u00fcckzug<\/p>\n","protected":false},"featured_media":18015,"comment_status":"closed","ping_status":"open","template":"","meta":[],"product_brand":[],"product_cat":[466],"product_tag":[],"class_list":{"0":"post-18014","1":"product","2":"type-product","3":"status-publish","4":"has-post-thumbnail","6":"product_cat-dienstfahrzeuge","8":"first","9":"instock","10":"shipping-taxable","11":"purchasable","12":"product-type-simple"},"_links":{"self":[{"href":"https:\/\/9play.de\/shop\/wp-json\/wp\/v2\/product\/18014","targetHints":{"allow":["GET"]}}],"collection":[{"href":"https:\/\/9play.de\/shop\/wp-json\/wp\/v2\/product"}],"about":[{"href":"https:\/\/9play.de\/shop\/wp-json\/wp\/v2\/types\/product"}],"replies":[{"embeddable":true,"href":"https:\/\/9play.de\/shop\/wp-json\/wp\/v2\/comments?post=18014"}],"wp:featuredmedia":[{"embeddable":true,"href":"https:\/\/9play.de\/shop\/wp-json\/wp\/v2\/media\/18015"}],"wp:attachment":[{"href":"https:\/\/9play.de\/shop\/wp-json\/wp\/v2\/media?parent=18014"}],"wp:term":[{"taxonomy":"product_brand","embeddable":true,"href":"https:\/\/9play.de\/shop\/wp-json\/wp\/v2\/product_brand?post=18014"},{"taxonomy":"product_cat","embeddable":true,"href":"https:\/\/9play.de\/shop\/wp-json\/wp\/v2\/product_cat?post=18014"},{"taxonomy":"product_tag","embeddable":true,"href":"https:\/\/9play.de\/shop\/wp-json\/wp\/v2\/product_tag?post=18014"}],"curies":[{"name":"wp","href":"https:\/\/api.w.org\/{rel}","templated":true}]}}