{"id":18024,"date":"2024-10-06T18:31:25","date_gmt":"2024-10-06T16:31:25","guid":{"rendered":"https:\/\/9play.de\/shop\/produkt\/toi-toys-auto-als-taxi-mit-rueckzug-licht-und-sound\/"},"modified":"2024-10-06T18:31:39","modified_gmt":"2024-10-06T16:31:39","slug":"toi-toys-auto-als-taxi-mit-rueckzug-licht-und-sound","status":"publish","type":"product","link":"https:\/\/9play.de\/shop\/produkt\/toi-toys-auto-als-taxi-mit-rueckzug-licht-und-sound\/","title":{"rendered":"Toi-toys Auto als Taxi mit R\u00fcckzug Licht und Sound"},"content":{"rendered":"<p>Taxi mit R\u00fcckzugmotor sowie Licht und Ger\u00e4uschen.<br \/>Das gelbe Taxi l\u00e4sst kleine und gro\u00dfe Herzen h\u00f6her schlagen.<br \/>Mit Sound und Licht, sodass das Fahren bei Dunkelheit noch mehr Freude bereitet.<br \/>Durch den R\u00fcckzug f\u00e4hrt das Auto vorw\u00e4rts.<br \/>Holen Sie sich dieses Tolle Ma\u00dfstabgetreue Modellauto nach Hause.<\/p>\n<p>Batterien sind im Lieferumfang enthalten.<br \/>Altersempfehlung: Ab 3 Jahre<br \/>Material: Kunststoff<br \/>Gr\u00f6\u00dfe: ca. 24 x 11 x 10 cm<\/p>\n<p>ACHTUNG! Nicht geeignet f\u00fcr Kinder unter 3 Jahren. Veschluckbare Kleinteile enthalten.<\/p>\n<p>Hinweis zur Entsorgung von Altbatterien Der nachfolgende Hinweis richtet sich an diejenigen, die Batterien oder Produkte mit eingebauten Batterien nutzen und in der an sie gelieferten Form nicht mehr weiterver\u00e4u\u00dfern (Endnutzer): 1. Unentgeltliche R\u00fccknahme von Altbatterien Batterien d\u00fcrfen nicht \u00fcber den Hausm\u00fcll entsorgt werden. Sie sind zur R\u00fcckgabe von Altbatterien gesetzlich verpflichtet, damit eine fachgerechte Entsorgung gew\u00e4hrleistet werden kann. Sie k\u00f6nnen Altbatterien an einer kommunalen Sammelstelle oder im Handel vor Ort abgeben. Auch wir sind als Vertreiber von Batterien zur R\u00fccknahme von Altbatterien verpflichtet, wobei sich unsere R\u00fccknahmeverpflichtung auf Altbatterien der Art beschr\u00e4nkt, die wir als Neubatterien in unserem Sortiment f\u00fchren oder gef\u00fchrt haben. Altbatterien vorgenannter Art k\u00f6nnen Sie daher entweder ausreichend frankiert an uns zur\u00fccksenden oder sie direkt an unserem Versandlager unter der im Impressum genannten Adresse unentgeltlich abgeben. 2. Bedeutung der Batteriesymbole Batterien sind mit dem Symbol einer durchgekreuzten M\u00fclltonne gekennzeichnet. Dieses Symbol weist darauf hin, dass Batterien nicht in den Hausm\u00fcll gegeben werden d\u00fcrfen. Bei Batterien, die mehr als 0,0005 Masseprozent Quecksilber, mehr als 0,002 Masseprozent Cadmium oder mehr als 0,004 Masseprozent Blei enthalten, befindet sich unter dem M\u00fclltonnen-Symbol die chemische Bezeichnung des jeweils eingesetzten Schadstoffes \u2013 dabei steht &#8222;Cd&#8220; f\u00fcr Cadmium, &#8222;Pb&#8220; steht f\u00fcr Blei, und &#8222;Hg&#8220; f\u00fcr Quecksilber.<\/p>\n","protected":false},"excerpt":{"rendered":"<p>Taxi mit R\u00fcckzugmotor sowie Licht und Ger\u00e4uschen<\/p>\n","protected":false},"featured_media":18025,"comment_status":"closed","ping_status":"open","template":"","meta":[],"product_brand":[],"product_cat":[526],"product_tag":[],"class_list":{"0":"post-18024","1":"product","2":"type-product","3":"status-publish","4":"has-post-thumbnail","6":"product_cat-pkws","8":"first","9":"instock","10":"shipping-taxable","11":"purchasable","12":"product-type-simple"},"_links":{"self":[{"href":"https:\/\/9play.de\/shop\/wp-json\/wp\/v2\/product\/18024","targetHints":{"allow":["GET"]}}],"collection":[{"href":"https:\/\/9play.de\/shop\/wp-json\/wp\/v2\/product"}],"about":[{"href":"https:\/\/9play.de\/shop\/wp-json\/wp\/v2\/types\/product"}],"replies":[{"embeddable":true,"href":"https:\/\/9play.de\/shop\/wp-json\/wp\/v2\/comments?post=18024"}],"wp:featuredmedia":[{"embeddable":true,"href":"https:\/\/9play.de\/shop\/wp-json\/wp\/v2\/media\/18025"}],"wp:attachment":[{"href":"https:\/\/9play.de\/shop\/wp-json\/wp\/v2\/media?parent=18024"}],"wp:term":[{"taxonomy":"product_brand","embeddable":true,"href":"https:\/\/9play.de\/shop\/wp-json\/wp\/v2\/product_brand?post=18024"},{"taxonomy":"product_cat","embeddable":true,"href":"https:\/\/9play.de\/shop\/wp-json\/wp\/v2\/product_cat?post=18024"},{"taxonomy":"product_tag","embeddable":true,"href":"https:\/\/9play.de\/shop\/wp-json\/wp\/v2\/product_tag?post=18024"}],"curies":[{"name":"wp","href":"https:\/\/api.w.org\/{rel}","templated":true}]}}