{"id":18039,"date":"2024-10-06T18:31:25","date_gmt":"2024-10-06T16:31:25","guid":{"rendered":"https:\/\/9play.de\/shop\/produkt\/verwandlungs-roboter-kipper-lastwagen\/"},"modified":"2024-10-06T18:31:47","modified_gmt":"2024-10-06T16:31:47","slug":"verwandlungs-roboter-kipper-lastwagen","status":"publish","type":"product","link":"https:\/\/9play.de\/shop\/produkt\/verwandlungs-roboter-kipper-lastwagen\/","title":{"rendered":"Verwandlungs Roboter Kipper Lastwagen"},"content":{"rendered":"<p>ROBOFORCES Wechselroboter-Kipper.<br \/>Glaubst du, du hast nur einen ganz gew\u00f6hnlichen Kipper, um Sand zu transportieren? Nat\u00fcrlich kann er das am besten, aber er hat eine Extra-\u00dcberraschung.<br \/>Mit wenigen Handgriffen kannst du daraus einen Roboter machen.<br \/>Bereit f\u00fcr alle anderen schweren Arbeiten auf der Baustelle.<\/p>\n<p>Gr\u00f6\u00dfe: ca. 13 x 20,5 cm<br \/>Altersempfehlung: Ab 3 Jahre<br \/>Material: Kunststoff<\/p>\n<p>ACHTUNG! Nicht geeignet f\u00fcr Kinder unter 3 Jahren. Veschluckbare Kleinteile enthalten.<\/p>\n","protected":false},"excerpt":{"rendered":"<p>Roboforces Wechselroboter-Kipper<\/p>\n","protected":false},"featured_media":18040,"comment_status":"closed","ping_status":"open","template":"","meta":[],"product_brand":[],"product_cat":[498],"product_tag":[],"class_list":{"0":"post-18039","1":"product","2":"type-product","3":"status-publish","4":"has-post-thumbnail","6":"product_cat-roboter","8":"first","9":"instock","10":"shipping-taxable","11":"purchasable","12":"product-type-simple"},"_links":{"self":[{"href":"https:\/\/9play.de\/shop\/wp-json\/wp\/v2\/product\/18039","targetHints":{"allow":["GET"]}}],"collection":[{"href":"https:\/\/9play.de\/shop\/wp-json\/wp\/v2\/product"}],"about":[{"href":"https:\/\/9play.de\/shop\/wp-json\/wp\/v2\/types\/product"}],"replies":[{"embeddable":true,"href":"https:\/\/9play.de\/shop\/wp-json\/wp\/v2\/comments?post=18039"}],"wp:featuredmedia":[{"embeddable":true,"href":"https:\/\/9play.de\/shop\/wp-json\/wp\/v2\/media\/18040"}],"wp:attachment":[{"href":"https:\/\/9play.de\/shop\/wp-json\/wp\/v2\/media?parent=18039"}],"wp:term":[{"taxonomy":"product_brand","embeddable":true,"href":"https:\/\/9play.de\/shop\/wp-json\/wp\/v2\/product_brand?post=18039"},{"taxonomy":"product_cat","embeddable":true,"href":"https:\/\/9play.de\/shop\/wp-json\/wp\/v2\/product_cat?post=18039"},{"taxonomy":"product_tag","embeddable":true,"href":"https:\/\/9play.de\/shop\/wp-json\/wp\/v2\/product_tag?post=18039"}],"curies":[{"name":"wp","href":"https:\/\/api.w.org\/{rel}","templated":true}]}}