{"id":18044,"date":"2024-10-06T18:31:25","date_gmt":"2024-10-06T16:31:25","guid":{"rendered":"https:\/\/9play.de\/shop\/produkt\/muellauto-verwandlungs-roboter-muellwagen-lkw\/"},"modified":"2024-10-06T18:31:50","modified_gmt":"2024-10-06T16:31:50","slug":"muellauto-verwandlungs-roboter-muellwagen-lkw","status":"publish","type":"product","link":"https:\/\/9play.de\/shop\/produkt\/muellauto-verwandlungs-roboter-muellwagen-lkw\/","title":{"rendered":"M\u00fcllauto Verwandlungs Roboter M\u00fcllwagen LKW"},"content":{"rendered":"<p>Glaubst du, du hast nur einen ganz gew\u00f6hnlichen M\u00fcllwagen, um den ganzen M\u00fcll ordentlich aufzusammeln?<br \/>Nat\u00fcrlich kann er das am besten, aber er hat auch eine Extra-\u00dcberraschung.<br \/>Mit wenigen Handgriffen kannst du daraus einen tollen Roboter machen.<br \/>Bereit f\u00fcr die abenteuerlichen Jobs!<\/p>\n<p>Gr\u00f6\u00dfe der Verpackung: ca. 20,5 x 13 x 10 cm<br \/>Altersempfehlung: Ab 3 Jahre<br \/>Material: Kunststoff<\/p>\n<p>ACHTUNG! Nicht geeignet f\u00fcr Kinder unter 3 Jahren. Veschluckbare Kleinteile enthalten.<\/p>\n","protected":false},"excerpt":{"rendered":"<p>Roboforces Roboter-M\u00fcllwagen<\/p>\n","protected":false},"featured_media":18045,"comment_status":"closed","ping_status":"open","template":"","meta":[],"product_brand":[],"product_cat":[498],"product_tag":[],"class_list":{"0":"post-18044","1":"product","2":"type-product","3":"status-publish","4":"has-post-thumbnail","6":"product_cat-roboter","8":"first","9":"instock","10":"shipping-taxable","11":"purchasable","12":"product-type-simple"},"_links":{"self":[{"href":"https:\/\/9play.de\/shop\/wp-json\/wp\/v2\/product\/18044","targetHints":{"allow":["GET"]}}],"collection":[{"href":"https:\/\/9play.de\/shop\/wp-json\/wp\/v2\/product"}],"about":[{"href":"https:\/\/9play.de\/shop\/wp-json\/wp\/v2\/types\/product"}],"replies":[{"embeddable":true,"href":"https:\/\/9play.de\/shop\/wp-json\/wp\/v2\/comments?post=18044"}],"wp:featuredmedia":[{"embeddable":true,"href":"https:\/\/9play.de\/shop\/wp-json\/wp\/v2\/media\/18045"}],"wp:attachment":[{"href":"https:\/\/9play.de\/shop\/wp-json\/wp\/v2\/media?parent=18044"}],"wp:term":[{"taxonomy":"product_brand","embeddable":true,"href":"https:\/\/9play.de\/shop\/wp-json\/wp\/v2\/product_brand?post=18044"},{"taxonomy":"product_cat","embeddable":true,"href":"https:\/\/9play.de\/shop\/wp-json\/wp\/v2\/product_cat?post=18044"},{"taxonomy":"product_tag","embeddable":true,"href":"https:\/\/9play.de\/shop\/wp-json\/wp\/v2\/product_tag?post=18044"}],"curies":[{"name":"wp","href":"https:\/\/api.w.org\/{rel}","templated":true}]}}