{"id":18049,"date":"2024-10-06T18:31:25","date_gmt":"2024-10-06T16:31:25","guid":{"rendered":"https:\/\/9play.de\/shop\/produkt\/kinder-sparbuechse-tresor-spardose-mit-licht-und-ton\/"},"modified":"2024-10-06T18:31:54","modified_gmt":"2024-10-06T16:31:54","slug":"kinder-sparbuechse-tresor-spardose-mit-licht-und-ton","status":"publish","type":"product","link":"https:\/\/9play.de\/shop\/produkt\/kinder-sparbuechse-tresor-spardose-mit-licht-und-ton\/","title":{"rendered":"Kinder Sparb\u00fcchse Tresor Spardose mit Licht und Ton"},"content":{"rendered":"<p>Toi Toys Princess Friends digitale Spardosen mit Licht und Ton.<br \/>Dieses elektrische Sparschwein ist mit einem M\u00fcnzschlitz oben und einem Geldscheinautomaten vorne und mit Musikliedern ausgestattet.<br \/>Doppelte Sicherheit: Erfordert ein 4-stelligen Pin und Fingerabdruck zum \u00d6ffnen des Sparschweins (Standardpasswort ist 0000).<br \/>Kinder k\u00f6nnen auch ihr eigenes Passwort festlegen.<br \/>Wenn die Safet\u00fcr ge\u00f6ffnet ist, dr\u00fccken Sie die Taste &#8222;*&#8220;, geben Sie das neue 4-stellige Passwort innerhalb von 15 Sekunden ein, dr\u00fccken Sie dann zur Best\u00e4tigung &#8222;#&#8220;, das neue Passwort ist vollst\u00e4ndig.<br \/>Helfe deinem Kind das finanzielle Bewusstsein zu verbessern und lasse dein Kind die beste Angewohnheit entwickeln Geld zu sparen.<\/p>\n<p>Batteriebetrieben mit 3 AA-Batterien (nicht im Lieferumfang enthalten).<br \/>Gr\u00f6\u00dfe: ca. 20 x 15 x 15 cm<br \/>Altersempfehlung: Ab 3 Jahre<br \/>Material: Kunststoff<\/p>\n<p>ACHTUNG! Nicht geeignet f\u00fcr Kinder unter 3 Jahren. Veschluckbare Kleinteile enthalten.<\/p>\n<p>Hinweis zur Entsorgung von Altbatterien Der nachfolgende Hinweis richtet sich an diejenigen, die Batterien oder Produkte mit eingebauten Batterien nutzen und in der an sie gelieferten Form nicht mehr weiterver\u00e4u\u00dfern (Endnutzer): 1. Unentgeltliche R\u00fccknahme von Altbatterien Batterien d\u00fcrfen nicht \u00fcber den Hausm\u00fcll entsorgt werden. Sie sind zur R\u00fcckgabe von Altbatterien gesetzlich verpflichtet, damit eine fachgerechte Entsorgung gew\u00e4hrleistet werden kann. Sie k\u00f6nnen Altbatterien an einer kommunalen Sammelstelle oder im Handel vor Ort abgeben. Auch wir sind als Vertreiber von Batterien zur R\u00fccknahme von Altbatterien verpflichtet, wobei sich unsere R\u00fccknahmeverpflichtung auf Altbatterien der Art beschr\u00e4nkt, die wir als Neubatterien in unserem Sortiment f\u00fchren oder gef\u00fchrt haben. Altbatterien vorgenannter Art k\u00f6nnen Sie daher entweder ausreichend frankiert an uns zur\u00fccksenden oder sie direkt an unserem Versandlager unter der im Impressum genannten Adresse unentgeltlich abgeben. 2. Bedeutung der Batteriesymbole Batterien sind mit dem Symbol einer durchgekreuzten M\u00fclltonne gekennzeichnet. Dieses Symbol weist darauf hin, dass Batterien nicht in den Hausm\u00fcll gegeben werden d\u00fcrfen. Bei Batterien, die mehr als 0,0005 Masseprozent Quecksilber, mehr als 0,002 Masseprozent Cadmium oder mehr als 0,004 Masseprozent Blei enthalten, befindet sich unter dem M\u00fclltonnen-Symbol die chemische Bezeichnung des jeweils eingesetzten Schadstoffes \u2013 dabei steht &#8222;Cd&#8220; f\u00fcr Cadmium, &#8222;Pb&#8220; steht f\u00fcr Blei, und &#8222;Hg&#8220; f\u00fcr Quecksilber.<\/p>\n","protected":false},"excerpt":{"rendered":"<p>Toi Toys Princess Friends Sparschwein-Safe mit Licht und Ton<\/p>\n","protected":false},"featured_media":18050,"comment_status":"closed","ping_status":"open","template":"","meta":[],"product_brand":[],"product_cat":[513],"product_tag":[],"class_list":{"0":"post-18049","1":"product","2":"type-product","3":"status-publish","4":"has-post-thumbnail","6":"product_cat-spardosen","8":"first","9":"instock","10":"shipping-taxable","11":"purchasable","12":"product-type-simple"},"_links":{"self":[{"href":"https:\/\/9play.de\/shop\/wp-json\/wp\/v2\/product\/18049","targetHints":{"allow":["GET"]}}],"collection":[{"href":"https:\/\/9play.de\/shop\/wp-json\/wp\/v2\/product"}],"about":[{"href":"https:\/\/9play.de\/shop\/wp-json\/wp\/v2\/types\/product"}],"replies":[{"embeddable":true,"href":"https:\/\/9play.de\/shop\/wp-json\/wp\/v2\/comments?post=18049"}],"wp:featuredmedia":[{"embeddable":true,"href":"https:\/\/9play.de\/shop\/wp-json\/wp\/v2\/media\/18050"}],"wp:attachment":[{"href":"https:\/\/9play.de\/shop\/wp-json\/wp\/v2\/media?parent=18049"}],"wp:term":[{"taxonomy":"product_brand","embeddable":true,"href":"https:\/\/9play.de\/shop\/wp-json\/wp\/v2\/product_brand?post=18049"},{"taxonomy":"product_cat","embeddable":true,"href":"https:\/\/9play.de\/shop\/wp-json\/wp\/v2\/product_cat?post=18049"},{"taxonomy":"product_tag","embeddable":true,"href":"https:\/\/9play.de\/shop\/wp-json\/wp\/v2\/product_tag?post=18049"}],"curies":[{"name":"wp","href":"https:\/\/api.w.org\/{rel}","templated":true}]}}