{"id":18074,"date":"2024-10-06T18:31:25","date_gmt":"2024-10-06T16:31:25","guid":{"rendered":"https:\/\/9play.de\/shop\/produkt\/splash-kinder-wassersprinkler-schildkroete\/"},"modified":"2024-10-06T18:32:09","modified_gmt":"2024-10-06T16:32:09","slug":"splash-kinder-wassersprinkler-schildkroete","status":"publish","type":"product","link":"https:\/\/9play.de\/shop\/produkt\/splash-kinder-wassersprinkler-schildkroete\/","title":{"rendered":"Splash Kinder Wassersprinkler Schildkr\u00f6te"},"content":{"rendered":"<p>Was f\u00fcr ein super sch\u00f6ner Wasserspr\u00fcher!<br \/>Der Wassersprinkler hat die Form einer Schildkr\u00f6te.<br \/>Schlie\u00dfen Sie es an den Gartenschlauch an und beobachten Sie, wie die Str\u00e4hnen herumtanzen, w\u00e4hrend Wasser durch sie spritzt.<br \/>Was f\u00fcr ein Vergn\u00fcgen!<br \/>Das perfekte Wasserspielzeug f\u00fcr Kinder.<\/p>\n<p>Gr\u00f6\u00dfe: ca. 24 x 24,5 x 19 cm<br \/>Altersempfehlung: Ab 3 Jahre<br \/>Material: Kunststoff<\/p>\n<p>ACHTUNG! Nicht geeignet f\u00fcr Kinder unter 3 Jahren. Veschluckbare Kleinteile enthalten.<\/p>\n","protected":false},"excerpt":{"rendered":"<p>Was f\u00fcr ein super sch\u00f6ner Wasserspr\u00fcher!<\/p>\n","protected":false},"featured_media":18075,"comment_status":"closed","ping_status":"open","template":"","meta":[],"product_brand":[],"product_cat":[523],"product_tag":[],"class_list":{"0":"post-18074","1":"product","2":"type-product","3":"status-publish","4":"has-post-thumbnail","6":"product_cat-outdoor-spielzeug","8":"first","9":"instock","10":"shipping-taxable","11":"purchasable","12":"product-type-simple"},"_links":{"self":[{"href":"https:\/\/9play.de\/shop\/wp-json\/wp\/v2\/product\/18074","targetHints":{"allow":["GET"]}}],"collection":[{"href":"https:\/\/9play.de\/shop\/wp-json\/wp\/v2\/product"}],"about":[{"href":"https:\/\/9play.de\/shop\/wp-json\/wp\/v2\/types\/product"}],"replies":[{"embeddable":true,"href":"https:\/\/9play.de\/shop\/wp-json\/wp\/v2\/comments?post=18074"}],"wp:featuredmedia":[{"embeddable":true,"href":"https:\/\/9play.de\/shop\/wp-json\/wp\/v2\/media\/18075"}],"wp:attachment":[{"href":"https:\/\/9play.de\/shop\/wp-json\/wp\/v2\/media?parent=18074"}],"wp:term":[{"taxonomy":"product_brand","embeddable":true,"href":"https:\/\/9play.de\/shop\/wp-json\/wp\/v2\/product_brand?post=18074"},{"taxonomy":"product_cat","embeddable":true,"href":"https:\/\/9play.de\/shop\/wp-json\/wp\/v2\/product_cat?post=18074"},{"taxonomy":"product_tag","embeddable":true,"href":"https:\/\/9play.de\/shop\/wp-json\/wp\/v2\/product_tag?post=18074"}],"curies":[{"name":"wp","href":"https:\/\/api.w.org\/{rel}","templated":true}]}}