{"id":18110,"date":"2024-10-06T18:32:18","date_gmt":"2024-10-06T16:32:18","guid":{"rendered":"https:\/\/9play.de\/shop\/produkt\/kinder-regenschirm-von-spiderman\/"},"modified":"2024-10-06T18:32:30","modified_gmt":"2024-10-06T16:32:30","slug":"kinder-regenschirm-von-spiderman","status":"publish","type":"product","link":"https:\/\/9play.de\/shop\/produkt\/kinder-regenschirm-von-spiderman\/","title":{"rendered":"Kinder Regenschirm von Spiderman"},"content":{"rendered":"<p>Transparenter Regenschirm mit Spiderman Aufdruck.<br \/>Mit diesem Regenschirm mit 70 cm Durchmesser m\u00f6chte dein Kind, dass es jeden Tag regnet, wenn es nach drau\u00dfen geht.<br \/>Regenschirm mit Spider-Man Design hat eine sch\u00f6ne Form, die den Wasserschutz verbessert und verhindert, dass die Kleinen nass werden.<br \/>Dank seines langen Schafts mit Griff l\u00e4sst er sich au\u00dferdem leicht tragen und halten, und er \u00f6ffnet sich automatisch auf Knopfdruck!<\/p>\n<p>Gr\u00f6\u00dfe: ca. 70 cm<br \/>Altersempfehlung: Ab 3 Jahre<br \/>Material: Polyester<\/p>\n<p>Achtung! Nicht f\u00fcr Kinder unter 36 Monaten geeignet wegen verschluckbarer Kleinteile, Erstickungsgefahr.<\/p>\n","protected":false},"excerpt":{"rendered":"<p>Ein Accessoire f\u00fcr jeden Spider Man Fan, um im Regen stilvoll und trocken zu bleiben.<\/p>\n","protected":false},"featured_media":18111,"comment_status":"closed","ping_status":"open","template":"","meta":[],"product_brand":[],"product_cat":[464],"product_tag":[],"class_list":{"0":"post-18110","1":"product","2":"type-product","3":"status-publish","4":"has-post-thumbnail","6":"product_cat-regenschirme","8":"first","9":"instock","10":"shipping-taxable","11":"purchasable","12":"product-type-simple"},"_links":{"self":[{"href":"https:\/\/9play.de\/shop\/wp-json\/wp\/v2\/product\/18110","targetHints":{"allow":["GET"]}}],"collection":[{"href":"https:\/\/9play.de\/shop\/wp-json\/wp\/v2\/product"}],"about":[{"href":"https:\/\/9play.de\/shop\/wp-json\/wp\/v2\/types\/product"}],"replies":[{"embeddable":true,"href":"https:\/\/9play.de\/shop\/wp-json\/wp\/v2\/comments?post=18110"}],"wp:featuredmedia":[{"embeddable":true,"href":"https:\/\/9play.de\/shop\/wp-json\/wp\/v2\/media\/18111"}],"wp:attachment":[{"href":"https:\/\/9play.de\/shop\/wp-json\/wp\/v2\/media?parent=18110"}],"wp:term":[{"taxonomy":"product_brand","embeddable":true,"href":"https:\/\/9play.de\/shop\/wp-json\/wp\/v2\/product_brand?post=18110"},{"taxonomy":"product_cat","embeddable":true,"href":"https:\/\/9play.de\/shop\/wp-json\/wp\/v2\/product_cat?post=18110"},{"taxonomy":"product_tag","embeddable":true,"href":"https:\/\/9play.de\/shop\/wp-json\/wp\/v2\/product_tag?post=18110"}],"curies":[{"name":"wp","href":"https:\/\/api.w.org\/{rel}","templated":true}]}}