{"id":18145,"date":"2024-10-06T18:32:18","date_gmt":"2024-10-06T16:32:18","guid":{"rendered":"https:\/\/9play.de\/shop\/produkt\/auto-fuer-kinder-fahrzeug-aus-biokunststoff\/"},"modified":"2024-10-06T18:32:51","modified_gmt":"2024-10-06T16:32:51","slug":"auto-fuer-kinder-fahrzeug-aus-biokunststoff","status":"publish","type":"product","link":"https:\/\/9play.de\/shop\/produkt\/auto-fuer-kinder-fahrzeug-aus-biokunststoff\/","title":{"rendered":"Auto f\u00fcr Kinder, Fahrzeug aus Biokunststoff"},"content":{"rendered":"<p>Diese superspa\u00dfigen und coolen Autos bestehen vollst\u00e4ndig aus recyceltem Bio-Kunststoff.<br \/>In der aktuellen Zeit des Sparens und Verschwendens ist das nat\u00fcrlich ein wunderbares Produkt und es sieht auch noch super sch\u00f6n aus!<br \/>Es stehen 9 verschiedene Typen zur Verf\u00fcgung: Kipper Krankenwagen Polizeiauto Pick-up gelber Sportwagen Betonauto K\u00e4fer gr\u00fcner Sportwagen Taxi (blaues Auto)<\/p>\n<p>ACHTUNG!! Sie erhalten nur 1 St\u00fcck und die Lieferung erfolgt nach dem Zufallsprinzip.<br \/>Verpackungsgr\u00f6\u00dfe: ca. 17 x 12 x 12 cm<br \/>Altersempfehlung: Ab 3 Jahre<br \/>Material: Kunststoff<\/p>\n<p>Achtung! Nicht f\u00fcr Kinder unter 36 Monaten geeignet wegen verschluckbarer Kleinteile, Erstickungsgefahr.<\/p>\n","protected":false},"excerpt":{"rendered":"<p>Diese superspa\u00dfigen und coolen Autos bestehen vollst\u00e4ndig aus recyceltem Kunststoff.<\/p>\n","protected":false},"featured_media":18146,"comment_status":"closed","ping_status":"open","template":"","meta":[],"product_brand":[],"product_cat":[502],"product_tag":[],"class_list":{"0":"post-18145","1":"product","2":"type-product","3":"status-publish","4":"has-post-thumbnail","6":"product_cat-fahr-flugzeuge","8":"first","9":"instock","10":"shipping-taxable","11":"purchasable","12":"product-type-simple"},"_links":{"self":[{"href":"https:\/\/9play.de\/shop\/wp-json\/wp\/v2\/product\/18145","targetHints":{"allow":["GET"]}}],"collection":[{"href":"https:\/\/9play.de\/shop\/wp-json\/wp\/v2\/product"}],"about":[{"href":"https:\/\/9play.de\/shop\/wp-json\/wp\/v2\/types\/product"}],"replies":[{"embeddable":true,"href":"https:\/\/9play.de\/shop\/wp-json\/wp\/v2\/comments?post=18145"}],"wp:featuredmedia":[{"embeddable":true,"href":"https:\/\/9play.de\/shop\/wp-json\/wp\/v2\/media\/18146"}],"wp:attachment":[{"href":"https:\/\/9play.de\/shop\/wp-json\/wp\/v2\/media?parent=18145"}],"wp:term":[{"taxonomy":"product_brand","embeddable":true,"href":"https:\/\/9play.de\/shop\/wp-json\/wp\/v2\/product_brand?post=18145"},{"taxonomy":"product_cat","embeddable":true,"href":"https:\/\/9play.de\/shop\/wp-json\/wp\/v2\/product_cat?post=18145"},{"taxonomy":"product_tag","embeddable":true,"href":"https:\/\/9play.de\/shop\/wp-json\/wp\/v2\/product_tag?post=18145"}],"curies":[{"name":"wp","href":"https:\/\/api.w.org\/{rel}","templated":true}]}}