{"id":18150,"date":"2024-10-06T18:32:56","date_gmt":"2024-10-06T16:32:56","guid":{"rendered":"https:\/\/9play.de\/shop\/produkt\/roboterkampf-2-roboter-mit-rueckzugmotor-und-ton\/"},"modified":"2024-10-06T18:32:56","modified_gmt":"2024-10-06T16:32:56","slug":"roboterkampf-2-roboter-mit-rueckzugmotor-und-ton","status":"publish","type":"product","link":"https:\/\/9play.de\/shop\/produkt\/roboterkampf-2-roboter-mit-rueckzugmotor-und-ton\/","title":{"rendered":"Roboterkampf 2 Roboter mit R\u00fcckzugmotor und Ton"},"content":{"rendered":"<p>Toi-Toys Kampfroboter.<br \/>Die beiden gro\u00dfen Roboter haben einen Push-and-Go-Angriff!<br \/>Die Roboterkampf 2 Roboter sind aufregende Spielzeuge f\u00fcr junge Kampfsportfans.<br \/>Mit einem R\u00fcckzugsmotor und tollen Soundeffekten bieten sie actiongeladene Roboterduelle.<br \/>Die robusten und detailreichen Roboter erm\u00f6glichen stundenlangen Spielspa\u00df und f\u00f6rdern die Entwicklung der Kinder.<br \/>Mach dich bereit f\u00fcr den ultimativen Kampf!<br \/>Wer wird gewinnen?<\/p>\n<p>Farbe: rot\/schwarz und wei\u00df\/gr\u00fcn Material: Kunststoff<br \/>Verpackungsgr\u00f6\u00dfe: ca. 38 x 18 x 7 cm<br \/>Altersempfehlung: Ab 3 Jahre<br \/>Material: Kunststoff<\/p>\n<p>Achtung! Nicht f\u00fcr Kinder unter 36 Monaten geeignet wegen verschluckbarer Kleinteile, Erstickungsgefahr.<\/p>\n","protected":false},"excerpt":{"rendered":"<p>Die Roboter haben einen Push-and-Go Angriff!<\/p>\n","protected":false},"featured_media":18151,"comment_status":"closed","ping_status":"open","template":"","meta":[],"product_brand":[],"product_cat":[498],"product_tag":[],"class_list":{"0":"post-18150","1":"product","2":"type-product","3":"status-publish","4":"has-post-thumbnail","6":"product_cat-roboter","8":"first","9":"instock","10":"shipping-taxable","11":"purchasable","12":"product-type-simple"},"_links":{"self":[{"href":"https:\/\/9play.de\/shop\/wp-json\/wp\/v2\/product\/18150","targetHints":{"allow":["GET"]}}],"collection":[{"href":"https:\/\/9play.de\/shop\/wp-json\/wp\/v2\/product"}],"about":[{"href":"https:\/\/9play.de\/shop\/wp-json\/wp\/v2\/types\/product"}],"replies":[{"embeddable":true,"href":"https:\/\/9play.de\/shop\/wp-json\/wp\/v2\/comments?post=18150"}],"wp:featuredmedia":[{"embeddable":true,"href":"https:\/\/9play.de\/shop\/wp-json\/wp\/v2\/media\/18151"}],"wp:attachment":[{"href":"https:\/\/9play.de\/shop\/wp-json\/wp\/v2\/media?parent=18150"}],"wp:term":[{"taxonomy":"product_brand","embeddable":true,"href":"https:\/\/9play.de\/shop\/wp-json\/wp\/v2\/product_brand?post=18150"},{"taxonomy":"product_cat","embeddable":true,"href":"https:\/\/9play.de\/shop\/wp-json\/wp\/v2\/product_cat?post=18150"},{"taxonomy":"product_tag","embeddable":true,"href":"https:\/\/9play.de\/shop\/wp-json\/wp\/v2\/product_tag?post=18150"}],"curies":[{"name":"wp","href":"https:\/\/api.w.org\/{rel}","templated":true}]}}