{"id":18152,"date":"2024-10-06T18:32:56","date_gmt":"2024-10-06T16:32:56","guid":{"rendered":"https:\/\/9play.de\/shop\/produkt\/knetsand-zaubersand-magischer-sand\/"},"modified":"2024-10-06T18:32:57","modified_gmt":"2024-10-06T16:32:57","slug":"knetsand-zaubersand-magischer-sand","status":"publish","type":"product","link":"https:\/\/9play.de\/shop\/produkt\/knetsand-zaubersand-magischer-sand\/","title":{"rendered":"Knetsand Zaubersand Magischer Sand"},"content":{"rendered":"<p>Magischer Sand !<br \/>Wie Sie wissen, erforschen kleine Kinder die Welt durch das Spielen!<br \/>Die grundlegenden Sinne &#8211; Ber\u00fchrung, Sehen, H\u00f6ren und Riechen werden gef\u00f6rdert end entwickelt.<br \/>Der magische Knetsand ist perfekt daf\u00fcr geeignet.<br \/>Es wurde speziell f\u00fcr Kinder nach Sicherheitsstandards getestet und eignet sich hervorragend zum Spielen.<br \/>Es gibt ein Antiseptikum, damit sich Bakterien nach dem Spielen in der Knetmasse nicht vermehren.<br \/>Bevor der Spa\u00df beginnt, ist das Material fest und durch dr\u00fccken wird die Festigkeit nochmals erh\u00f6ht.<br \/>Durch dehnen des magischen Sandes wird es weich und flauschig.<\/p>\n<p>Inhalt: 1 St\u00fcck<br \/>Farbwahl erfolgt per Zufall.<br \/>Verpackungsgr\u00f6\u00dfe: ca. 10 x 10 x 8 cm<br \/>Altersempfehlung: Ab 3 Jahre<br \/>Material: Kunststoff<\/p>\n<p>Achtung! Nicht f\u00fcr Kinder unter 36 Monaten geeignet wegen verschluckbarer Kleinteile, Erstickungsgefahr.<\/p>\n","protected":false},"excerpt":{"rendered":"<p>Mgischer Sand zu Spielen !<\/p>\n","protected":false},"featured_media":18153,"comment_status":"closed","ping_status":"open","template":"","meta":[],"product_brand":[],"product_cat":[546],"product_tag":[],"class_list":{"0":"post-18152","1":"product","2":"type-product","3":"status-publish","4":"has-post-thumbnail","6":"product_cat-experimente","8":"first","9":"instock","10":"shipping-taxable","11":"purchasable","12":"product-type-simple"},"_links":{"self":[{"href":"https:\/\/9play.de\/shop\/wp-json\/wp\/v2\/product\/18152","targetHints":{"allow":["GET"]}}],"collection":[{"href":"https:\/\/9play.de\/shop\/wp-json\/wp\/v2\/product"}],"about":[{"href":"https:\/\/9play.de\/shop\/wp-json\/wp\/v2\/types\/product"}],"replies":[{"embeddable":true,"href":"https:\/\/9play.de\/shop\/wp-json\/wp\/v2\/comments?post=18152"}],"wp:featuredmedia":[{"embeddable":true,"href":"https:\/\/9play.de\/shop\/wp-json\/wp\/v2\/media\/18153"}],"wp:attachment":[{"href":"https:\/\/9play.de\/shop\/wp-json\/wp\/v2\/media?parent=18152"}],"wp:term":[{"taxonomy":"product_brand","embeddable":true,"href":"https:\/\/9play.de\/shop\/wp-json\/wp\/v2\/product_brand?post=18152"},{"taxonomy":"product_cat","embeddable":true,"href":"https:\/\/9play.de\/shop\/wp-json\/wp\/v2\/product_cat?post=18152"},{"taxonomy":"product_tag","embeddable":true,"href":"https:\/\/9play.de\/shop\/wp-json\/wp\/v2\/product_tag?post=18152"}],"curies":[{"name":"wp","href":"https:\/\/api.w.org\/{rel}","templated":true}]}}