{"id":18162,"date":"2024-10-06T18:32:56","date_gmt":"2024-10-06T16:32:56","guid":{"rendered":"https:\/\/9play.de\/shop\/produkt\/kinder-dino-in-einem-dinosaurier-kaefig\/"},"modified":"2024-10-06T18:33:03","modified_gmt":"2024-10-06T16:33:03","slug":"kinder-dino-in-einem-dinosaurier-kaefig","status":"publish","type":"product","link":"https:\/\/9play.de\/shop\/produkt\/kinder-dino-in-einem-dinosaurier-kaefig\/","title":{"rendered":"Kinder Dino in einem Dinosaurier-K\u00e4fig"},"content":{"rendered":"<p>Dinosaurier im praktischen K\u00e4fig &#8211; Tragekoffer. Entdecke die Welt der Dinosaurier mit unserem faszinierenden Spielzeug Dinosaurier in einer Tragebox als K\u00e4fig!<br \/>Die robuste Box dient als Aufbewahrung und erm\u00f6glicht spannende Abenteuer.<br \/>Jeder Dinosaurier ist detailreich gestaltet und bemalt.<br \/>Die mobile Tragebox erlaubt das Spielen \u00fcberall, f\u00f6rdert die Kreativit\u00e4t und verbessert motorische F\u00e4higkeiten.<br \/>Ein lehrreiches und unterhaltsames Geschenk f\u00fcr junge Abenteurer und Dinosaurierliebhaber jeden Alters.<br \/>Lass die Fantasie aufbl\u00fchen und erlebe stundenlangen Spielspa\u00df!<\/p>\n<p>Achtung, der Artikel ist sortiert, Sie erhalten einen Dinosaurier im Tragekoffer, die Auwahl erfolgt per Zufall.<br \/>Verpackungsgr\u00f6\u00dfe: ca. 16 x 12 x 12 cm<br \/>Altersempfehlung: Ab 3 Jahre<br \/>Material: Kunststoff<\/p>\n<p>Achtung! Nicht f\u00fcr Kinder unter 36 Monaten geeignet wegen verschluckbarer Kleinteile, Erstickungsgefahr.<\/p>\n","protected":false},"excerpt":{"rendered":"<p>Nimm deinen Dino \u00fcberall mit !<\/p>\n","protected":false},"featured_media":18163,"comment_status":"closed","ping_status":"open","template":"","meta":[],"product_brand":[],"product_cat":[451],"product_tag":[],"class_list":{"0":"post-18162","1":"product","2":"type-product","3":"status-publish","4":"has-post-thumbnail","6":"product_cat-spielzeug","8":"first","9":"instock","10":"shipping-taxable","11":"purchasable","12":"product-type-simple"},"_links":{"self":[{"href":"https:\/\/9play.de\/shop\/wp-json\/wp\/v2\/product\/18162","targetHints":{"allow":["GET"]}}],"collection":[{"href":"https:\/\/9play.de\/shop\/wp-json\/wp\/v2\/product"}],"about":[{"href":"https:\/\/9play.de\/shop\/wp-json\/wp\/v2\/types\/product"}],"replies":[{"embeddable":true,"href":"https:\/\/9play.de\/shop\/wp-json\/wp\/v2\/comments?post=18162"}],"wp:featuredmedia":[{"embeddable":true,"href":"https:\/\/9play.de\/shop\/wp-json\/wp\/v2\/media\/18163"}],"wp:attachment":[{"href":"https:\/\/9play.de\/shop\/wp-json\/wp\/v2\/media?parent=18162"}],"wp:term":[{"taxonomy":"product_brand","embeddable":true,"href":"https:\/\/9play.de\/shop\/wp-json\/wp\/v2\/product_brand?post=18162"},{"taxonomy":"product_cat","embeddable":true,"href":"https:\/\/9play.de\/shop\/wp-json\/wp\/v2\/product_cat?post=18162"},{"taxonomy":"product_tag","embeddable":true,"href":"https:\/\/9play.de\/shop\/wp-json\/wp\/v2\/product_tag?post=18162"}],"curies":[{"name":"wp","href":"https:\/\/api.w.org\/{rel}","templated":true}]}}