{"id":18182,"date":"2024-10-06T18:32:56","date_gmt":"2024-10-06T16:32:56","guid":{"rendered":"https:\/\/9play.de\/shop\/produkt\/luxus-kinder-make-up-set-mit-spiegel\/"},"modified":"2024-10-06T18:33:17","modified_gmt":"2024-10-06T16:33:17","slug":"luxus-kinder-make-up-set-mit-spiegel","status":"publish","type":"product","link":"https:\/\/9play.de\/shop\/produkt\/luxus-kinder-make-up-set-mit-spiegel\/","title":{"rendered":"Luxus Kinder Make up Set mit Spiegel"},"content":{"rendered":"<p>Toi-Toys Schminkset Spieglein, Spieglein an der Wand, wer ist die Sch\u00f6nste im Land? Das bist du!<br \/>Denn mit diesem sch\u00f6nen und praktischen Make-up-Set kannst du immer wieder einen neuen Look kreieren.<\/p>\n<p>Hinweis: Bitte stellen Sie sicher, dass das Make-up unter Aufsicht eines Erwachsenen verwendet wird und es vor dem Zubettgehen gr\u00fcndlich entfernt wird.<\/p>\n<p>Inhalt: 4 Make-up-Pinsel 6 Glitzerfarben 6 Lidschattenfarben 10 Lipgloss-Farben<br \/>Verpackungsgr\u00f6\u00dfe: ca. 25 cm<br \/>Farbe: Pink<br \/>Altersempfehlung: Ab 5 Jahre<br \/>Material: Kunststoff<\/p>\n<p>Hinweis: Bitte stellen Sie sicher, dass das Make-up unter Aufsicht eines Erwachsenen verwendet wird und es vor dem Zubettgehen gr\u00fcndlich entfernt wird.<\/p>\n<p>Achtung! Nicht f\u00fcr Kinder unter 36 Monaten geeignet wegen verschluckbarer Kleinteile, Erstickungsgefahr.<br \/>Achtung: Enth\u00e4lt Duftstoffe, die Allergien ausl\u00f6sen k\u00f6nnen.<\/p>\n","protected":false},"excerpt":{"rendered":"<p>Toi-Toys Schminkset<\/p>\n","protected":false},"featured_media":18183,"comment_status":"closed","ping_status":"open","template":"","meta":[],"product_brand":[],"product_cat":[506],"product_tag":[],"class_list":{"0":"post-18182","1":"product","2":"type-product","3":"status-publish","4":"has-post-thumbnail","6":"product_cat-beauty-set","8":"first","9":"instock","10":"shipping-taxable","11":"purchasable","12":"product-type-simple"},"_links":{"self":[{"href":"https:\/\/9play.de\/shop\/wp-json\/wp\/v2\/product\/18182","targetHints":{"allow":["GET"]}}],"collection":[{"href":"https:\/\/9play.de\/shop\/wp-json\/wp\/v2\/product"}],"about":[{"href":"https:\/\/9play.de\/shop\/wp-json\/wp\/v2\/types\/product"}],"replies":[{"embeddable":true,"href":"https:\/\/9play.de\/shop\/wp-json\/wp\/v2\/comments?post=18182"}],"wp:featuredmedia":[{"embeddable":true,"href":"https:\/\/9play.de\/shop\/wp-json\/wp\/v2\/media\/18183"}],"wp:attachment":[{"href":"https:\/\/9play.de\/shop\/wp-json\/wp\/v2\/media?parent=18182"}],"wp:term":[{"taxonomy":"product_brand","embeddable":true,"href":"https:\/\/9play.de\/shop\/wp-json\/wp\/v2\/product_brand?post=18182"},{"taxonomy":"product_cat","embeddable":true,"href":"https:\/\/9play.de\/shop\/wp-json\/wp\/v2\/product_cat?post=18182"},{"taxonomy":"product_tag","embeddable":true,"href":"https:\/\/9play.de\/shop\/wp-json\/wp\/v2\/product_tag?post=18182"}],"curies":[{"name":"wp","href":"https:\/\/api.w.org\/{rel}","templated":true}]}}