{"id":18192,"date":"2024-10-06T18:32:56","date_gmt":"2024-10-06T16:32:56","guid":{"rendered":"https:\/\/9play.de\/shop\/produkt\/einhorn-strassenkreide-mit-schablonen-kinder-kreide\/"},"modified":"2024-10-06T18:33:23","modified_gmt":"2024-10-06T16:33:23","slug":"einhorn-strassenkreide-mit-schablonen-kinder-kreide","status":"publish","type":"product","link":"https:\/\/9play.de\/shop\/produkt\/einhorn-strassenkreide-mit-schablonen-kinder-kreide\/","title":{"rendered":"Einhorn Stra\u00dfenkreide mit Schablonen Kinder-Kreide"},"content":{"rendered":"<p>Kinderkreide und Einhorn-Schablonen &#8211; Magischer Spa\u00df f\u00fcr kleine K\u00fcnstler!<br \/>Dieses Set enth\u00e4lt sechs Kinderkreidest\u00fccke und vier bezaubernde Einhorn-Schablonen.<br \/>Die handliche Gr\u00f6\u00dfe der Kreide ist ideal f\u00fcr kleine H\u00e4nde, w\u00e4hrend die Schablonen fantasievolle Einhornbilder erm\u00f6glichen.<br \/>Ob auf Papier oder Gehwegen, dieses Set bietet kreativen Spa\u00df f\u00fcr drinnen und drau\u00dfen.<br \/>Die ungiftige Kreide und robusten Schablonen sorgen f\u00fcr sicheres und langanhaltendes Spielvergn\u00fcgen.<br \/>Perfekt f\u00fcr kleine K\u00fcnstler und Einhornliebhaber!<br \/>Scanne den Code und erhalte ein kostenloses Polster.<\/p>\n<p>Verpackungsgr\u00f6\u00dfe: ca. 15 x 15 x 3 cm<br \/>Altersempfehlung: Ab 3 Jahre<br \/>Material: Kreide<\/p>\n<p>Achtung! Nicht f\u00fcr Kinder unter 36 Monaten geeignet wegen verschluckbarer Kleinteile, Erstickungsgefahr.<\/p>\n","protected":false},"excerpt":{"rendered":"<p>Kinderkreide und Einhorn-Schablonen &#8211; Magischer Spa\u00df f\u00fcr kleine K\u00fcnstler!<\/p>\n","protected":false},"featured_media":18193,"comment_status":"closed","ping_status":"open","template":"","meta":[],"product_brand":[],"product_cat":[543],"product_tag":[],"class_list":{"0":"post-18192","1":"product","2":"type-product","3":"status-publish","4":"has-post-thumbnail","6":"product_cat-kreide","8":"first","9":"instock","10":"shipping-taxable","11":"purchasable","12":"product-type-simple"},"_links":{"self":[{"href":"https:\/\/9play.de\/shop\/wp-json\/wp\/v2\/product\/18192","targetHints":{"allow":["GET"]}}],"collection":[{"href":"https:\/\/9play.de\/shop\/wp-json\/wp\/v2\/product"}],"about":[{"href":"https:\/\/9play.de\/shop\/wp-json\/wp\/v2\/types\/product"}],"replies":[{"embeddable":true,"href":"https:\/\/9play.de\/shop\/wp-json\/wp\/v2\/comments?post=18192"}],"wp:featuredmedia":[{"embeddable":true,"href":"https:\/\/9play.de\/shop\/wp-json\/wp\/v2\/media\/18193"}],"wp:attachment":[{"href":"https:\/\/9play.de\/shop\/wp-json\/wp\/v2\/media?parent=18192"}],"wp:term":[{"taxonomy":"product_brand","embeddable":true,"href":"https:\/\/9play.de\/shop\/wp-json\/wp\/v2\/product_brand?post=18192"},{"taxonomy":"product_cat","embeddable":true,"href":"https:\/\/9play.de\/shop\/wp-json\/wp\/v2\/product_cat?post=18192"},{"taxonomy":"product_tag","embeddable":true,"href":"https:\/\/9play.de\/shop\/wp-json\/wp\/v2\/product_tag?post=18192"}],"curies":[{"name":"wp","href":"https:\/\/api.w.org\/{rel}","templated":true}]}}