{"id":18217,"date":"2024-10-06T18:32:56","date_gmt":"2024-10-06T16:32:56","guid":{"rendered":"https:\/\/9play.de\/shop\/produkt\/polizei-polizeikelle-mit-licht\/"},"modified":"2024-10-06T18:33:38","modified_gmt":"2024-10-06T16:33:38","slug":"polizei-polizeikelle-mit-licht","status":"publish","type":"product","link":"https:\/\/9play.de\/shop\/produkt\/polizei-polizeikelle-mit-licht\/","title":{"rendered":"Polizei Polizeikelle mit Licht"},"content":{"rendered":"<p>Polizeikelle rot und gr\u00fcn mit Licht. Einfach den Knopf dr\u00fccken und es leuchtet das rote Licht auf der einen Seite und das gr\u00fcne Licht auf der anderen Seite.<br \/>Perfekt f\u00fcr kleinen Kinder-Polizisten. Diebe fangen.<br \/>Bu\u00dfgelder verteilen. Gew\u00e4hrleistung der Sicherheit \u2013 das alles ist mit der praktischen Ausr\u00fcstung der Toi-Toys Spielzeuglinie &#8218;Polizei&#8216; kein Problem.<br \/>F\u00fcr alle Verkehrss\u00fcnder und sonstigen Schurken gibt es ab jetzt kein Entkommen mehr!<br \/>Mit der Polizei Ausr\u00fcstung von Toi-Toys haben Verbrecher keine Chance mehr.<br \/>Also worauf wartest du noch? Werde ein Agent der Spezialeinheit, zieh dir deine schusssichere Weste an, schnapp dir deine Pistole und packe deine Handschellen ein.<br \/>Jetzt fehlt dir nur noch das richtige Polizeiauto. Kein Problem! Wir haben eine Reihe an schnellen Spielzeugautos zur Auswahl. Such dir einfach dein Lieblingsrennwagen aus.<br \/>Licht an, Sound an und los gehts!<br \/>Unsere aerodynamischen Flitzer aus unserem Polizei-Set sind einer der leistungsst\u00e4rksten Sportwagen der Welt und ben\u00f6tigt lediglich ein paar Sekunden von 0 auf 100 km\/h \u2013 genau das Richtige, um Misset\u00e4tern rasch das Handwerk zu legen. Front-, Heck- und Innenlicht unserer Polizeiautos sorgen stets f\u00fcr beste Sicht.<br \/>Dank Blaulicht und lautstarkem Sound k\u00fcndigen sich kleine Nachwuchs-Polizisten schon aus der Ferne an.<br \/>Damit kein Raser entkommt, bietet Toi-Toys auch Polizei Motorr\u00e4der an. So k\u00f6nnen die kleinen Polizisten selbst in den kleinsten Gassen den Gaunern auf die Spur kommen.<br \/>F\u00fcr eine lebensechte Verfolgungsjagd ist das Polizei Fahrradlicht f\u00fcr Kinder die perfekte Erg\u00e4nzung f\u00fcr jeden angehenden Polizisten, der gerne auf dem Fahrrad unterwegs ist. Einfach das Polizeilicht an das Kinderfahrrad montieren, die Sirene anschalten und losd\u00fcsen.<br \/>Mit dem Polizei-Spielzeug-Set von Toi-Toys wird Diebe Fangen zum Kinderspiel!<\/p>\n<p>Gr\u00f6\u00dfe: ca. 42 cm<br \/>Altersempfehlung: Ab 3 Jahre<br \/>Material: Kuststoff<\/p>\n<p>Achtung! Nicht f\u00fcr Kinder unter 36 Monaten geeignet wegen verschluckbarer Kleinteile, Erstickungsgefahr.<\/p>\n<p>Hinweis zur Entsorgung von Altbatterien Der nachfolgende Hinweis richtet sich an diejenigen, die Batterien oder Produkte mit eingebauten Batterien nutzen und in der an sie gelieferten Form nicht mehr weiterver\u00e4u\u00dfern (Endnutzer): 1. Unentgeltliche R\u00fccknahme von Altbatterien Batterien d\u00fcrfen nicht \u00fcber den Hausm\u00fcll entsorgt werden. Sie sind zur R\u00fcckgabe von Altbatterien gesetzlich verpflichtet, damit eine fachgerechte Entsorgung gew\u00e4hrleistet werden kann. Sie k\u00f6nnen Altbatterien an einer kommunalen Sammelstelle oder im Handel vor Ort abgeben. Auch wir sind als Vertreiber von Batterien zur R\u00fccknahme von Altbatterien verpflichtet, wobei sich unsere R\u00fccknahmeverpflichtung auf Altbatterien der Art beschr\u00e4nkt, die wir als Neubatterien in unserem Sortiment f\u00fchren oder gef\u00fchrt haben. Altbatterien vorgenannter Art k\u00f6nnen Sie daher entweder ausreichend frankiert an uns zur\u00fccksenden oder sie direkt an unserem Versandlager unter der im Impressum genannten Adresse unentgeltlich abgeben. 2. Bedeutung der Batteriesymbole Batterien sind mit dem Symbol einer durchgekreuzten M\u00fclltonne gekennzeichnet. Dieses Symbol weist darauf hin, dass Batterien nicht in den Hausm\u00fcll gegeben werden d\u00fcrfen. Bei Batterien, die mehr als 0,0005 Masseprozent Quecksilber, mehr als 0,002 Masseprozent Cadmium oder mehr als 0,004 Masseprozent Blei enthalten, befindet sich unter dem M\u00fclltonnen-Symbol die chemische Bezeichnung des jeweils eingesetzten Schadstoffes \u2013 dabei steht &#8222;Cd&#8220; f\u00fcr Cadmium, &#8222;Pb&#8220; steht f\u00fcr Blei, und &#8222;Hg&#8220; f\u00fcr Quecksilber.<\/p>\n","protected":false},"excerpt":{"rendered":"<p>Polizeikelle rot und gr\u00fcn mit Licht.<\/p>\n","protected":false},"featured_media":18218,"comment_status":"closed","ping_status":"open","template":"","meta":[],"product_brand":[],"product_cat":[451],"product_tag":[],"class_list":{"0":"post-18217","1":"product","2":"type-product","3":"status-publish","4":"has-post-thumbnail","6":"product_cat-spielzeug","8":"first","9":"instock","10":"shipping-taxable","11":"purchasable","12":"product-type-simple"},"_links":{"self":[{"href":"https:\/\/9play.de\/shop\/wp-json\/wp\/v2\/product\/18217","targetHints":{"allow":["GET"]}}],"collection":[{"href":"https:\/\/9play.de\/shop\/wp-json\/wp\/v2\/product"}],"about":[{"href":"https:\/\/9play.de\/shop\/wp-json\/wp\/v2\/types\/product"}],"replies":[{"embeddable":true,"href":"https:\/\/9play.de\/shop\/wp-json\/wp\/v2\/comments?post=18217"}],"wp:featuredmedia":[{"embeddable":true,"href":"https:\/\/9play.de\/shop\/wp-json\/wp\/v2\/media\/18218"}],"wp:attachment":[{"href":"https:\/\/9play.de\/shop\/wp-json\/wp\/v2\/media?parent=18217"}],"wp:term":[{"taxonomy":"product_brand","embeddable":true,"href":"https:\/\/9play.de\/shop\/wp-json\/wp\/v2\/product_brand?post=18217"},{"taxonomy":"product_cat","embeddable":true,"href":"https:\/\/9play.de\/shop\/wp-json\/wp\/v2\/product_cat?post=18217"},{"taxonomy":"product_tag","embeddable":true,"href":"https:\/\/9play.de\/shop\/wp-json\/wp\/v2\/product_tag?post=18217"}],"curies":[{"name":"wp","href":"https:\/\/api.w.org\/{rel}","templated":true}]}}