{"id":18222,"date":"2024-10-06T18:32:56","date_gmt":"2024-10-06T16:32:56","guid":{"rendered":"https:\/\/9play.de\/shop\/produkt\/dino-xxl-wachstumsei-welt-der-dinosaurier-4-sueck\/"},"modified":"2024-10-06T18:33:41","modified_gmt":"2024-10-06T16:33:41","slug":"dino-xxl-wachstumsei-welt-der-dinosaurier-4-sueck","status":"publish","type":"product","link":"https:\/\/9play.de\/shop\/produkt\/dino-xxl-wachstumsei-welt-der-dinosaurier-4-sueck\/","title":{"rendered":"Dino XXL Wachstumsei Welt der Dinosaurier 4 S\u00fcck"},"content":{"rendered":"<p><span style=\"font-size:12pt\"><span style=\"font-family:Times New Roman,serif\">Entdecke mit unseren faszinierenden 4 Wachstumseiern eine Welt voller Dinosaurier!<br \/>Das Set enth\u00e4lt ein gro\u00dfes 20 cm Ei, das die majest\u00e4tische Dinomama repr\u00e4sentiert, sowie drei s\u00fc\u00dfe Babydinos. Tauche ein in die pr\u00e4historische \u00c4ra und erlebe ein spannendes Wachstumsexperiment.<br \/>Die Dinomama schl\u00fcpft nach 1-2 Tagen und w\u00e4chst in 1-2 Wochen auf beeindruckende 50 cm heran.<br \/>Die drei Babydinos schl\u00fcpfen ebenfalls im kalten Wasser nach 1-2 Tagen.<br \/>Dieses interaktive Set bietet nicht nur Unterhaltung, sondern auch lehrreiche Erfahrungen \u00fcber das Wachstum und die Biologie.<br \/>Beobachte das faszinierende Schl\u00fcpfen der Dinomama und verfolge ihr t\u00e4gliches Wachstum.<br \/>Die Babydinos werden dich mit ihrem Charme verzaubern, wenn sie aus ihren Eiern schl\u00fcpfen.<br \/>Dieses Set verbindet Spa\u00df und Wissenschaft und weckt die Neugier der Kinder.<\/span><\/span><br \/><span style=\"font-size:12pt\"><span style=\"font-family:Times New Roman,serif\">Die Welt der Dinosaurier mit unseren 4 Wachstumseiern ist perfekt f\u00fcr die Kinder geeignet.<br \/>Erlebe das Schl\u00fcpfen der Dinomama und der Babys.<br \/>Hol dir jetzt dieses spannende Set und entdecke den Zauber der Dinosaurier!<\/span><\/span><\/p>\n<p>Inhalt: 4 Wachstumseier<br \/>Altersempfehlung: ab 6 Jahre<br \/>Verpackungsgr\u00f6\u00dfe 3 kleine Eier: je 10 x 8 x 5 cm<br \/>Verpackungsgr\u00f6\u00dfe gro\u00dfes Ei: 23 x 18 x 18 cm und w\u00e4chst bis auf 50 cm<br \/>Material: Kunststoff<\/p>\n<p><span style=\"font-size:12.0pt\"><span style=\"font-family:Times New Roman,serif\">Achtung! Nicht f\u00fcr Kinder unter 36 Monaten geeignet wegen verschluckbarer Kleinteile, Erstickungsgefahr.<\/span><\/span><\/p>\n","protected":false},"excerpt":{"rendered":"<p>Dino Mama mit 3 Kinderkdinos<\/p>\n","protected":false},"featured_media":18223,"comment_status":"closed","ping_status":"open","template":"","meta":[],"product_brand":[],"product_cat":[451],"product_tag":[],"class_list":{"0":"post-18222","1":"product","2":"type-product","3":"status-publish","4":"has-post-thumbnail","6":"product_cat-spielzeug","8":"first","9":"instock","10":"shipping-taxable","11":"purchasable","12":"product-type-simple"},"_links":{"self":[{"href":"https:\/\/9play.de\/shop\/wp-json\/wp\/v2\/product\/18222","targetHints":{"allow":["GET"]}}],"collection":[{"href":"https:\/\/9play.de\/shop\/wp-json\/wp\/v2\/product"}],"about":[{"href":"https:\/\/9play.de\/shop\/wp-json\/wp\/v2\/types\/product"}],"replies":[{"embeddable":true,"href":"https:\/\/9play.de\/shop\/wp-json\/wp\/v2\/comments?post=18222"}],"wp:featuredmedia":[{"embeddable":true,"href":"https:\/\/9play.de\/shop\/wp-json\/wp\/v2\/media\/18223"}],"wp:attachment":[{"href":"https:\/\/9play.de\/shop\/wp-json\/wp\/v2\/media?parent=18222"}],"wp:term":[{"taxonomy":"product_brand","embeddable":true,"href":"https:\/\/9play.de\/shop\/wp-json\/wp\/v2\/product_brand?post=18222"},{"taxonomy":"product_cat","embeddable":true,"href":"https:\/\/9play.de\/shop\/wp-json\/wp\/v2\/product_cat?post=18222"},{"taxonomy":"product_tag","embeddable":true,"href":"https:\/\/9play.de\/shop\/wp-json\/wp\/v2\/product_tag?post=18222"}],"curies":[{"name":"wp","href":"https:\/\/api.w.org\/{rel}","templated":true}]}}