{"id":18227,"date":"2024-10-06T18:32:56","date_gmt":"2024-10-06T16:32:56","guid":{"rendered":"https:\/\/9play.de\/shop\/produkt\/polizei-set-handschellen-und-polizeikelle-auf-deutsch-mit-licht\/"},"modified":"2024-10-06T18:33:46","modified_gmt":"2024-10-06T16:33:46","slug":"polizei-set-handschellen-und-polizeikelle-auf-deutsch-mit-licht","status":"publish","type":"product","link":"https:\/\/9play.de\/shop\/produkt\/polizei-set-handschellen-und-polizeikelle-auf-deutsch-mit-licht\/","title":{"rendered":"Polizei Set Handschellen und Polizeikelle auf Deutsch mit Licht"},"content":{"rendered":"<p>Kinder-Polizei-Set in der deutschen Sprache.<br \/>Kelle und Handschellen, um Verkehr zu regeln oder Verbrecher festzunehmen.<br \/>Die Polizeikelle leuchtet im Dunkeln und hat zwei Seiten. Eine gr\u00fcne Seite um ein Go zu geben und eine zweite, rote Seite um Autos zu stoppen.<br \/>Mit den Handschellen aus Metall und mit zwei dazugeh\u00f6rigen Schl\u00fcsseln, kannst du als Polizist den Verkehrss\u00fcndern Handschellen anlegen und wieder abnehmen.<br \/>Das Rollenspiel Spielzeug ist geeignet f\u00fcr das Polizei und Diebesspiel, die Handschellen aus echtem Metall machen das Spiel realistischer und interessanter.<br \/>Diebe fangen. Bu\u00dfgelder verteilen. Gew\u00e4hrleistung der Sicherheit \u2013 das alles ist mit der praktischen Ausr\u00fcstung der Toi-Toys Spielzeuglinie &#8218;Polizei&#8216; kein Problem.<br \/>F\u00fcr alle Verkehrss\u00fcnder und sonstigen Schurken gibt es ab jetzt kein Entkommen mehr! Mit der Polizei Ausr\u00fcstung von Toi-Toys haben Verbrecher keine Chance mehr. Also worauf wartest du noch? Werde ein Agent der Spezialeinheit.<br \/>Mit dem Polizei-Spielzeug-Set von Toi-Toys wird Diebe Fangen zum Kinderspiel!<\/p>\n<p>Inhalt: Polizeikelle, Handschellen<br \/>Altersempfehlung: ab 3 Jahre<br \/>Material: Metall, Kunststoff<br \/>Gr\u00f6\u00dfe: Kelle ca. 42 cm; Handschellen ca. 28 cm<br \/>Batterie:&nbsp;im Lieferumfang enthalten<\/p>\n<p><span style=\"font-size:12.0pt\"><span style=\"font-family:Times New Roman,serif\">Achtung! Nicht f\u00fcr Kinder unter 36 Monaten geeignet wegen verschluckbarer Kleinteile, Erstickungsgefahr.<\/span><\/span><\/p>\n<p><span style=\"font-size:12pt\"><span style=\"font-family:Times New Roman,serif\">Hinweis zur Entsorgung von Altbatterien<\/span><\/span><\/p>\n<p class=\"Textbody\" style=\"margin-bottom:8px\"><span style=\"font-size:12pt\"><span style=\"font-family:Times New Roman,serif\">Der nachfolgende Hinweis richtet sich an diejenigen, die Batterien oder Produkte mit eingebauten Batterien nutzen und in der an sie gelieferten Form nicht mehr weiterver\u00e4u\u00dfern (Endnutzer):<\/span><\/span><\/p>\n<p class=\"Textbody\" style=\"margin-bottom:8px\"><span style=\"font-size:12pt\"><span style=\"font-family:Times New Roman,serif\">1. Unentgeltliche R\u00fccknahme von Altbatterien<\/span><\/span><\/p>\n<p class=\"Textbody\" style=\"margin-bottom:8px\"><span style=\"font-size:12pt\"><span style=\"font-family:Times New Roman,serif\">Batterien d\u00fcrfen nicht \u00fcber den Hausm\u00fcll entsorgt werden. Sie sind zur R\u00fcckgabe von Altbatterien gesetzlich verpflichtet, damit eine fachgerechte Entsorgung gew\u00e4hrleistet werden kann. Sie k\u00f6nnen Altbatterien an einer kommunalen Sammelstelle oder im Handel vor Ort abgeben. Auch wir sind als Vertreiber von Batterien zur R\u00fccknahme von Altbatterien verpflichtet, wobei sich unsere R\u00fccknahmeverpflichtung auf Altbatterien der Art beschr\u00e4nkt, die wir als Neubatterien in unserem Sortiment f\u00fchren oder gef\u00fchrt haben. Altbatterien vorgenannter Art k\u00f6nnen Sie daher entweder ausreichend frankiert an uns zur\u00fccksenden oder sie direkt an unserem Versandlager unter der im Impressum genannten Adresse unentgeltlich abgeben.<\/span><\/span><\/p>\n<p class=\"Textbody\" style=\"margin-bottom:8px\"><span style=\"font-size:12pt\"><span style=\"font-family:Times New Roman,serif\">2. Bedeutung der Batteriesymbole<\/span><\/span><\/p>\n<p class=\"Textbody\" style=\"margin-bottom:8px\"><span style=\"font-size:12pt\"><span style=\"font-family:Times New Roman,serif\">Batterien sind mit dem Symbol einer durchgekreuzten M\u00fclltonne gekennzeichnet. Dieses Symbol weist darauf hin, dass Batterien nicht in den Hausm\u00fcll gegeben werden d\u00fcrfen. Bei Batterien, die mehr als 0,0005 Masseprozent Quecksilber, mehr als 0,002 Masseprozent Cadmium oder mehr als 0,004 Masseprozent Blei enthalten, befindet sich unter dem M\u00fclltonnen-Symbol die chemische Bezeichnung des jeweils eingesetzten Schadstoffes \u2013 dabei steht &#8222;Cd&#8220; f\u00fcr Cadmium, &#8222;Pb&#8220; steht f\u00fcr Blei, und &#8222;Hg&#8220; f\u00fcr Quecksilber.<\/span><\/span><\/p>\n","protected":false},"excerpt":{"rendered":"<p>Toller Polizei-Set auf Deutsch f\u00fcr deine Abenteuer !<\/p>\n","protected":false},"featured_media":18228,"comment_status":"closed","ping_status":"open","template":"","meta":[],"product_brand":[],"product_cat":[451],"product_tag":[],"class_list":{"0":"post-18227","1":"product","2":"type-product","3":"status-publish","4":"has-post-thumbnail","6":"product_cat-spielzeug","8":"first","9":"instock","10":"shipping-taxable","11":"purchasable","12":"product-type-simple"},"_links":{"self":[{"href":"https:\/\/9play.de\/shop\/wp-json\/wp\/v2\/product\/18227","targetHints":{"allow":["GET"]}}],"collection":[{"href":"https:\/\/9play.de\/shop\/wp-json\/wp\/v2\/product"}],"about":[{"href":"https:\/\/9play.de\/shop\/wp-json\/wp\/v2\/types\/product"}],"replies":[{"embeddable":true,"href":"https:\/\/9play.de\/shop\/wp-json\/wp\/v2\/comments?post=18227"}],"wp:featuredmedia":[{"embeddable":true,"href":"https:\/\/9play.de\/shop\/wp-json\/wp\/v2\/media\/18228"}],"wp:attachment":[{"href":"https:\/\/9play.de\/shop\/wp-json\/wp\/v2\/media?parent=18227"}],"wp:term":[{"taxonomy":"product_brand","embeddable":true,"href":"https:\/\/9play.de\/shop\/wp-json\/wp\/v2\/product_brand?post=18227"},{"taxonomy":"product_cat","embeddable":true,"href":"https:\/\/9play.de\/shop\/wp-json\/wp\/v2\/product_cat?post=18227"},{"taxonomy":"product_tag","embeddable":true,"href":"https:\/\/9play.de\/shop\/wp-json\/wp\/v2\/product_tag?post=18227"}],"curies":[{"name":"wp","href":"https:\/\/api.w.org\/{rel}","templated":true}]}}