{"id":18241,"date":"2024-10-06T18:32:56","date_gmt":"2024-10-06T16:32:56","guid":{"rendered":"https:\/\/9play.de\/shop\/produkt\/lunchset-spiderman-4-faecher-brotdose-und-trinkflasche\/"},"modified":"2024-10-06T18:33:55","modified_gmt":"2024-10-06T16:33:55","slug":"lunchset-spiderman-4-faecher-brotdose-und-trinkflasche","status":"publish","type":"product","link":"https:\/\/9play.de\/shop\/produkt\/lunchset-spiderman-4-faecher-brotdose-und-trinkflasche\/","title":{"rendered":"Lunchset Spiderman 4-F\u00e4cher Brotdose und Trinkflasche"},"content":{"rendered":"<p><span style=\"font-size:12pt\"><span style=\"font-family:Times New Roman,serif\">Lunchset Spiderman &#8211; Trinkflasche und Brotdose.<\/span><\/span><br \/><span style=\"font-size:12pt\"><span style=\"font-family:Times New Roman,serif\">Das Lunch-Set Spider Man l\u00e4sst kleine Superhelden ihre Mahlzeiten mit Stil und Begeisterung genie\u00dfen.<br \/>Dieses Set besteht aus einer Trinkflasche und einer Brotdose, die mit einem aufregenden Spiderman-Motiv verziert sind.<\/span><\/span><br \/><span style=\"font-size:12pt\"><span style=\"font-family:Times New Roman,serif\">Die Trinkflasche ist aus strapazierf\u00e4higem Kunststoff gefertigt und verf\u00fcgt \u00fcber einen Tragegurt f\u00fcr bequemen Transport.<br \/>Mit einem Fassungsverm\u00f6gen von 500 ml bietet sie ausreichend Platz f\u00fcr erfrischende Getr\u00e4nke.<br \/>Das Spider-Man Motiv auf der Flasche weckt die Fantasie und l\u00e4dt zu spannenden Abenteuern ein.<\/span><\/span><br \/><span style=\"font-size:12pt\"><span style=\"font-family:Times New Roman,serif\">Die Brotdose des Lunchsets Spiderman ist mit vier F\u00e4chern ausgestattet, um verschiedene Lebensmittel separat aufzubewahren.<br \/>Dadurch bleiben Sandwiches, Obst und Snacks frisch und vermischen sich nicht miteinander. Die F\u00e4cher erleichtern auch die Organisation der Mahlzeit und halten alles ordentlich an seinem Platz.<\/span><\/span><br \/><span style=\"font-size:12pt\"><span style=\"font-family:Times New Roman,serif\">Sowohl die Trinkflasche als auch die Brotdose sind leicht zu reinigen und f\u00fcr die Sp\u00fclmaschine geeignet.<\/span><\/span><br \/><span style=\"font-size:12pt\"><span style=\"font-family:Times New Roman,serif\">Das Lunchset Spiderman ist die ideale Begleitung f\u00fcr die Schule, Ausfl\u00fcge, Picknicks oder andere Gelegenheiten, bei denen eine Mahlzeit unterwegs ben\u00f6tigt wird.<br \/>Es ist auch ein fantastisches Geschenk f\u00fcr Spiderman-Fans, die ihre Lieblingshelden immer dabei haben m\u00f6chten.<\/span><\/span><br \/><span style=\"font-size:12pt\"><span style=\"font-family:Times New Roman,serif\">Holen Sie sich jetzt das Lunchset Spiderman und lassen Sie die Mahlzeiten zu einem heldenhaften Erlebnis werden!<\/span><\/span><\/p>\n<p>Inhalt: 1x Brotdose mit Besteck und Trinkflasche<br \/>Altersempfehlung: ab 3 Jahre<br \/>Gr\u00f6\u00dfe: Brotdose ca. 14 x 14 x 8 cm; Trinkflasche 500ml<br \/>Material: Kunststoff<\/p>\n<p>Achtung! Nicht f\u00fcr Kinder unter 36 Monaten geeignet wegen verschluckbarer Kleinteile, Erstickungsgefahr.<\/p>\n","protected":false},"excerpt":{"rendered":"<p>Spider Man Lunchset f\u00fcr deine Abenteuer !<\/p>\n","protected":false},"featured_media":18242,"comment_status":"closed","ping_status":"open","template":"","meta":[],"product_brand":[],"product_cat":[463],"product_tag":[],"class_list":{"0":"post-18241","1":"product","2":"type-product","3":"status-publish","4":"has-post-thumbnail","6":"product_cat-brotdosen","8":"first","9":"instock","10":"shipping-taxable","11":"purchasable","12":"product-type-simple"},"_links":{"self":[{"href":"https:\/\/9play.de\/shop\/wp-json\/wp\/v2\/product\/18241","targetHints":{"allow":["GET"]}}],"collection":[{"href":"https:\/\/9play.de\/shop\/wp-json\/wp\/v2\/product"}],"about":[{"href":"https:\/\/9play.de\/shop\/wp-json\/wp\/v2\/types\/product"}],"replies":[{"embeddable":true,"href":"https:\/\/9play.de\/shop\/wp-json\/wp\/v2\/comments?post=18241"}],"wp:featuredmedia":[{"embeddable":true,"href":"https:\/\/9play.de\/shop\/wp-json\/wp\/v2\/media\/18242"}],"wp:attachment":[{"href":"https:\/\/9play.de\/shop\/wp-json\/wp\/v2\/media?parent=18241"}],"wp:term":[{"taxonomy":"product_brand","embeddable":true,"href":"https:\/\/9play.de\/shop\/wp-json\/wp\/v2\/product_brand?post=18241"},{"taxonomy":"product_cat","embeddable":true,"href":"https:\/\/9play.de\/shop\/wp-json\/wp\/v2\/product_cat?post=18241"},{"taxonomy":"product_tag","embeddable":true,"href":"https:\/\/9play.de\/shop\/wp-json\/wp\/v2\/product_tag?post=18241"}],"curies":[{"name":"wp","href":"https:\/\/api.w.org\/{rel}","templated":true}]}}