{"id":18278,"date":"2024-10-06T18:33:59","date_gmt":"2024-10-06T16:33:59","guid":{"rendered":"https:\/\/9play.de\/shop\/produkt\/set-mit-pistole-10-schaumstoffkugeln-plus-30-pfeile-und-2-ziele\/"},"modified":"2024-10-06T18:34:21","modified_gmt":"2024-10-06T16:34:21","slug":"set-mit-pistole-10-schaumstoffkugeln-plus-30-pfeile-und-2-ziele","status":"publish","type":"product","link":"https:\/\/9play.de\/shop\/produkt\/set-mit-pistole-10-schaumstoffkugeln-plus-30-pfeile-und-2-ziele\/","title":{"rendered":"Set mit Pistole 10 Schaumstoffkugeln plus 30 Pfeile und 2 Ziele"},"content":{"rendered":"<p>Set mit einer Pistole&nbsp;in der Bauform eines Revolvers, l\u00e4dt die Kugeln automatisch durch das drehen des Magazins nach.<br \/>Dazu bekommst du 10 + 30 Kugeln als Reserve und 2 mitgelieferte Zielscheiben die du bei&nbsp;sich im Kinderzimmer aufstellen kannst&nbsp;und das Wettschie\u00dfen kann starten.&nbsp;<br \/>Wenn du nach Kinderpistolen suchst, dann bist du bei uns genau richtig.<br \/>Du suchst eine Kinderpistole f\u00fcr einen Kinderkost\u00fcm? Dann erg\u00e4nze dein Polizeikost\u00fcm mit dieser Pistole !<\/p>\n<p>Inhalt: 1x Pistole, 2x Zielscheibe, 40x Schaumstoffkugeln,&nbsp;<br \/>Altersempfehlung: ab 6 Jahre<br \/>Material: Kunststoff<br \/>Gr\u00f6\u00dfe: ca. 29 x 17 cm<br \/>Verpackung: ca. 7 x 34,5 x 23,5 cm<\/p>\n<p>Achtung: Nicht f\u00fcr Kinder unter 36 Monaten geeignet wegen verschluckbarer Kleinteile, Erstickungsgefahr.<\/p>\n","protected":false},"excerpt":{"rendered":"<p>Set mit einer Pistole\u00a0in der Bauform eines Revolvers und dazu 30 Kugeln als Reserve plus 2 Zielscheiben<\/p>\n","protected":false},"featured_media":18279,"comment_status":"closed","ping_status":"open","template":"","meta":[],"product_brand":[],"product_cat":[451],"product_tag":[],"class_list":{"0":"post-18278","1":"product","2":"type-product","3":"status-publish","4":"has-post-thumbnail","6":"product_cat-spielzeug","8":"first","9":"instock","10":"shipping-taxable","11":"purchasable","12":"product-type-simple"},"_links":{"self":[{"href":"https:\/\/9play.de\/shop\/wp-json\/wp\/v2\/product\/18278","targetHints":{"allow":["GET"]}}],"collection":[{"href":"https:\/\/9play.de\/shop\/wp-json\/wp\/v2\/product"}],"about":[{"href":"https:\/\/9play.de\/shop\/wp-json\/wp\/v2\/types\/product"}],"replies":[{"embeddable":true,"href":"https:\/\/9play.de\/shop\/wp-json\/wp\/v2\/comments?post=18278"}],"wp:featuredmedia":[{"embeddable":true,"href":"https:\/\/9play.de\/shop\/wp-json\/wp\/v2\/media\/18279"}],"wp:attachment":[{"href":"https:\/\/9play.de\/shop\/wp-json\/wp\/v2\/media?parent=18278"}],"wp:term":[{"taxonomy":"product_brand","embeddable":true,"href":"https:\/\/9play.de\/shop\/wp-json\/wp\/v2\/product_brand?post=18278"},{"taxonomy":"product_cat","embeddable":true,"href":"https:\/\/9play.de\/shop\/wp-json\/wp\/v2\/product_cat?post=18278"},{"taxonomy":"product_tag","embeddable":true,"href":"https:\/\/9play.de\/shop\/wp-json\/wp\/v2\/product_tag?post=18278"}],"curies":[{"name":"wp","href":"https:\/\/api.w.org\/{rel}","templated":true}]}}