{"id":18283,"date":"2024-10-06T18:33:59","date_gmt":"2024-10-06T16:33:59","guid":{"rendered":"https:\/\/9play.de\/shop\/produkt\/xl-frisierkopf-einhorn-mit-straenchen-kamm-haarglaetter-und-krone\/"},"modified":"2024-10-06T18:34:24","modified_gmt":"2024-10-06T16:34:24","slug":"xl-frisierkopf-einhorn-mit-straenchen-kamm-haarglaetter-und-krone","status":"publish","type":"product","link":"https:\/\/9play.de\/shop\/produkt\/xl-frisierkopf-einhorn-mit-straenchen-kamm-haarglaetter-und-krone\/","title":{"rendered":"XL Frisierkopf Einhorn mit Str\u00e4nchen, Kamm, Haargl\u00e4tter und Krone"},"content":{"rendered":"<p>Einhorn-Frisierkopf und Zubeh\u00f6r. Verwandeln Sie sich in eine zauberhafte Friseurin oder einen kreativen Friseur mit unserem bezau-bernden Einhorn-Frisierkopf und Zubeh\u00f6r<br \/>Der kunstvoll gestaltete Einhorn-Frisierkopf mit regen-bogenfarbenem, seidigem Haar bietet endlose Styling-M\u00f6glichkeiten.<br \/>Das Set beinhaltet einen Kamm zur sanften Entwirrung, eine funkelnde Krone f\u00fcr k\u00f6niglichen Glamour, bunte Haarstr\u00e4hnen f\u00fcr Farbakzente und einen Haargl\u00e4tter f\u00fcr einen makellosen Look.<br \/>Hergestellt aus hochwertigen Materialien, ist dieses Set langlebig und erm\u00f6glicht unz\u00e4hlige kreative Frisuren.<br \/>Tauchen Sie ein in eine magische Frisierwelt und lassen Sie Ihre Styling-Tr\u00e4ume wahr werden!<\/p>\n<p>Altersempfehlung: Ab 3 Jahre<br \/>Material: Kunststoff<br \/>Gr\u00f6\u00dfe: ca. 30 cm<\/p>\n<p>Achtung! Nicht f\u00fcr Kinder unter 36 Monaten geeignet wegen verschluckbarer Kleinteile, Erstickungsgefahr.<\/p>\n","protected":false},"excerpt":{"rendered":"<p>Einhorn XL Frisierkopf f\u00fcr die kleinen Friseurinen<\/p>\n","protected":false},"featured_media":18284,"comment_status":"closed","ping_status":"open","template":"","meta":[],"product_brand":[],"product_cat":[522],"product_tag":[],"class_list":{"0":"post-18283","1":"product","2":"type-product","3":"status-publish","4":"has-post-thumbnail","6":"product_cat-puppen","8":"first","9":"instock","10":"shipping-taxable","11":"purchasable","12":"product-type-simple"},"_links":{"self":[{"href":"https:\/\/9play.de\/shop\/wp-json\/wp\/v2\/product\/18283","targetHints":{"allow":["GET"]}}],"collection":[{"href":"https:\/\/9play.de\/shop\/wp-json\/wp\/v2\/product"}],"about":[{"href":"https:\/\/9play.de\/shop\/wp-json\/wp\/v2\/types\/product"}],"replies":[{"embeddable":true,"href":"https:\/\/9play.de\/shop\/wp-json\/wp\/v2\/comments?post=18283"}],"wp:featuredmedia":[{"embeddable":true,"href":"https:\/\/9play.de\/shop\/wp-json\/wp\/v2\/media\/18284"}],"wp:attachment":[{"href":"https:\/\/9play.de\/shop\/wp-json\/wp\/v2\/media?parent=18283"}],"wp:term":[{"taxonomy":"product_brand","embeddable":true,"href":"https:\/\/9play.de\/shop\/wp-json\/wp\/v2\/product_brand?post=18283"},{"taxonomy":"product_cat","embeddable":true,"href":"https:\/\/9play.de\/shop\/wp-json\/wp\/v2\/product_cat?post=18283"},{"taxonomy":"product_tag","embeddable":true,"href":"https:\/\/9play.de\/shop\/wp-json\/wp\/v2\/product_tag?post=18283"}],"curies":[{"name":"wp","href":"https:\/\/api.w.org\/{rel}","templated":true}]}}