{"id":18298,"date":"2024-10-06T18:33:59","date_gmt":"2024-10-06T16:33:59","guid":{"rendered":"https:\/\/9play.de\/shop\/produkt\/spielzeug-auto-jeep-und-kanu-mit-licht-und-sound\/"},"modified":"2024-10-06T18:34:33","modified_gmt":"2024-10-06T16:34:33","slug":"spielzeug-auto-jeep-und-kanu-mit-licht-und-sound","status":"publish","type":"product","link":"https:\/\/9play.de\/shop\/produkt\/spielzeug-auto-jeep-und-kanu-mit-licht-und-sound\/","title":{"rendered":"Spielzeug-Auto Jeep und Kanu mit Licht und Sound"},"content":{"rendered":"<p>Der Jeep und das Kanu mit Licht und Sound sind das ultimative Spielzeugset f\u00fcr kleine Entdecker.<br \/>Der robuste Jeep mit Dachzelt und das Kanu bieten stundenlangen Spielspa\u00df und regen die Fantasie der Kinder an.<br \/>Der Jeep verf\u00fcgt \u00fcber T\u00fcren und eine Heckklappe, die sich \u00f6ffnen lassen, sowie ei-nen R\u00fcckzugmotor f\u00fcr schnelle Fahrten.<br \/>Mit authentischen Licht- und Soundeffekten werden die Abenteuer noch realistischer. Das Set f\u00f6rdert die motorischen F\u00e4higkeiten und regt die Kreativit\u00e4t der Kinder an.<br \/>Das perfekte Geschenk f\u00fcr kleine Abenteurer!&nbsp;<\/p>\n<p>Inhalt: 1x Fahrzeug, 1x Boot, 2x Paddeln&nbsp;<br \/>Altersempfehlung: Ab 3 Jahre<br \/>Material: Kunststoff<br \/>Verpackungsgr\u00f6\u00dfe: 28 x 17,5 x 12 cm<\/p>\n<p>Achtung! Nicht f\u00fcr Kinder unter 36 Monaten geeignet wegen verschluckbarer Kleinteile, Erstickungsgefahr.<\/p>\n","protected":false},"excerpt":{"rendered":"<p>Jeep und Kanu mit Licht und Sound<\/p>\n","protected":false},"featured_media":18299,"comment_status":"closed","ping_status":"open","template":"","meta":[],"product_brand":[],"product_cat":[466],"product_tag":[],"class_list":{"0":"post-18298","1":"product","2":"type-product","3":"status-publish","4":"has-post-thumbnail","6":"product_cat-dienstfahrzeuge","8":"first","9":"instock","10":"shipping-taxable","11":"purchasable","12":"product-type-simple"},"_links":{"self":[{"href":"https:\/\/9play.de\/shop\/wp-json\/wp\/v2\/product\/18298","targetHints":{"allow":["GET"]}}],"collection":[{"href":"https:\/\/9play.de\/shop\/wp-json\/wp\/v2\/product"}],"about":[{"href":"https:\/\/9play.de\/shop\/wp-json\/wp\/v2\/types\/product"}],"replies":[{"embeddable":true,"href":"https:\/\/9play.de\/shop\/wp-json\/wp\/v2\/comments?post=18298"}],"wp:featuredmedia":[{"embeddable":true,"href":"https:\/\/9play.de\/shop\/wp-json\/wp\/v2\/media\/18299"}],"wp:attachment":[{"href":"https:\/\/9play.de\/shop\/wp-json\/wp\/v2\/media?parent=18298"}],"wp:term":[{"taxonomy":"product_brand","embeddable":true,"href":"https:\/\/9play.de\/shop\/wp-json\/wp\/v2\/product_brand?post=18298"},{"taxonomy":"product_cat","embeddable":true,"href":"https:\/\/9play.de\/shop\/wp-json\/wp\/v2\/product_cat?post=18298"},{"taxonomy":"product_tag","embeddable":true,"href":"https:\/\/9play.de\/shop\/wp-json\/wp\/v2\/product_tag?post=18298"}],"curies":[{"name":"wp","href":"https:\/\/api.w.org\/{rel}","templated":true}]}}