{"id":18303,"date":"2024-10-06T18:33:59","date_gmt":"2024-10-06T16:33:59","guid":{"rendered":"https:\/\/9play.de\/shop\/produkt\/spielzeug-auto-jeep-und-wohnwagen-mit-rueckzugmotor\/"},"modified":"2024-10-06T18:34:37","modified_gmt":"2024-10-06T16:34:37","slug":"spielzeug-auto-jeep-und-wohnwagen-mit-rueckzugmotor","status":"publish","type":"product","link":"https:\/\/9play.de\/shop\/produkt\/spielzeug-auto-jeep-und-wohnwagen-mit-rueckzugmotor\/","title":{"rendered":"Spielzeug-Auto Jeep und Wohnwagen mit R\u00fcckzugmotor"},"content":{"rendered":"<p>Gel\u00e4ndewagen mit Wohnwagen-Anh\u00e4nger Der Gel\u00e4ndewagen mit Wohnwagen-Anh\u00e4nger ist das perfekte Spielzeug f\u00fcr kleine Camping-Fans.<br \/>Der robuste Gel\u00e4ndewagen und der Wohnwagen-Anh\u00e4nger bieten stundenlangen Spielspa\u00df. Mit authentischen Details und Zubeh\u00f6r regt das Set die Fantasie der Kinder an.<br \/>Der Gel\u00e4ndewagen ist gel\u00e4ndetauglich.<br \/>Hergestellt aus hochwertigem Kunststoff, ist das Set robust und langlebig.<br \/>Perfekt f\u00fcr kreative Camping-Abenteuer!&nbsp;<\/p>\n<p>Inhalt: 1x SUV, 1x Anh\u00e4nger&nbsp;<br \/>Altersempfehlung: Ab 3 Jahre<br \/>Material: Kunststoff<br \/>Gr\u00f6\u00dfe: ca. 30 cm<\/p>\n<p>Achtung:&nbsp;Nicht f\u00fcr Kinder unter 36 Monaten geeignet wegen verschluckbarer Kleinteile, Erstickungsgefahr.<\/p>\n","protected":false},"excerpt":{"rendered":"<p>Jeep und Wohnwagen mit R\u00fcckzugmotor<\/p>\n","protected":false},"featured_media":18304,"comment_status":"closed","ping_status":"open","template":"","meta":[],"product_brand":[],"product_cat":[466],"product_tag":[],"class_list":{"0":"post-18303","1":"product","2":"type-product","3":"status-publish","4":"has-post-thumbnail","6":"product_cat-dienstfahrzeuge","8":"first","9":"instock","10":"shipping-taxable","11":"purchasable","12":"product-type-simple"},"_links":{"self":[{"href":"https:\/\/9play.de\/shop\/wp-json\/wp\/v2\/product\/18303","targetHints":{"allow":["GET"]}}],"collection":[{"href":"https:\/\/9play.de\/shop\/wp-json\/wp\/v2\/product"}],"about":[{"href":"https:\/\/9play.de\/shop\/wp-json\/wp\/v2\/types\/product"}],"replies":[{"embeddable":true,"href":"https:\/\/9play.de\/shop\/wp-json\/wp\/v2\/comments?post=18303"}],"wp:featuredmedia":[{"embeddable":true,"href":"https:\/\/9play.de\/shop\/wp-json\/wp\/v2\/media\/18304"}],"wp:attachment":[{"href":"https:\/\/9play.de\/shop\/wp-json\/wp\/v2\/media?parent=18303"}],"wp:term":[{"taxonomy":"product_brand","embeddable":true,"href":"https:\/\/9play.de\/shop\/wp-json\/wp\/v2\/product_brand?post=18303"},{"taxonomy":"product_cat","embeddable":true,"href":"https:\/\/9play.de\/shop\/wp-json\/wp\/v2\/product_cat?post=18303"},{"taxonomy":"product_tag","embeddable":true,"href":"https:\/\/9play.de\/shop\/wp-json\/wp\/v2\/product_tag?post=18303"}],"curies":[{"name":"wp","href":"https:\/\/api.w.org\/{rel}","templated":true}]}}