{"id":18331,"date":"2024-10-06T18:33:59","date_gmt":"2024-10-06T16:33:59","guid":{"rendered":"https:\/\/9play.de\/shop\/produkt\/gesellschaftsspiel-rette-den-dinosaurier-dino-kinderspiel\/"},"modified":"2024-10-06T18:34:54","modified_gmt":"2024-10-06T16:34:54","slug":"gesellschaftsspiel-rette-den-dinosaurier-dino-kinderspiel","status":"publish","type":"product","link":"https:\/\/9play.de\/shop\/produkt\/gesellschaftsspiel-rette-den-dinosaurier-dino-kinderspiel\/","title":{"rendered":"Gesellschaftsspiel Rette den Dinosaurier Dino-Kinderspiel"},"content":{"rendered":"<p>Das Partyspiel \u201eRette den Dino\u201c ist ein superspannendes Spiel f\u00fcr Familie, Freunde und Bekannte!<br \/>Trauen Sie sich, die Dinosaurier auf dem wippenden Turm zu platzieren?!<br \/>Mit einem W\u00fcrfelwurf wird bestimmt, auf welchem \u200b\u200bElement der Dino platziert werden soll.<br \/>Aber Vorsicht, der Turm wackelt!<br \/>Wenn ein Dino f\u00e4llt, geh\u00f6rt er dir, derjenige, der zuerst alle seine Dinos auf den Turm gelegt hat, gewinnt!<br \/>Das Partyspiel \u201eSave the Dino\u201c ist ein sehr spannendes Actionspiel, von dem man nie genug bekommen wird.<br \/>Bestellen Sie das gem\u00fctlichste Spiel dieser Zeit, haben Sie den gr\u00f6\u00dften Spa\u00df und messen Sie sich mit Ihren Freunden oder Verwandten!<\/p>\n<p>Geeignet f\u00fcr 2 bis 4 Spieler<br \/>Spieldauer:15 bis 20 Minuten Spa\u00df<br \/>Altersempfehlung: Ab 5 Jahre<br \/>Material: Kunststoff<br \/>Gr\u00f6\u00dfe: ca. 28 cm<br \/>&nbsp;<\/p>\n<p>Achtung:&nbsp;Nicht f\u00fcr Kinder unter 36 Monaten geeignet wegen verschluckbarer Kleinteile, Erstickungsgefahr.<\/p>\n","protected":false},"excerpt":{"rendered":"<p>Rette den Dinosaurier<\/p>\n","protected":false},"featured_media":18332,"comment_status":"closed","ping_status":"open","template":"","meta":[],"product_brand":[],"product_cat":[488],"product_tag":[],"class_list":{"0":"post-18331","1":"product","2":"type-product","3":"status-publish","4":"has-post-thumbnail","6":"product_cat-geschicklichkeitsspiele","8":"first","9":"instock","10":"shipping-taxable","11":"purchasable","12":"product-type-simple"},"_links":{"self":[{"href":"https:\/\/9play.de\/shop\/wp-json\/wp\/v2\/product\/18331","targetHints":{"allow":["GET"]}}],"collection":[{"href":"https:\/\/9play.de\/shop\/wp-json\/wp\/v2\/product"}],"about":[{"href":"https:\/\/9play.de\/shop\/wp-json\/wp\/v2\/types\/product"}],"replies":[{"embeddable":true,"href":"https:\/\/9play.de\/shop\/wp-json\/wp\/v2\/comments?post=18331"}],"wp:featuredmedia":[{"embeddable":true,"href":"https:\/\/9play.de\/shop\/wp-json\/wp\/v2\/media\/18332"}],"wp:attachment":[{"href":"https:\/\/9play.de\/shop\/wp-json\/wp\/v2\/media?parent=18331"}],"wp:term":[{"taxonomy":"product_brand","embeddable":true,"href":"https:\/\/9play.de\/shop\/wp-json\/wp\/v2\/product_brand?post=18331"},{"taxonomy":"product_cat","embeddable":true,"href":"https:\/\/9play.de\/shop\/wp-json\/wp\/v2\/product_cat?post=18331"},{"taxonomy":"product_tag","embeddable":true,"href":"https:\/\/9play.de\/shop\/wp-json\/wp\/v2\/product_tag?post=18331"}],"curies":[{"name":"wp","href":"https:\/\/api.w.org\/{rel}","templated":true}]}}