{"id":18351,"date":"2024-10-06T18:35:00","date_gmt":"2024-10-06T16:35:00","guid":{"rendered":"https:\/\/9play.de\/shop\/produkt\/kinder-springseil-in-regenbogenfarben\/"},"modified":"2024-10-06T18:35:04","modified_gmt":"2024-10-06T16:35:04","slug":"kinder-springseil-in-regenbogenfarben","status":"publish","type":"product","link":"https:\/\/9play.de\/shop\/produkt\/kinder-springseil-in-regenbogenfarben\/","title":{"rendered":"Kinder-Springseil in Regenbogenfarben"},"content":{"rendered":"<p>Das Kinder-Springseil in Regenbogenfarben ist ein lustiges und farbenfrohes Spielzeug, das Kindern stundenlangen Spa\u00df beim Springen und H\u00fcpfen bietet.<br \/>Mit kindgerechter L\u00e4nge von 2,5m und bequemen Griffen f\u00f6rdert es die Koordination und motorischen F\u00e4higkeiten der Kinder.<br \/>Egal ob drinnen oder drau\u00dfen, das Springseil sorgt f\u00fcr aktive und unterhaltsame Spielzeit.<\/p>\n<p>Altersempfehlung: Ab 5&nbsp;Jahre<br \/>Material: Stoff, Kunststoff&nbsp;<br \/>Gr\u00f6\u00dfe: ca. 250 cm<\/p>\n<p>Achtung:&nbsp;Strangulationsgefahr durch ein langes Seil.<br \/>Achtung: Nicht f\u00fcr Kinder unter 36 Monaten geeignet wegen verschluckbarer Kleinteile, Erstickungsgefahr.<\/p>\n","protected":false},"excerpt":{"rendered":"<p>Tolles Springseil in Regenbogenfarben<\/p>\n","protected":false},"featured_media":18352,"comment_status":"closed","ping_status":"open","template":"","meta":[],"product_brand":[],"product_cat":[490],"product_tag":[],"class_list":{"0":"post-18351","1":"product","2":"type-product","3":"status-publish","4":"has-post-thumbnail","6":"product_cat-springseile","8":"first","9":"instock","10":"shipping-taxable","11":"purchasable","12":"product-type-simple"},"_links":{"self":[{"href":"https:\/\/9play.de\/shop\/wp-json\/wp\/v2\/product\/18351","targetHints":{"allow":["GET"]}}],"collection":[{"href":"https:\/\/9play.de\/shop\/wp-json\/wp\/v2\/product"}],"about":[{"href":"https:\/\/9play.de\/shop\/wp-json\/wp\/v2\/types\/product"}],"replies":[{"embeddable":true,"href":"https:\/\/9play.de\/shop\/wp-json\/wp\/v2\/comments?post=18351"}],"wp:featuredmedia":[{"embeddable":true,"href":"https:\/\/9play.de\/shop\/wp-json\/wp\/v2\/media\/18352"}],"wp:attachment":[{"href":"https:\/\/9play.de\/shop\/wp-json\/wp\/v2\/media?parent=18351"}],"wp:term":[{"taxonomy":"product_brand","embeddable":true,"href":"https:\/\/9play.de\/shop\/wp-json\/wp\/v2\/product_brand?post=18351"},{"taxonomy":"product_cat","embeddable":true,"href":"https:\/\/9play.de\/shop\/wp-json\/wp\/v2\/product_cat?post=18351"},{"taxonomy":"product_tag","embeddable":true,"href":"https:\/\/9play.de\/shop\/wp-json\/wp\/v2\/product_tag?post=18351"}],"curies":[{"name":"wp","href":"https:\/\/api.w.org\/{rel}","templated":true}]}}