{"id":18360,"date":"2024-10-06T18:35:00","date_gmt":"2024-10-06T16:35:00","guid":{"rendered":"https:\/\/9play.de\/shop\/produkt\/baby-quietsch-stapelbloecke-6-stueck-und-2-gummitiere\/"},"modified":"2024-10-06T18:35:10","modified_gmt":"2024-10-06T16:35:10","slug":"baby-quietsch-stapelbloecke-6-stueck-und-2-gummitiere","status":"publish","type":"product","link":"https:\/\/9play.de\/shop\/produkt\/baby-quietsch-stapelbloecke-6-stueck-und-2-gummitiere\/","title":{"rendered":"Baby Quietsch-Stapelbl\u00f6cke 6 St\u00fcck und 2 Gummitiere"},"content":{"rendered":"<p>Baby Stapelbl\u00f6cke und Gummitiere.<br \/>Die Baby Stapelbl\u00f6cke und Gummitiere sind ein interaktives und farbenfrohes Spielzeugset, das speziell f\u00fcr die kleinen Entdecker entwickelt wurde.<br \/>Das Set enth\u00e4lt 6 Stapelbl\u00f6cke mit quietschenden Funktionen und 2 niedliche Gummitiere &#8211; einen rosa B\u00e4r und einen t\u00fcrkisen Nashorn.<br \/>Die Stapelbl\u00f6cke sind perfekt f\u00fcr kleine H\u00e4nde geeignet und bieten endlose Stapel- und Bauoptionen.<br \/>Jeder Block verf\u00fcgt \u00fcber ein integriertes Quietschger\u00e4usch, das aktiviert wird, wenn sie zusammengedr\u00fcckt werden.<br \/>Dies sorgt f\u00fcr zus\u00e4tzlichen Spa\u00df und Aufregung bei den Kleinen. Die Gummitiere sind weich, flexibel und leicht zu greifen.<br \/>Die s\u00fc\u00dfen Designs und die leuchtenden Farben der Gummitiere werden die Aufmerksamkeit und Neugier Ihres Babys wecken.<br \/>Dieses Spielzeugset f\u00f6rdert die Hand-Augen-Koordination, die Feinmotorik und die sensorische Entwicklung Ihres Babys.<br \/>Egal ob Ihr Baby die Stapelbl\u00f6cke baut, quietscht oder mit den Gummitieren spielt, dieses Set bietet stundenlangen Spielspa\u00df und Unterhaltung.<br \/>Es ist auch ein ideales Geschenk f\u00fcr Babypartys, Geburtstage oder andere besondere Anl\u00e4sse.<\/p>\n<p>Altersempfehlung: Ab 5 Monate<br \/>Material: Gummie<br \/>Gr\u00f6\u00dfe der Verpackung: ca. 24 x 19 x 6 cm.<\/p>\n<p>Achtung! Benutzung unter unmittelbarer Aufsicht von Erwachsenen.<\/p>\n","protected":false},"excerpt":{"rendered":"<p>Baby Quietsch-Stapelbl\u00f6cke<\/p>\n","protected":false},"featured_media":18361,"comment_status":"closed","ping_status":"open","template":"","meta":[],"product_brand":[],"product_cat":[446],"product_tag":[],"class_list":{"0":"post-18360","1":"product","2":"type-product","3":"status-publish","4":"has-post-thumbnail","6":"product_cat-babyspielzeug","8":"first","9":"instock","10":"shipping-taxable","11":"purchasable","12":"product-type-simple"},"_links":{"self":[{"href":"https:\/\/9play.de\/shop\/wp-json\/wp\/v2\/product\/18360","targetHints":{"allow":["GET"]}}],"collection":[{"href":"https:\/\/9play.de\/shop\/wp-json\/wp\/v2\/product"}],"about":[{"href":"https:\/\/9play.de\/shop\/wp-json\/wp\/v2\/types\/product"}],"replies":[{"embeddable":true,"href":"https:\/\/9play.de\/shop\/wp-json\/wp\/v2\/comments?post=18360"}],"wp:featuredmedia":[{"embeddable":true,"href":"https:\/\/9play.de\/shop\/wp-json\/wp\/v2\/media\/18361"}],"wp:attachment":[{"href":"https:\/\/9play.de\/shop\/wp-json\/wp\/v2\/media?parent=18360"}],"wp:term":[{"taxonomy":"product_brand","embeddable":true,"href":"https:\/\/9play.de\/shop\/wp-json\/wp\/v2\/product_brand?post=18360"},{"taxonomy":"product_cat","embeddable":true,"href":"https:\/\/9play.de\/shop\/wp-json\/wp\/v2\/product_cat?post=18360"},{"taxonomy":"product_tag","embeddable":true,"href":"https:\/\/9play.de\/shop\/wp-json\/wp\/v2\/product_tag?post=18360"}],"curies":[{"name":"wp","href":"https:\/\/api.w.org\/{rel}","templated":true}]}}