{"id":18365,"date":"2024-10-06T18:35:00","date_gmt":"2024-10-06T16:35:00","guid":{"rendered":"https:\/\/9play.de\/shop\/produkt\/baby-knisterstoffheft-mit-babyrassel\/"},"modified":"2024-10-06T18:35:13","modified_gmt":"2024-10-06T16:35:13","slug":"baby-knisterstoffheft-mit-babyrassel","status":"publish","type":"product","link":"https:\/\/9play.de\/shop\/produkt\/baby-knisterstoffheft-mit-babyrassel\/","title":{"rendered":"Baby Knisterstoffheft mit Babyrassel"},"content":{"rendered":"<p>Das Baby Knisterstoffheft mit Babyrassel ist ein entz\u00fcckendes und unterhaltsames Spielzeug, das speziell f\u00fcr Babys entwickelt wurde.<br \/>Das Heft besteht aus weichem Kinsterstoff und enth\u00e4lt verschiedene Tierabbildungen wie Kaninchen, Kuh, Ente, Hahn, Reh, Pferd, Schaf und Hund.<br \/>Jede Seite des Hefts ist mit einem Knisterstoff ausgestattet, der lustige Ger\u00e4usche erzeugt, wenn das Baby sie ber\u00fchrt.<br \/>Dies regt die Sinne an und f\u00f6rdert die taktile Wahrnehmung und Neugier des Babys.<br \/>Die fr\u00f6hlichen Tiermotive bieten visuelle Stimulation und laden zum Entdecken ein.<br \/>Zus\u00e4tzlich enth\u00e4lt das Heft eine Babyrassel, die in das weiche Cover integriert ist.<br \/>Das sanfte Rasseln der Rassel erzeugt ein angenehmes Ger\u00e4usch und animiert das Baby zum Greifen und Sch\u00fctteln.<br \/>Dies f\u00f6rdert die Hand-Augen-Koordination und die motorischen F\u00e4higkeiten des Babys.<br \/>Das Baby Knisterstoffheft ist leicht und handlich, perfekt f\u00fcr kleine H\u00e4nde.<br \/>Mit dem Baby Knisterstoffheft mit Babyrassel k\u00f6nnen Babys spielerisch die Welt der Tiere entdecken und ihre Sinne stimulieren.<br \/>Es ist ein ideales Geschenk zur F\u00f6rderung der fr\u00fchkindlichen Entwicklung und sorgt f\u00fcr Spa\u00df und Freude bei den Kleinen.<\/p>\n<p>Altersempfehlung: Ab 6 Monate<br \/>Material: PVC, PET<br \/>Gr\u00f6\u00dfe: ca. 16 cm<\/p>\n<p>Achtung! Benutzung unter unmittelbarer Aufsicht von Erwachsenen.<\/p>\n","protected":false},"excerpt":{"rendered":"<p>S\u00fcsses Baby Knisterstoffheft mit Babyrassel<\/p>\n","protected":false},"featured_media":18366,"comment_status":"closed","ping_status":"open","template":"","meta":[],"product_brand":[],"product_cat":[462],"product_tag":[],"class_list":{"0":"post-18365","1":"product","2":"type-product","3":"status-publish","4":"has-post-thumbnail","6":"product_cat-rasseln-greiflinge","8":"first","9":"instock","10":"shipping-taxable","11":"purchasable","12":"product-type-simple"},"_links":{"self":[{"href":"https:\/\/9play.de\/shop\/wp-json\/wp\/v2\/product\/18365","targetHints":{"allow":["GET"]}}],"collection":[{"href":"https:\/\/9play.de\/shop\/wp-json\/wp\/v2\/product"}],"about":[{"href":"https:\/\/9play.de\/shop\/wp-json\/wp\/v2\/types\/product"}],"replies":[{"embeddable":true,"href":"https:\/\/9play.de\/shop\/wp-json\/wp\/v2\/comments?post=18365"}],"wp:featuredmedia":[{"embeddable":true,"href":"https:\/\/9play.de\/shop\/wp-json\/wp\/v2\/media\/18366"}],"wp:attachment":[{"href":"https:\/\/9play.de\/shop\/wp-json\/wp\/v2\/media?parent=18365"}],"wp:term":[{"taxonomy":"product_brand","embeddable":true,"href":"https:\/\/9play.de\/shop\/wp-json\/wp\/v2\/product_brand?post=18365"},{"taxonomy":"product_cat","embeddable":true,"href":"https:\/\/9play.de\/shop\/wp-json\/wp\/v2\/product_cat?post=18365"},{"taxonomy":"product_tag","embeddable":true,"href":"https:\/\/9play.de\/shop\/wp-json\/wp\/v2\/product_tag?post=18365"}],"curies":[{"name":"wp","href":"https:\/\/api.w.org\/{rel}","templated":true}]}}