{"id":18375,"date":"2024-10-06T18:35:00","date_gmt":"2024-10-06T16:35:00","guid":{"rendered":"https:\/\/9play.de\/shop\/produkt\/babyrassel-tiere-zebra-oder-affe\/"},"modified":"2024-10-06T18:35:19","modified_gmt":"2024-10-06T16:35:19","slug":"babyrassel-tiere-zebra-oder-affe","status":"publish","type":"product","link":"https:\/\/9play.de\/shop\/produkt\/babyrassel-tiere-zebra-oder-affe\/","title":{"rendered":"Babyrassel Tiere Zebra oder Affe"},"content":{"rendered":"<p>Die Babyrassel in Form von Tieren ist ein niedliches und unterhaltsames Spielzeug f\u00fcr Babys.<br \/>Diese Rassel ist in zwei Varianten erh\u00e4ltlich: als s\u00fc\u00dfes Zebra oder als verspielter Affe.<br \/>Egal f\u00fcr welches Design Sie sich entscheiden, Ihr Baby wird von dieser bezaubernden Rassel begeistert sein.<br \/>Die Rassel ist speziell f\u00fcr kleine H\u00e4nde konzipiert und hat eine ideale Gr\u00f6\u00dfe und Form, um von Babys leicht gegriffen zu werden.<br \/>Das weiche und angenehme Material ist sicher f\u00fcr das Baby und bietet gleichzeitig eine taktile Erfahrung.<br \/>Durch das Sch\u00fctteln der Rassel werden lustige Ger\u00e4usche erzeugt, die die Aufmerksamkeit des Babys auf sich ziehen und seine Sinne stimulieren.<br \/>Das sanfte Rasseln f\u00f6rdert die Hand-Augen-Koordination und die motorischen F\u00e4higkeiten Ihres Babys.<br \/>Das Baby kann mit der Tierform der Rassel spielen, sie erkunden und ihre Fantasie anregen.<br \/>Das Zebra und der Affe werden die visuelle Stimulation des Babys ansprechen und ihm Freude bereiten.<br \/>Die Babyrassel in Tierform ist ein ideales Geschenk zur Unterhaltung und Entwicklung Ihres Babys.<br \/>Egal ob zu Hause oder unterwegs, diese Rassel wird Ihr Baby mit ihrem niedlichen Design und ihrem angenehmen Klang begeistern.<\/p>\n<p>Altersempfehlung: Ab 4 Monate<br \/>Material: Kunststoff<br \/>Gr\u00f6\u00dfe: ca. 20 cm<\/p>\n<p>Achtung! Benutzung unter unmittelbarer Aufsicht von Erwachsenen.<\/p>\n","protected":false},"excerpt":{"rendered":"<p>Babyrassel Tiere Zebra oder Affe<\/p>\n","protected":false},"featured_media":18376,"comment_status":"closed","ping_status":"open","template":"","meta":[],"product_brand":[],"product_cat":[462],"product_tag":[],"class_list":{"0":"post-18375","1":"product","2":"type-product","3":"status-publish","4":"has-post-thumbnail","6":"product_cat-rasseln-greiflinge","8":"first","9":"instock","10":"shipping-taxable","11":"purchasable","12":"product-type-simple"},"_links":{"self":[{"href":"https:\/\/9play.de\/shop\/wp-json\/wp\/v2\/product\/18375","targetHints":{"allow":["GET"]}}],"collection":[{"href":"https:\/\/9play.de\/shop\/wp-json\/wp\/v2\/product"}],"about":[{"href":"https:\/\/9play.de\/shop\/wp-json\/wp\/v2\/types\/product"}],"replies":[{"embeddable":true,"href":"https:\/\/9play.de\/shop\/wp-json\/wp\/v2\/comments?post=18375"}],"wp:featuredmedia":[{"embeddable":true,"href":"https:\/\/9play.de\/shop\/wp-json\/wp\/v2\/media\/18376"}],"wp:attachment":[{"href":"https:\/\/9play.de\/shop\/wp-json\/wp\/v2\/media?parent=18375"}],"wp:term":[{"taxonomy":"product_brand","embeddable":true,"href":"https:\/\/9play.de\/shop\/wp-json\/wp\/v2\/product_brand?post=18375"},{"taxonomy":"product_cat","embeddable":true,"href":"https:\/\/9play.de\/shop\/wp-json\/wp\/v2\/product_cat?post=18375"},{"taxonomy":"product_tag","embeddable":true,"href":"https:\/\/9play.de\/shop\/wp-json\/wp\/v2\/product_tag?post=18375"}],"curies":[{"name":"wp","href":"https:\/\/api.w.org\/{rel}","templated":true}]}}