{"id":18389,"date":"2024-10-06T18:35:00","date_gmt":"2024-10-06T16:35:00","guid":{"rendered":"https:\/\/9play.de\/shop\/produkt\/laptop-ladybug-miraculous-lernlaptop-notebook\/"},"modified":"2024-10-06T18:35:27","modified_gmt":"2024-10-06T16:35:27","slug":"laptop-ladybug-miraculous-lernlaptop-notebook","status":"publish","type":"product","link":"https:\/\/9play.de\/shop\/produkt\/laptop-ladybug-miraculous-lernlaptop-notebook\/","title":{"rendered":"Laptop Ladybug Miraculous Lernlaptop Notebook"},"content":{"rendered":"<p>Der Lexibook Lern-Laptop ist ein vielseitiges und interaktives Lernspielzeug f\u00fcr Kinder im Alter von 4 bis 12 Jahren.<br \/>Mit \u00fcber 124 tolle Aktivit\u00e4ten auf Deutsch und Englisch bietet er eine breite Palette an Lernm\u00f6glichkeiten.<br \/>Der Lern-Laptop enth\u00e4lt verschiedene Lernspiele, darunter Sprache, Mathe und Logik, die den Kindern dabei helfen, ihre F\u00e4higkeiten in diesen Bereichen zu entwickeln.<br \/>Durch spielerisches Lernen werden ihre kognitiven F\u00e4higkeiten gef\u00f6rdert und ihr Wissen erweitert.<br \/>Der Lern-Laptop wird mit einer Maus geliefert, um die Bedienung zu erleichtern und den Kindern ein realistisches Computergef\u00fchl zu vermitteln.<br \/>Das Motiv des Lexibook Lern-Laptops ist Ladybug Miraculous, was ihn besonders attraktiv f\u00fcr Fans der beliebten TV-Serie macht.<br \/>Die lebendigen Far-ben und das ansprechende Design sprechen die kindliche Fantasie an und machen das Lernen noch spannender.<br \/>Mit dem Lexibook Lern-Laptop k\u00f6nnen Kinder spielerisch ihr Wissen erweitern und ihre F\u00e4higkeiten in verschiedenen Bereichen verbessern.<br \/>Es ist ein ideales Geschenk, das Bildung und Unterhaltung kombiniert und Kindern eine motivierende Lernumgebung bietet.<\/p>\n<p>Batterien: 2xAA Batterien enthalten.<br \/>Altersempfehlung: Ab 4 Jahre<br \/>Material: Kunststoff<br \/>Gr\u00f6\u00dfe: ca. 42 cm<\/p>\n<p>Achtung! Benutzung unter unmittelbarer Aufsicht von Erwachsenen.<\/p>\n<p>Hinweis zur Entsorgung von Altbatterien Der nachfolgende Hinweis richtet sich an diejenigen, die Batterien oder Produkte mit eingebauten Batterien nutzen und in der an sie gelieferten Form nicht mehr weiterver\u00e4u\u00dfern (Endnutzer): 1. Unentgeltliche R\u00fccknahme von Altbatterien Batterien d\u00fcrfen nicht \u00fcber den Hausm\u00fcll entsorgt werden. Sie sind zur R\u00fcckgabe von Altbatterien gesetzlich verpflichtet, damit eine fachgerechte Entsorgung gew\u00e4hrleistet werden kann. Sie k\u00f6nnen Altbatterien an einer kommunalen Sammelstelle oder im Handel vor Ort abgeben. Auch wir sind als Vertreiber von Batterien zur R\u00fccknahme von Altbatterien verpflichtet, wobei sich unsere R\u00fccknahmeverpflichtung auf Altbatterien der Art beschr\u00e4nkt, die wir als Neubatterien in unserem Sortiment f\u00fchren oder gef\u00fchrt haben. Altbatterien vorgenannter Art k\u00f6nnen Sie daher entweder ausreichend frankiert an uns zur\u00fccksenden oder sie direkt an unserem Versandlager unter der im Impressum genannten Adresse unentgeltlich abgeben. 2. Bedeutung der Batteriesymbole Batterien sind mit dem Symbol einer durchgekreuzten M\u00fclltonne gekennzeichnet. Dieses Symbol weist darauf hin, dass Batterien nicht in den Hausm\u00fcll gegeben werden d\u00fcrfen. Bei Batterien, die mehr als 0,0005 Masseprozent Quecksilber, mehr als 0,002 Masseprozent Cadmium oder mehr als 0,004 Masseprozent Blei enthalten, befindet sich unter dem M\u00fclltonnen-Symbol die chemische Bezeichnung des jeweils eingesetzten Schadstoffes \u2013 dabei steht &#8222;Cd&#8220; f\u00fcr Cadmium, &#8222;Pb&#8220; steht f\u00fcr Blei, und &#8222;Hg&#8220; f\u00fcr Quecksilber.<\/p>\n","protected":false},"excerpt":{"rendered":"<p>Lernlaptop Ladybug Miraculous<\/p>\n","protected":false},"featured_media":18390,"comment_status":"closed","ping_status":"open","template":"","meta":[],"product_brand":[],"product_cat":[441],"product_tag":[],"class_list":{"0":"post-18389","1":"product","2":"type-product","3":"status-publish","4":"has-post-thumbnail","6":"product_cat-lernspielzeug","8":"first","9":"instock","10":"shipping-taxable","11":"purchasable","12":"product-type-simple"},"_links":{"self":[{"href":"https:\/\/9play.de\/shop\/wp-json\/wp\/v2\/product\/18389","targetHints":{"allow":["GET"]}}],"collection":[{"href":"https:\/\/9play.de\/shop\/wp-json\/wp\/v2\/product"}],"about":[{"href":"https:\/\/9play.de\/shop\/wp-json\/wp\/v2\/types\/product"}],"replies":[{"embeddable":true,"href":"https:\/\/9play.de\/shop\/wp-json\/wp\/v2\/comments?post=18389"}],"wp:featuredmedia":[{"embeddable":true,"href":"https:\/\/9play.de\/shop\/wp-json\/wp\/v2\/media\/18390"}],"wp:attachment":[{"href":"https:\/\/9play.de\/shop\/wp-json\/wp\/v2\/media?parent=18389"}],"wp:term":[{"taxonomy":"product_brand","embeddable":true,"href":"https:\/\/9play.de\/shop\/wp-json\/wp\/v2\/product_brand?post=18389"},{"taxonomy":"product_cat","embeddable":true,"href":"https:\/\/9play.de\/shop\/wp-json\/wp\/v2\/product_cat?post=18389"},{"taxonomy":"product_tag","embeddable":true,"href":"https:\/\/9play.de\/shop\/wp-json\/wp\/v2\/product_tag?post=18389"}],"curies":[{"name":"wp","href":"https:\/\/api.w.org\/{rel}","templated":true}]}}