{"id":18401,"date":"2024-10-06T18:35:00","date_gmt":"2024-10-06T16:35:00","guid":{"rendered":"https:\/\/9play.de\/shop\/produkt\/marvel-avangers-led-kinder-armbanduhr\/"},"modified":"2024-10-06T18:35:35","modified_gmt":"2024-10-06T16:35:35","slug":"marvel-avangers-led-kinder-armbanduhr","status":"publish","type":"product","link":"https:\/\/9play.de\/shop\/produkt\/marvel-avangers-led-kinder-armbanduhr\/","title":{"rendered":"Marvel Avangers LED Kinder-Armbanduhr"},"content":{"rendered":"<p>Diese Uhr wurde speziell f\u00fcr junge Superhelden entwickelt, die ihren Helden aus dem Marvel-Universum immer nah sein m\u00f6chten.<br \/>Mit ihrem faszinierenden Avengers Motiv begeistert sie kleine Fans von Captain America, Iron Man, Thor, Hulk und vielen anderen beliebten Charakteren.<br \/>Unsere LED Kinder Armbanduhr besticht nicht nur durch ihr atemberaubendes Design, sondern auch durch ihre erstklassige Verarbeitung.<br \/>Das verstellbare Armband passt perfekt um jedes Handgelenk und sorgt f\u00fcr einen bequemen Tragekomfort den ganzen Tag \u00fcber.<br \/>Das gro\u00dfz\u00fcgige LED-Display der Armbanduhr zeigt die Uhrzeit digital an und erm\u00f6glicht es Kindern spielend leicht, die Zeit zu erlernen.<br \/>Die leuchtenden Zahlen machen das Ablesen der Uhrzeit auch in der Dunkelheit problemlos m\u00f6glich.<br \/>Unsere LED Kinder Armbanduhr ist nicht nur ein modisches Accessoire, sondern auch funktional und praktisch im Alltag.<br \/>Eltern k\u00f6nnen beruhigt sein, da sie ihren Kindern damit die Zeitmessung spielerisch beibringen und sie p\u00fcnktlich zu Terminen oder Aktivit\u00e4ten f\u00fchren k\u00f6nnen.<br \/>Die Armbanduhr ist das perfekte Geschenk f\u00fcr alle kleinen Avengers-Fans.<br \/>Ob zum Geburtstag, zu Weihnachten oder einfach als Belohnung f\u00fcr besondere Leistungen \u2013 diese Uhr wird die Augen jedes Kindes zum Strahlen bringen.<\/p>\n<p>Inhalt: 1x LED Armbanduhr<br \/>Altersempfehlung: ab 6&nbsp;Jahre<br \/>Gr\u00f6\u00dfe Display: ca. 3,5 x 3,5 x 1 cm; Armbandl\u00e4nge ca. 22 cm<br \/>Verpackung: ca. 18 x 8 x 3 cm<br \/>Material: Kunststoff, Silikon<br \/>Stromversorgung: Akku im Lieferumfang enthalten<\/p>\n<p>Achtung: Nicht f\u00fcr Kinder unter 36 Monaten geeignet wegen verschluckbarer Kleinteile, Erstickungsgefahr.<\/p>\n<p>Hinweis zur Entsorgung von Altbatterien Der nachfolgende Hinweis richtet sich an diejenigen, die Batterien oder Produkte mit eingebauten Batterien nutzen und in der an sie gelieferten Form nicht mehr weiterver\u00e4u\u00dfern (Endnutzer): 1. Unentgeltliche R\u00fccknahme von Altbatterien Batterien d\u00fcrfen nicht \u00fcber den Hausm\u00fcll entsorgt werden. Sie sind zur R\u00fcckgabe von Altbatterien gesetzlich verpflichtet, damit eine fachgerechte Entsorgung gew\u00e4hrleistet werden kann. Sie k\u00f6nnen Altbatterien an einer kommunalen Sammelstelle oder im Handel vor Ort abgeben. Auch wir sind als Vertreiber von Batterien zur R\u00fccknahme von Altbatterien verpflichtet, wobei sich unsere R\u00fccknahmeverpflichtung auf Altbatterien der Art beschr\u00e4nkt, die wir als Neubatterien in unserem Sortiment f\u00fchren oder gef\u00fchrt haben. Altbatterien vorgenannter Art k\u00f6nnen Sie daher entweder ausreichend frankiert an uns zur\u00fccksenden oder sie direkt an unserem Versandlager unter der im Impressum genannten Adresse unentgeltlich abgeben. 2. Bedeutung der Batteriesymbole Batterien sind mit dem Symbol einer durchgekreuzten M\u00fclltonne gekennzeichnet. Dieses Symbol weist darauf hin, dass Batterien nicht in den Hausm\u00fcll gegeben werden d\u00fcrfen. Bei Batterien, die mehr als 0,0005 Masseprozent Quecksilber, mehr als 0,002 Masseprozent Cadmium oder mehr als 0,004 Masseprozent Blei enthalten, befindet sich unter dem M\u00fclltonnen-Symbol die chemische Bezeichnung des jeweils eingesetzten Schadstoffes \u2013 dabei steht &#8222;Cd&#8220; f\u00fcr Cadmium, &#8222;Pb&#8220; steht f\u00fcr Blei, und &#8222;Hg&#8220; f\u00fcr Quecksilber.<\/p>\n","protected":false},"excerpt":{"rendered":"<p>Die Armbanduhr ist das perfekte Geschenk f\u00fcr alle kleinen Avengers-Fans.<\/p>\n","protected":false},"featured_media":18402,"comment_status":"closed","ping_status":"open","template":"","meta":[],"product_brand":[],"product_cat":[549],"product_tag":[],"class_list":{"0":"post-18401","1":"product","2":"type-product","3":"status-publish","4":"has-post-thumbnail","6":"product_cat-accessoires","8":"first","9":"instock","10":"shipping-taxable","11":"purchasable","12":"product-type-simple"},"_links":{"self":[{"href":"https:\/\/9play.de\/shop\/wp-json\/wp\/v2\/product\/18401","targetHints":{"allow":["GET"]}}],"collection":[{"href":"https:\/\/9play.de\/shop\/wp-json\/wp\/v2\/product"}],"about":[{"href":"https:\/\/9play.de\/shop\/wp-json\/wp\/v2\/types\/product"}],"replies":[{"embeddable":true,"href":"https:\/\/9play.de\/shop\/wp-json\/wp\/v2\/comments?post=18401"}],"wp:featuredmedia":[{"embeddable":true,"href":"https:\/\/9play.de\/shop\/wp-json\/wp\/v2\/media\/18402"}],"wp:attachment":[{"href":"https:\/\/9play.de\/shop\/wp-json\/wp\/v2\/media?parent=18401"}],"wp:term":[{"taxonomy":"product_brand","embeddable":true,"href":"https:\/\/9play.de\/shop\/wp-json\/wp\/v2\/product_brand?post=18401"},{"taxonomy":"product_cat","embeddable":true,"href":"https:\/\/9play.de\/shop\/wp-json\/wp\/v2\/product_cat?post=18401"},{"taxonomy":"product_tag","embeddable":true,"href":"https:\/\/9play.de\/shop\/wp-json\/wp\/v2\/product_tag?post=18401"}],"curies":[{"name":"wp","href":"https:\/\/api.w.org\/{rel}","templated":true}]}}