{"id":18454,"date":"2024-10-06T18:35:49","date_gmt":"2024-10-06T16:35:49","guid":{"rendered":"https:\/\/9play.de\/shop\/produkt\/disney-stitch-kinder-haarbuerste\/"},"modified":"2024-10-06T18:36:06","modified_gmt":"2024-10-06T16:36:06","slug":"disney-stitch-kinder-haarbuerste","status":"publish","type":"product","link":"https:\/\/9play.de\/shop\/produkt\/disney-stitch-kinder-haarbuerste\/","title":{"rendered":"Disney Stitch Kinder Haarb\u00fcrste"},"content":{"rendered":"<p>Die entz\u00fcckende Kinder-Haarb\u00fcrste mit dem beliebten Disney Charakter Stitch!<br \/>Diese magische Haarb\u00fcrste ist speziell f\u00fcr die empfindlichen K\u00f6pfe kleiner Abenteurer entwickelt worden und macht das t\u00e4gliche Haarek\u00e4mmen zu einem spielerischen Vergn\u00fcgen.<br \/>Die Haarb\u00fcrste ist mit einem bezaubernden Aufdruck von Stitch versehen, der Kinderherzen h\u00f6herschlagen l\u00e4sst.<br \/>Das liebevolle Motiv macht das Haarek\u00e4mmen zu einem unterhaltsamen Erlebnis.<br \/>Die weichen Borsten der B\u00fcrste sind besonders schonend zu empfindlichem Kinderhaar und helfen, Knoten und Verwicklungen problemlos zu l\u00f6sen, ohne dabei die Kopfhaut zu reizen.<br \/>Dank ihrer kompakten Gr\u00f6\u00dfe passt die Haarb\u00fcrste problemlos in jede Tasche oder den Rucksack.<br \/>Somit ist sie der perfekte Begleiter f\u00fcr Familienausfl\u00fcge, Reisen oder den Besuch bei Freunden.<br \/>Eltern k\u00f6nnen jetzt die morgendlichen Haarroutine mit dieser zauberhaften Kinder-Haarb\u00fcrste revolutionieren.<br \/>Verleihen Sie Ihren Kleinen ein unvergessliches Erlebnis beim Haarek\u00e4mmen und zaubern Sie ihnen ein L\u00e4cheln ins Gesicht.<br \/>Bestellen Sie die Kinder-Haarb\u00fcrste mit Disney Stitch Motiv jetzt und lassen Sie Ihre Kinder die Freude am Haarek\u00e4mmen entdecken!<\/p>\n<p>Inhalt: 1x Haarb\u00fcrste<br \/>Altersempfehlung: ab 3 Jahre<br \/>Gr\u00f6\u00dfe: ca. 21 x 6,3 cm<br \/>Material: Kunststoff<br \/>Info: Artikel ist sortiert, die Auswahl erfolgt per Zufall. Oder Wunschfarbe bei der Bestellung im Kommentar erw\u00e4hnen.<\/p>\n<p>Achtung: Nicht f\u00fcr Kinder unter 36 Monaten geeignet wegen verschluckbarer Kleinteile, Erstickungsgefahr.<\/p>\n","protected":false},"excerpt":{"rendered":"<p>Verleihen Sie Ihren Kleinen ein unvergessliches Erlebnis beim Haarek\u00e4mmen und zaubern Sie ihnen ein L\u00e4cheln ins Gesicht.<\/p>\n","protected":false},"featured_media":18455,"comment_status":"closed","ping_status":"open","template":"","meta":[],"product_brand":[],"product_cat":[470],"product_tag":[],"class_list":{"0":"post-18454","1":"product","2":"type-product","3":"status-publish","4":"has-post-thumbnail","6":"product_cat-schmuck","8":"first","9":"instock","10":"shipping-taxable","11":"purchasable","12":"product-type-simple"},"_links":{"self":[{"href":"https:\/\/9play.de\/shop\/wp-json\/wp\/v2\/product\/18454","targetHints":{"allow":["GET"]}}],"collection":[{"href":"https:\/\/9play.de\/shop\/wp-json\/wp\/v2\/product"}],"about":[{"href":"https:\/\/9play.de\/shop\/wp-json\/wp\/v2\/types\/product"}],"replies":[{"embeddable":true,"href":"https:\/\/9play.de\/shop\/wp-json\/wp\/v2\/comments?post=18454"}],"wp:featuredmedia":[{"embeddable":true,"href":"https:\/\/9play.de\/shop\/wp-json\/wp\/v2\/media\/18455"}],"wp:attachment":[{"href":"https:\/\/9play.de\/shop\/wp-json\/wp\/v2\/media?parent=18454"}],"wp:term":[{"taxonomy":"product_brand","embeddable":true,"href":"https:\/\/9play.de\/shop\/wp-json\/wp\/v2\/product_brand?post=18454"},{"taxonomy":"product_cat","embeddable":true,"href":"https:\/\/9play.de\/shop\/wp-json\/wp\/v2\/product_cat?post=18454"},{"taxonomy":"product_tag","embeddable":true,"href":"https:\/\/9play.de\/shop\/wp-json\/wp\/v2\/product_tag?post=18454"}],"curies":[{"name":"wp","href":"https:\/\/api.w.org\/{rel}","templated":true}]}}