{"id":18464,"date":"2024-10-06T18:35:49","date_gmt":"2024-10-06T16:35:49","guid":{"rendered":"https:\/\/9play.de\/shop\/produkt\/einhorn-taschenlampe-youre-special\/"},"modified":"2024-10-06T18:36:11","modified_gmt":"2024-10-06T16:36:11","slug":"einhorn-taschenlampe-youre-special","status":"publish","type":"product","link":"https:\/\/9play.de\/shop\/produkt\/einhorn-taschenlampe-youre-special\/","title":{"rendered":"Einhorn Taschenlampe you&#8217;re special"},"content":{"rendered":"<p>Diese niedliche und funkelnde Taschenlampe wurde speziell f\u00fcr kleine Entdeckerinnen und Entdecker entwickelt, die in die zauberhafte Fantasiewelt der Einh\u00f6rner eintauchen m\u00f6chten.<br \/>Die Taschenlampe ist mit einem liebevoll gestalteten Einhorn Motiv verziert, das Kinderaugen zum Strahlen bringt. Die pastellfarbenen T\u00f6ne und funkelnden Details machen sie zu einem echten Blickfang. Unsere Kinder Taschenlampe wurde speziell f\u00fcr kleine H\u00e4nde entworfen. Sie ist leicht und handlich, sodass Kinder sie bequem \u00fcberallhin mitnehmen k\u00f6nnen \u2013 sei es auf Abenteuerreisen im Garten, unter der Bettdecke zum Lesen oder auf n\u00e4chtlichen Erkundungstouren im Kinderzimmer.<br \/>Die integrierte LED-Beleuchtung sorgt f\u00fcr einen leuchtstarken Strahl, der gen\u00fcgend Licht spendet, um dunkle Ecken zu erkunden oder spannende Schattenbilder zu zaubern.<br \/>Unsere Kinder Taschenlampe mit Einhorn Motiv ist das ideale Geschenk f\u00fcr kleine Abenteurerinnen und Abenteurer, die sich von der Magie der Einh\u00f6rner verzaubern lassen m\u00f6chten.<br \/>Egal, ob f\u00fcr Geburtstagspartys, Weihnachten oder einfach als \u00dcberraschungsgeschenk \u2013 diese Taschenlampe wird jedes Kinderherz h\u00f6herschlagen lassen!<br \/>Bringen Sie mit diesem zauberhaften Accessoire Licht und Freude in das Leben Ihres Kindes. Bestellen Sie jetzt und lassen Sie Ihre Kleinen in die Welt der Fantasie eintauchen!<\/p>\n<p>Inhalt: 1x Taschenlampe<br \/>Altersempfehlung: ab 3 Jahre<br \/>Gr\u00f6\u00dfe: ca. 21&nbsp;cm<br \/>Stromversorgung: 2 x AA Batterie (im Lieferumfang nicht enthalten)<br \/>Material: Kunststoff<\/p>\n<p>Achtung: Nicht f\u00fcr Kinder unter 36 Monaten geeignet wegen verschluckbarer Kleinteile, Erstickungsgefahr.<\/p>\n<p>Hinweis zur Entsorgung von Altbatterien Der nachfolgende Hinweis richtet sich an diejenigen, die Batterien oder Produkte mit eingebauten Batterien nutzen und in der an sie gelieferten Form nicht mehr weiterver\u00e4u\u00dfern (Endnutzer): 1. Unentgeltliche R\u00fccknahme von Altbatterien Batterien d\u00fcrfen nicht \u00fcber den Hausm\u00fcll entsorgt werden. Sie sind zur R\u00fcckgabe von Altbatterien gesetzlich verpflichtet, damit eine fachgerechte Entsorgung gew\u00e4hrleistet werden kann. Sie k\u00f6nnen Altbatterien an einer kommunalen Sammelstelle oder im Handel vor Ort abgeben. Auch wir sind als Vertreiber von Batterien zur R\u00fccknahme von Altbatterien verpflichtet, wobei sich unsere R\u00fccknahmeverpflichtung auf Altbatterien der Art beschr\u00e4nkt, die wir als Neubatterien in unserem Sortiment f\u00fchren oder gef\u00fchrt haben. Altbatterien vorgenannter Art k\u00f6nnen Sie daher entweder ausreichend frankiert an uns zur\u00fccksenden oder sie direkt an unserem Versandlager unter der im Impressum genannten Adresse unentgeltlich abgeben. 2. Bedeutung der Batteriesymbole Batterien sind mit dem Symbol einer durchgekreuzten M\u00fclltonne gekennzeichnet. Dieses Symbol weist darauf hin, dass Batterien nicht in den Hausm\u00fcll gegeben werden d\u00fcrfen. Bei Batterien, die mehr als 0,0005 Masseprozent Quecksilber, mehr als 0,002 Masseprozent Cadmium oder mehr als 0,004 Masseprozent Blei enthalten, befindet sich unter dem M\u00fclltonnen-Symbol die chemische Bezeichnung des jeweils eingesetzten Schadstoffes \u2013 dabei steht &#8222;Cd&#8220; f\u00fcr Cadmium, &#8222;Pb&#8220; steht f\u00fcr Blei, und &#8222;Hg&#8220; f\u00fcr Quecksilber.<\/p>\n","protected":false},"excerpt":{"rendered":"<p>Bringen Sie mit diesem zauberhaften Accessoire Licht und Freude in das Leben Ihres Kindes.<\/p>\n","protected":false},"featured_media":18465,"comment_status":"closed","ping_status":"open","template":"","meta":[],"product_brand":[],"product_cat":[499],"product_tag":[],"class_list":{"0":"post-18464","1":"product","2":"type-product","3":"status-publish","4":"has-post-thumbnail","6":"product_cat-projektoren-taschenlampen","8":"first","9":"instock","10":"shipping-taxable","11":"purchasable","12":"product-type-simple"},"_links":{"self":[{"href":"https:\/\/9play.de\/shop\/wp-json\/wp\/v2\/product\/18464","targetHints":{"allow":["GET"]}}],"collection":[{"href":"https:\/\/9play.de\/shop\/wp-json\/wp\/v2\/product"}],"about":[{"href":"https:\/\/9play.de\/shop\/wp-json\/wp\/v2\/types\/product"}],"replies":[{"embeddable":true,"href":"https:\/\/9play.de\/shop\/wp-json\/wp\/v2\/comments?post=18464"}],"wp:featuredmedia":[{"embeddable":true,"href":"https:\/\/9play.de\/shop\/wp-json\/wp\/v2\/media\/18465"}],"wp:attachment":[{"href":"https:\/\/9play.de\/shop\/wp-json\/wp\/v2\/media?parent=18464"}],"wp:term":[{"taxonomy":"product_brand","embeddable":true,"href":"https:\/\/9play.de\/shop\/wp-json\/wp\/v2\/product_brand?post=18464"},{"taxonomy":"product_cat","embeddable":true,"href":"https:\/\/9play.de\/shop\/wp-json\/wp\/v2\/product_cat?post=18464"},{"taxonomy":"product_tag","embeddable":true,"href":"https:\/\/9play.de\/shop\/wp-json\/wp\/v2\/product_tag?post=18464"}],"curies":[{"name":"wp","href":"https:\/\/api.w.org\/{rel}","templated":true}]}}