{"id":18488,"date":"2024-10-06T18:36:16","date_gmt":"2024-10-06T16:36:16","guid":{"rendered":"https:\/\/9play.de\/shop\/produkt\/kuechenutensilien-und-messerset-16tlg\/"},"modified":"2024-10-06T18:36:23","modified_gmt":"2024-10-06T16:36:23","slug":"kuechenutensilien-und-messerset-16tlg","status":"publish","type":"product","link":"https:\/\/9play.de\/shop\/produkt\/kuechenutensilien-und-messerset-16tlg\/","title":{"rendered":"K\u00fcchenutensilien und Messerset 16tlg"},"content":{"rendered":"<p>Kinderfreundliches Set ist perfekt f\u00fcr kleine K\u00f6che und B\u00e4cker, die ihre kulinarischen F\u00e4higkeiten entwickeln m\u00f6chten.<br \/>Unser 16-teiliges Set bietet eine gro\u00dfartige M\u00f6glichkeit, Eltern-Kind-Bindung zu st\u00e4rken und das Selbstvertrauen Ihrer kleinen K\u00f6che zu f\u00f6rdern, w\u00e4hrend sie spielerisch wichtige F\u00e4higkeiten wie Messen, R\u00fchren und Schneiden erlernen.<br \/>Es ist ideal f\u00fcr gemeinsame Koch- und Backaktivit\u00e4ten sowie f\u00fcr Rollenspiele, bei denen die Kleinen ihre Fantasie ausleben k\u00f6nnen.<br \/>Egal, ob Sie einen angehenden Meisterkoch oder eine begeisterte B\u00e4ckerin zu Hause haben, unser Kinder K\u00fcchenutensilien und Messerset ist das ideale Geschenk, um die Leidenschaft f\u00fcrs Kochen und Backen zu entfachen und langanhaltende Erinnerungen zu schaffen.<br \/>Lassen Sie Ihre kleinen K\u00fcchenprofis ihre Kreativit\u00e4t entfalten und kulinarische Meisterwerke erschaffen \u2013 in einer sicheren und kindgerechten Umgebung!<\/p>\n<p>Inhalt: 16 Teile&nbsp;<br \/>Verpackung: ca. 10 x 15 x 21 cm<br \/>Altersempfehlung: Ab 3 Jahre<br \/>Material: Kunststoff<\/p>\n<p>Achtung! Nicht f\u00fcr Kinder unter 36 Monaten geeignet wegen verschluckbarer Kleinteile, Erstickungsgefahr. Achtung: Benutzung unter unmittelbarer Aufsicht von Erwachsenen.<br \/>Achtung: Benutzung unter unmittelbarer Aufsicht von Erwachsenen.<\/p>\n","protected":false},"excerpt":{"rendered":"<p>Unser 16-teiliges Set bietet eine gro\u00dfartige M\u00f6glichkeit, Eltern-Kind-Bindung zu st\u00e4rken und das Selbstvertrauen Ihrer kleinen K\u00f6che zu f\u00f6rdern<\/p>\n","protected":false},"featured_media":18489,"comment_status":"closed","ping_status":"open","template":"","meta":[],"product_brand":[],"product_cat":[475],"product_tag":[],"class_list":{"0":"post-18488","1":"product","2":"type-product","3":"status-publish","4":"has-post-thumbnail","6":"product_cat-kinderkuechen","8":"first","9":"instock","10":"shipping-taxable","11":"purchasable","12":"product-type-simple"},"_links":{"self":[{"href":"https:\/\/9play.de\/shop\/wp-json\/wp\/v2\/product\/18488","targetHints":{"allow":["GET"]}}],"collection":[{"href":"https:\/\/9play.de\/shop\/wp-json\/wp\/v2\/product"}],"about":[{"href":"https:\/\/9play.de\/shop\/wp-json\/wp\/v2\/types\/product"}],"replies":[{"embeddable":true,"href":"https:\/\/9play.de\/shop\/wp-json\/wp\/v2\/comments?post=18488"}],"wp:featuredmedia":[{"embeddable":true,"href":"https:\/\/9play.de\/shop\/wp-json\/wp\/v2\/media\/18489"}],"wp:attachment":[{"href":"https:\/\/9play.de\/shop\/wp-json\/wp\/v2\/media?parent=18488"}],"wp:term":[{"taxonomy":"product_brand","embeddable":true,"href":"https:\/\/9play.de\/shop\/wp-json\/wp\/v2\/product_brand?post=18488"},{"taxonomy":"product_cat","embeddable":true,"href":"https:\/\/9play.de\/shop\/wp-json\/wp\/v2\/product_cat?post=18488"},{"taxonomy":"product_tag","embeddable":true,"href":"https:\/\/9play.de\/shop\/wp-json\/wp\/v2\/product_tag?post=18488"}],"curies":[{"name":"wp","href":"https:\/\/api.w.org\/{rel}","templated":true}]}}