{"id":18517,"date":"2024-10-06T18:36:16","date_gmt":"2024-10-06T16:36:16","guid":{"rendered":"https:\/\/9play.de\/shop\/produkt\/dinosaurier-dia-brille\/"},"modified":"2024-10-06T18:36:42","modified_gmt":"2024-10-06T16:36:42","slug":"dinosaurier-dia-brille","status":"publish","type":"product","link":"https:\/\/9play.de\/shop\/produkt\/dinosaurier-dia-brille\/","title":{"rendered":"Dinosaurier DIA Brille"},"content":{"rendered":"<p>Diese einzigartige Brille wurde speziell f\u00fcr kleine Entdecker entwickelt, um ihre Fantasie anzuregen und sie auf eine aufregende Reise in die Vergangenheit zu schicken.<br \/>Die Brille enth\u00e4lt eine Sammlung von Dinosaurier-Bilder, die Ihre Kinder begeistern werden.<br \/>Von dem majest\u00e4tischen Tyrannosaurus Rex bis zum friedlichen Triceratops &#8211; jedes Bild wird die Vorstellungskraft Ihres Kindes befl\u00fcgeln und ihnen ein L\u00e4cheln ins Gesicht zaubern.<br \/>Die Bedienung der Brille ist kinderleicht!<br \/>Die Dia-Funktion erm\u00f6glicht es den Kindern, ganz einfach zwischen den verschiedenen Dinosaurier-Bildern zu wechseln und ihre Lieblingsdinosaurier immer wieder zu betrachten. Neben dem Spielspa\u00df hat die Kinder Dia-Brille auch einen p\u00e4dagogischen Wert. Sie hilft dabei, das Interesse der Kinder f\u00fcr die Welt der Dinosaurier und die pr\u00e4historische Zeit zu wecken.<br \/>Eltern k\u00f6nnen dieses Spielzeug nutzen, um gemeinsam mit ihren Kindern \u00fcber die verschiedenen Dinosaurierarten zu sprechen und ihnen wertvolles Wissen zu vermitteln.<br \/>Die Kinder Dia-Brille eignet sich perfekt als Geschenk zu Geburtstagen, Feiertagen oder anderen besonderen Anl\u00e4ssen. Sie wird jedes Kind begeistern und f\u00fcr unvergessliche Momente sorgen.<br \/>Erwecken Sie die Vergangenheit zum Leben und entdecken Sie gemeinsam mit Ihren Kindern die faszinierende Welt der Dinosaurier.<br \/>Mit unserer Kinder Dia-Brille wird das Abenteuer nie enden!<\/p>\n<p>Inhalt: 1x Dia-Brille&nbsp;<br \/>Verpackung: ca. 5 x 17 x 20 cm<br \/>Altersempfehlung: Ab 5 Jahre<br \/>Material: Kunststoff<\/p>\n<p>Achtung! Nicht f\u00fcr Kinder unter 36 Monaten geeignet wegen verschluckbarer Kleinteile, Erstickungsgefahr.<\/p>\n","protected":false},"excerpt":{"rendered":"<p>Die Kinder Dia-Brille eignet sich perfekt als Geschenk zu Geburtstagen, Feiertagen oder anderen besonderen Anl\u00e4ssen.<\/p>\n","protected":false},"featured_media":18518,"comment_status":"closed","ping_status":"open","template":"","meta":[],"product_brand":[],"product_cat":[441],"product_tag":[],"class_list":{"0":"post-18517","1":"product","2":"type-product","3":"status-publish","4":"has-post-thumbnail","6":"product_cat-lernspielzeug","8":"first","9":"instock","10":"shipping-taxable","11":"purchasable","12":"product-type-simple"},"_links":{"self":[{"href":"https:\/\/9play.de\/shop\/wp-json\/wp\/v2\/product\/18517","targetHints":{"allow":["GET"]}}],"collection":[{"href":"https:\/\/9play.de\/shop\/wp-json\/wp\/v2\/product"}],"about":[{"href":"https:\/\/9play.de\/shop\/wp-json\/wp\/v2\/types\/product"}],"replies":[{"embeddable":true,"href":"https:\/\/9play.de\/shop\/wp-json\/wp\/v2\/comments?post=18517"}],"wp:featuredmedia":[{"embeddable":true,"href":"https:\/\/9play.de\/shop\/wp-json\/wp\/v2\/media\/18518"}],"wp:attachment":[{"href":"https:\/\/9play.de\/shop\/wp-json\/wp\/v2\/media?parent=18517"}],"wp:term":[{"taxonomy":"product_brand","embeddable":true,"href":"https:\/\/9play.de\/shop\/wp-json\/wp\/v2\/product_brand?post=18517"},{"taxonomy":"product_cat","embeddable":true,"href":"https:\/\/9play.de\/shop\/wp-json\/wp\/v2\/product_cat?post=18517"},{"taxonomy":"product_tag","embeddable":true,"href":"https:\/\/9play.de\/shop\/wp-json\/wp\/v2\/product_tag?post=18517"}],"curies":[{"name":"wp","href":"https:\/\/api.w.org\/{rel}","templated":true}]}}