{"id":18522,"date":"2024-10-06T18:36:16","date_gmt":"2024-10-06T16:36:16","guid":{"rendered":"https:\/\/9play.de\/shop\/produkt\/armbandset-webstuhl-mit-garn-und-perlen\/"},"modified":"2024-10-06T18:36:43","modified_gmt":"2024-10-06T16:36:43","slug":"armbandset-webstuhl-mit-garn-und-perlen","status":"publish","type":"product","link":"https:\/\/9play.de\/shop\/produkt\/armbandset-webstuhl-mit-garn-und-perlen\/","title":{"rendered":"Armbandset Webstuhl mit Garn und Perlen"},"content":{"rendered":"<p>Das zauberhafte Kinder Armband-Herstellungsset ist das ideale Geschenk f\u00fcr kreative und handwerklich begabte Kinder!<br \/>Mit diesem Set k\u00f6nnen kleine Schmuckdesignerinnen und Schmuckdesigner ihre eigenen einzigartigen Armb\u00e4nder weben und gestalten.<br \/>Es bietet endlose Stunden voller Spa\u00df, Fantasie und k\u00fcnstlerischer Entfaltung. Der Webstuhl ist speziell f\u00fcr Kinderh\u00e4nde entwickelt und erm\u00f6glicht ein einfaches und angenehmes Weben der Armb\u00e4nder.<br \/>Er besteht aus hochwertigem, langlebigem Material und ist einfach zu bedienen. Die beiliegenden 4 Garnfarben &#8211; Rot, Blau, Gr\u00fcn und Orange &#8211; erm\u00f6glichen eine breite Vielfalt an Farbkombinationen und Musterideen.<br \/>Die enthaltenen Perlen in 4 verschiedenen Farben f\u00fcgen den Armb\u00e4ndern eine zus\u00e4tzliche Note hinzu und lassen die Kreationen der Kinder noch einzigartiger werden.<br \/>Die Perlen k\u00f6nnen entweder w\u00e4hrend des Webens integriert oder als dekorative Akzente nach dem Weben angebracht werden.<\/p>\n<p>Die Vorteile des Kinder Armband-Herstellungssets auf einen Blick: F\u00f6rdert die Feinmotorik und kreative F\u00e4higkeiten von Kindern St\u00e4rkt die Konzentrationsf\u00e4higkeit und das Selbstbewusstsein L\u00e4sst Kinder stolz auf ihre eigenen handgemachten Kunstwerke sein Schafft ein unterhaltsames und lehrreiches Freizeitvergn\u00fcgen f\u00fcr zuhause oder in der Gemeinschaft mit Freunden Lassen Sie die Fantasie Ihrer Kinder mit diesem charmanten Armband-Herstellungsset erbl\u00fchen.<br \/>Es ist auch ein ideales Geschenk f\u00fcr Geburtstagsfeiern, Bastelpartys oder um einfach nur eine Freude zu bereiten.<br \/>Bestellen Sie jetzt und entdecken Sie, welch einzigartige Schmuckst\u00fccke Ihre kleinen K\u00fcnstler erschaffen werden!<\/p>\n<p>Inhalt: 1x Webstuhl, 4x Garn, Perlen in 4 unterschiedlichen Farben<br \/>Altersempfehlung: ab 6 Jahre<br \/>Verpackung: ca. 4 x 25 x 15 cm<br \/>Material: Kunststoff, Stoff<\/p>\n<p>Achtung: Nicht f\u00fcr Kinder unter 36 Monaten geeignet wegen verschluckbarer Kleinteile, Erstickungsgefahr.<\/p>\n","protected":false},"excerpt":{"rendered":"<p>F\u00f6rdert die Feinmotorik und kreative F\u00e4higkeiten von Kindern<\/p>\n","protected":false},"featured_media":18523,"comment_status":"closed","ping_status":"open","template":"","meta":[],"product_brand":[],"product_cat":[470],"product_tag":[],"class_list":{"0":"post-18522","1":"product","2":"type-product","3":"status-publish","4":"has-post-thumbnail","6":"product_cat-schmuck","8":"first","9":"instock","10":"shipping-taxable","11":"purchasable","12":"product-type-simple"},"_links":{"self":[{"href":"https:\/\/9play.de\/shop\/wp-json\/wp\/v2\/product\/18522","targetHints":{"allow":["GET"]}}],"collection":[{"href":"https:\/\/9play.de\/shop\/wp-json\/wp\/v2\/product"}],"about":[{"href":"https:\/\/9play.de\/shop\/wp-json\/wp\/v2\/types\/product"}],"replies":[{"embeddable":true,"href":"https:\/\/9play.de\/shop\/wp-json\/wp\/v2\/comments?post=18522"}],"wp:featuredmedia":[{"embeddable":true,"href":"https:\/\/9play.de\/shop\/wp-json\/wp\/v2\/media\/18523"}],"wp:attachment":[{"href":"https:\/\/9play.de\/shop\/wp-json\/wp\/v2\/media?parent=18522"}],"wp:term":[{"taxonomy":"product_brand","embeddable":true,"href":"https:\/\/9play.de\/shop\/wp-json\/wp\/v2\/product_brand?post=18522"},{"taxonomy":"product_cat","embeddable":true,"href":"https:\/\/9play.de\/shop\/wp-json\/wp\/v2\/product_cat?post=18522"},{"taxonomy":"product_tag","embeddable":true,"href":"https:\/\/9play.de\/shop\/wp-json\/wp\/v2\/product_tag?post=18522"}],"curies":[{"name":"wp","href":"https:\/\/api.w.org\/{rel}","templated":true}]}}