{"id":18532,"date":"2024-10-06T18:36:16","date_gmt":"2024-10-06T16:36:16","guid":{"rendered":"https:\/\/9play.de\/shop\/produkt\/puzzlespiel-maerchen-mit-6-maerchenfiguren\/"},"modified":"2024-10-06T18:36:50","modified_gmt":"2024-10-06T16:36:50","slug":"puzzlespiel-maerchen-mit-6-maerchenfiguren","status":"publish","type":"product","link":"https:\/\/9play.de\/shop\/produkt\/puzzlespiel-maerchen-mit-6-maerchenfiguren\/","title":{"rendered":"Puzzlespiel M\u00e4rchen mit 6 M\u00e4rchenfiguren"},"content":{"rendered":"<p>Das Set enth\u00e4lt 6 liebevoll gestaltete M\u00e4rchenfiguren, die Ihre Kinder aus beliebten M\u00e4rchengeschichten kennen und lieben. Das Puzzle besteht aus insgesamt 15 Teilen, sodass es die perfekte Herausforderung f\u00fcr kleine H\u00e4nde darstellt, die ihre feinmotorischen F\u00e4higkeiten verbessern wollen.<br \/>Spielerisch f\u00f6rdert &#8222;M\u00e4rchenwelt Abenteuer&#8220; die kognitiven F\u00e4higkeiten, die r\u00e4umliche Vorstellungskraft und das logische Denken Ihres Kindes. Wenn die Puzzleteile zusammengesetzt werden, entsteht ein magisches Bild, das die Fantasie Ihres kleinen Abenteurers anregt und ihm eine Vielzahl von Geschichten und Erz\u00e4hlungen erm\u00f6glicht.<br \/>Das Kinder Puzzlespiel &#8222;M\u00e4rchenwelt Abenteuer&#8220; ist nicht nur eine tolle M\u00f6glichkeit, eine entspannte Zeit mit Ihrem Kind zu verbringen, sondern es ist auch ein ideales Geschenk.<br \/>Lassen Sie Ihr Kind die faszinierende Welt der M\u00e4rchen entdecken und gleichzeitig seine motorischen und kognitiven F\u00e4higkeiten st\u00e4rken!<\/p>\n<p>Inhalt: 6 x Figuren (15 Teile)<br \/>Altersempfehlung: ab 18 Monate<br \/>Verpackung; ca. 5 x 15 x 19 cm<br \/>Material: Papier<\/p>\n<p>Achtung: Nicht f\u00fcr Kinder unter 18 Monaten geeignet. Achtung: Benutzung unter unmittelbarer Aufsicht von Erwachsenen.<\/p>\n","protected":false},"excerpt":{"rendered":"<p>Das Kinder Puzzlespiel ist nicht nur eine tolle M\u00f6glichkeit, eine entspannte Zeit mit Ihrem Kind zu verbringen, sondern es ist auch ein ideales Geschenk<\/p>\n","protected":false},"featured_media":18533,"comment_status":"closed","ping_status":"open","template":"","meta":[],"product_brand":[],"product_cat":[492],"product_tag":[],"class_list":{"0":"post-18532","1":"product","2":"type-product","3":"status-publish","4":"has-post-thumbnail","6":"product_cat-kinderpuzzle","8":"first","9":"instock","10":"shipping-taxable","11":"purchasable","12":"product-type-simple"},"_links":{"self":[{"href":"https:\/\/9play.de\/shop\/wp-json\/wp\/v2\/product\/18532","targetHints":{"allow":["GET"]}}],"collection":[{"href":"https:\/\/9play.de\/shop\/wp-json\/wp\/v2\/product"}],"about":[{"href":"https:\/\/9play.de\/shop\/wp-json\/wp\/v2\/types\/product"}],"replies":[{"embeddable":true,"href":"https:\/\/9play.de\/shop\/wp-json\/wp\/v2\/comments?post=18532"}],"wp:featuredmedia":[{"embeddable":true,"href":"https:\/\/9play.de\/shop\/wp-json\/wp\/v2\/media\/18533"}],"wp:attachment":[{"href":"https:\/\/9play.de\/shop\/wp-json\/wp\/v2\/media?parent=18532"}],"wp:term":[{"taxonomy":"product_brand","embeddable":true,"href":"https:\/\/9play.de\/shop\/wp-json\/wp\/v2\/product_brand?post=18532"},{"taxonomy":"product_cat","embeddable":true,"href":"https:\/\/9play.de\/shop\/wp-json\/wp\/v2\/product_cat?post=18532"},{"taxonomy":"product_tag","embeddable":true,"href":"https:\/\/9play.de\/shop\/wp-json\/wp\/v2\/product_tag?post=18532"}],"curies":[{"name":"wp","href":"https:\/\/api.w.org\/{rel}","templated":true}]}}