{"id":18620,"date":"2024-10-06T18:37:07","date_gmt":"2024-10-06T16:37:07","guid":{"rendered":"https:\/\/9play.de\/shop\/produkt\/paw-patrol-3d-walkie-talkies-funkgeraete\/"},"modified":"2024-10-06T18:37:54","modified_gmt":"2024-10-06T16:37:54","slug":"paw-patrol-3d-walkie-talkies-funkgeraete","status":"publish","type":"product","link":"https:\/\/9play.de\/shop\/produkt\/paw-patrol-3d-walkie-talkies-funkgeraete\/","title":{"rendered":"Paw Patrol 3D Walkie-Talkies Funkger\u00e4te"},"content":{"rendered":"<p>Die Paw Patrol 3D Walkie-Talkies sind die perfekte Ausr\u00fcstung f\u00fcr kleine Abenteurer, die sich wie die tapferen Hunde aus Paw Patrol f\u00fchlen m\u00f6chten.<\/p>\n<p>Mit einem einzigartigen 3D-Design, das die K\u00f6pfe von Chase und Marshall nachbildet, bieten diese Walkie-Talkies nicht nur Spa\u00df, sondern auch eine einfache M\u00f6glichkeit zur Kommunikation auf Entdeckungsreisen. Diese Walkie-Talkies sind ein visuelles Erlebnis.<br \/>Jedes Funkger\u00e4t ist in Form des 3D-Kopfes eines beliebten Paw Patrol-Charakters gestaltet. Eines ist der Kopf von Chase, der andere der Kopf von Marshall.<br \/>Die detailreichen Darstellungen und die liebevoll gestalteten Charaktere werden die Fantasie der Kinder befl\u00fcgeln.<br \/>Diese Walkie-Talkies ben\u00f6tigen jeweils 2x 9V-Batterien (Batterien nicht im Lieferumfang enthalten), um einsatzbereit zu sein. Batterien sind leicht erh\u00e4ltlich und sorgen f\u00fcr stundenlangen Spielspa\u00df.<\/p>\n<p>Die Paw Patrol 3D Walkie-Talkies sind das ideale Geschenk f\u00fcr Geburtstage, Feiertage oder einfach nur, um die Freude an Paw Patrol zum Leben zu erwecken.<br \/>Sie f\u00f6rdern die Teamarbeit und die Fantasie der Kinder. Mit den Paw Patrol 3D Walkie-Talkies k\u00f6nnen Kinder in die Rolle ihrer Lieblingshelden schl\u00fcpfen und aufregende Rettungseins\u00e4tze erleben.<br \/>Bestellen Sie sie noch heute und erm\u00f6glichen Sie Ihren kleinen Abenteurern spannende Kommunikation und gemeinsame Abenteuer!<\/p>\n<p>Inhalt: 2x Funkger\u00e4te&nbsp;<br \/>Altersempfehlung: ab 3 Jahre<br \/>Verpackung: ca. 26,5 x 21 x 6,5 cm<br \/>Stromversorgung: 2x Batterie 9V 6LR61 (Im Lieferumfang nicht enthalten)<br \/>Batterien enthalten? Nein<br \/>Reichweite: ca. 50m<\/p>\n<p>Achtung! Nicht f\u00fcr Kinder unter 36 Monaten geeignet wegen verschluckbarer Kleinteile, Erstickungsgefahr.<\/p>\n<p>Hinweis zur Entsorgung von Altbatterien Der nachfolgende Hinweis richtet sich an diejenigen, die Batterien oder Produkte mit eingebauten Batterien nutzen und in der an sie gelieferten Form nicht mehr weiterver\u00e4u\u00dfern (Endnutzer): 1. Unentgeltliche R\u00fccknahme von Altbatterien Batterien d\u00fcrfen nicht \u00fcber den Hausm\u00fcll entsorgt werden. Sie sind zur R\u00fcckgabe von Altbatterien gesetzlich verpflichtet, damit eine fachgerechte Entsorgung gew\u00e4hrleistet werden kann. Sie k\u00f6nnen Altbatterien an einer kommunalen Sammelstelle oder im Handel vor Ort abgeben. Auch wir sind als Vertreiber von Batterien zur R\u00fccknahme von Altbatterien verpflichtet, wobei sich unsere R\u00fccknahmeverpflichtung auf Altbatterien der Art beschr\u00e4nkt, die wir als Neubatterien in unserem Sortiment f\u00fchren oder gef\u00fchrt haben. Altbatterien vorgenannter Art k\u00f6nnen Sie daher entweder ausreichend frankiert an uns zur\u00fccksenden oder sie direkt an unserem Versandlager unter der im Impressum genannten Adresse unentgeltlich abgeben. 2. Bedeutung der Batteriesymbole Batterien sind mit dem Symbol einer durchgekreuzten M\u00fclltonne gekennzeichnet. Dieses Symbol weist darauf hin, dass Batterien nicht in den Hausm\u00fcll gegeben werden d\u00fcrfen. Bei Batterien, die mehr als 0,0005 Masseprozent Quecksilber, mehr als 0,002 Masseprozent Cadmium oder mehr als 0,004 Masseprozent Blei enthalten, befindet sich unter dem M\u00fclltonnen-Symbol die chemische Bezeichnung des jeweils eingesetzten Schadstoffes \u2013 dabei steht &#8222;Cd&#8220; f\u00fcr Cadmium, &#8222;Pb&#8220; steht f\u00fcr Blei, und &#8222;Hg&#8220; f\u00fcr Quecksilber.<\/p>\n","protected":false},"excerpt":{"rendered":"<p>Die Paw Patrol 3D Walkie-Talkies sind die perfekte Ausr\u00fcstung f\u00fcr kleine Abenteurer, die sich wie die tapferen Hunde aus Paw Patrol f\u00fchlen m\u00f6chten.<\/p>\n","protected":false},"featured_media":18621,"comment_status":"closed","ping_status":"open","template":"","meta":[],"product_brand":[],"product_cat":[553],"product_tag":[],"class_list":{"0":"post-18620","1":"product","2":"type-product","3":"status-publish","4":"has-post-thumbnail","6":"product_cat-walkie-talkies","8":"first","9":"instock","10":"shipping-taxable","11":"purchasable","12":"product-type-simple"},"_links":{"self":[{"href":"https:\/\/9play.de\/shop\/wp-json\/wp\/v2\/product\/18620","targetHints":{"allow":["GET"]}}],"collection":[{"href":"https:\/\/9play.de\/shop\/wp-json\/wp\/v2\/product"}],"about":[{"href":"https:\/\/9play.de\/shop\/wp-json\/wp\/v2\/types\/product"}],"replies":[{"embeddable":true,"href":"https:\/\/9play.de\/shop\/wp-json\/wp\/v2\/comments?post=18620"}],"wp:featuredmedia":[{"embeddable":true,"href":"https:\/\/9play.de\/shop\/wp-json\/wp\/v2\/media\/18621"}],"wp:attachment":[{"href":"https:\/\/9play.de\/shop\/wp-json\/wp\/v2\/media?parent=18620"}],"wp:term":[{"taxonomy":"product_brand","embeddable":true,"href":"https:\/\/9play.de\/shop\/wp-json\/wp\/v2\/product_brand?post=18620"},{"taxonomy":"product_cat","embeddable":true,"href":"https:\/\/9play.de\/shop\/wp-json\/wp\/v2\/product_cat?post=18620"},{"taxonomy":"product_tag","embeddable":true,"href":"https:\/\/9play.de\/shop\/wp-json\/wp\/v2\/product_tag?post=18620"}],"curies":[{"name":"wp","href":"https:\/\/api.w.org\/{rel}","templated":true}]}}