{"id":18624,"date":"2024-10-06T18:37:07","date_gmt":"2024-10-06T16:37:07","guid":{"rendered":"https:\/\/9play.de\/shop\/produkt\/spiderman-kochset-schuerze-muetze-spider-man-chefkoch\/"},"modified":"2024-10-06T18:37:56","modified_gmt":"2024-10-06T16:37:56","slug":"spiderman-kochset-schuerze-muetze-spider-man-chefkoch","status":"publish","type":"product","link":"https:\/\/9play.de\/shop\/produkt\/spiderman-kochset-schuerze-muetze-spider-man-chefkoch\/","title":{"rendered":"Spiderman Kochset Sch\u00fcrze M\u00fctze Spider-Man Chefkoch"},"content":{"rendered":"<p>Machen Sie das Kochen f\u00fcr Ihre kleinen Helden zu einem aufregenden Abenteuer mit unserer Kinder Kochsch\u00fcrze und Kochm\u00fctze im Spiderman Design!<br \/>Diese farbenfrohe und hochwertige Kochkombination wird Ihre kleinen K\u00f6che begeistern und sie dazu inspirieren, ihre kulinarischen F\u00e4higkeiten zu entfalten.<\/p>\n<p>Unsere Kochsch\u00fcrze und Kochm\u00fctze sind mit einem aufregenden Spiderman Motiv verziert, das die Fantasie Ihres Kindes befl\u00fcgelt. Ihr kleiner Spiderman-Fan wird begeistert sein, w\u00e4hrend er in der K\u00fcche aktiv ist und gleichzeitig in die Welt seines Lieblings-Superhelden eintaucht.<\/p>\n<p>Mit dieser Kochsch\u00fcrze und Kochm\u00fctze kann Ihr Kind in der K\u00fcche kreativ werden und Spa\u00df am Kochen und Backen haben. Es ist eine gro\u00dfartige M\u00f6glichkeit, die Sinne zu entwickeln, motorische F\u00e4higkeiten zu verbessern und ein Verst\u00e4ndnis f\u00fcr gesunde Ern\u00e4hrung zu f\u00f6rdern.<\/p>\n<p>Unsere Kinder Kochsch\u00fcrze und Kochm\u00fctze sind das perfekte Geschenk f\u00fcr Geburtstage, Feiertage oder besondere Anl\u00e4sse. Sie werden jedes junge K\u00fcchenass begeistern und die Vorfreude auf kulinarische Abenteuer steigern.<\/p>\n<p>Bringen Sie Spiderman in die K\u00fcche Ihres Kindes und lassen Sie seine Kochtr\u00e4ume wahr werden!<br \/>Bestellen Sie noch heute unsere Kinder Kochsch\u00fcrze und Kochm\u00fctze mit Spiderman Motiv und erleben Sie, wie Ihr kleiner Superheld die Welt des Kochens entdeckt.<\/p>\n<p>Inhalt: 1x Sch\u00fcrze, 1x M\u00fctze<br \/>Altersempfehlung: ab 3 Jahre<br \/>Material: 100% Polyester<br \/>Gr\u00f6\u00dfe: ca. 52 x 41 cm<\/p>\n<p>Achtung:&nbsp;Strangulationsgefahr durch ein langes Seil.<br \/>Achtung: Nicht f\u00fcr Kinder unter 36 Monaten geeignet.<br \/>Achtung! Benutzung unter unmittelbarer Aufsicht von Erwachsenen Achtung!<\/p>\n","protected":false},"excerpt":{"rendered":"<p>Diese farbenfrohe und hochwertige Kochkombination wird Ihre kleinen K\u00f6che begeistern und sie dazu inspirieren, ihre kulinarischen F\u00e4higkeiten zu entfalten.<\/p>\n","protected":false},"featured_media":18625,"comment_status":"closed","ping_status":"open","template":"","meta":[],"product_brand":[],"product_cat":[475],"product_tag":[],"class_list":{"0":"post-18624","1":"product","2":"type-product","3":"status-publish","4":"has-post-thumbnail","6":"product_cat-kinderkuechen","8":"first","9":"instock","10":"shipping-taxable","11":"purchasable","12":"product-type-simple"},"_links":{"self":[{"href":"https:\/\/9play.de\/shop\/wp-json\/wp\/v2\/product\/18624","targetHints":{"allow":["GET"]}}],"collection":[{"href":"https:\/\/9play.de\/shop\/wp-json\/wp\/v2\/product"}],"about":[{"href":"https:\/\/9play.de\/shop\/wp-json\/wp\/v2\/types\/product"}],"replies":[{"embeddable":true,"href":"https:\/\/9play.de\/shop\/wp-json\/wp\/v2\/comments?post=18624"}],"wp:featuredmedia":[{"embeddable":true,"href":"https:\/\/9play.de\/shop\/wp-json\/wp\/v2\/media\/18625"}],"wp:attachment":[{"href":"https:\/\/9play.de\/shop\/wp-json\/wp\/v2\/media?parent=18624"}],"wp:term":[{"taxonomy":"product_brand","embeddable":true,"href":"https:\/\/9play.de\/shop\/wp-json\/wp\/v2\/product_brand?post=18624"},{"taxonomy":"product_cat","embeddable":true,"href":"https:\/\/9play.de\/shop\/wp-json\/wp\/v2\/product_cat?post=18624"},{"taxonomy":"product_tag","embeddable":true,"href":"https:\/\/9play.de\/shop\/wp-json\/wp\/v2\/product_tag?post=18624"}],"curies":[{"name":"wp","href":"https:\/\/api.w.org\/{rel}","templated":true}]}}